{"id":25,"date":"2025-02-03T11:22:22","date_gmt":"2025-02-03T15:22:22","guid":{"rendered":"https:\/\/education-se.ca\/nbcalp\/?page_id=25"},"modified":"2025-02-07T15:12:24","modified_gmt":"2025-02-07T19:12:24","slug":"home","status":"publish","type":"page","link":"https:\/\/education-se.ca\/nbcalp\/fr\/","title":{"rendered":"Accueil"},"content":{"rendered":"<h3 class=\"wp-block-heading\">PCAA NB - Programmes communautaires d'apprentissage pour adultes du Nouveau-Brunswick<\/h3>\n\n\n\n<p>Les programmes communautaires d'apprentissage pour adultes (PCAA) du Nouveau-Brunswick offrent des services gratuits d'apprentissage pour adultes pour les r\u00e9sidents du Nouveau-Brunswick \u00e2g\u00e9s de 18 ans ou plus. <\/p>\n\n\n\n<p>Les adultes du Nouveau-Brunswick peuvent obtenir de l'aide pour acqu\u00e9rir des comp\u00e9tences en informatique et se pr\u00e9parer aux examens d'\u00e9quivalence d'\u00e9tudes secondaires du Certificat canadien d'\u00e9ducation des adultes (CC\u00c9A) gr\u00e2ce \u00e0 leur PCAA local.<\/p>\n\n\n\n<div style=\"height:3px\" aria-hidden=\"true\" class=\"wp-block-spacer\"><\/div>\n\n\n\n<h4 class=\"wp-block-heading has-text-align-center has-orange-color has-text-color has-link-color wp-elements-3439f9ae734b79bca09988deede670d7\"><strong>Peu importe vos objectifs d'apprentissage, nous sommes ici pour vous aider \u00e0 r\u00e9ussir !<\/strong>!<\/h4>\n\n\n\n<figure class=\"wp-block-gallery has-nested-images columns-default is-cropped wp-block-gallery-1 is-layout-flex wp-block-gallery-is-layout-flex\">\n<figure class=\"wp-block-image size-large\"><img loading=\"lazy\" decoding=\"async\" width=\"350\" height=\"400\" data-id=\"94\" src=\"https:\/\/education-se.ca\/nbcalp\/wp-content\/uploads\/2025\/02\/1.png\" alt=\"\" class=\"wp-image-94\" srcset=\"https:\/\/education-se.ca\/nbcalp\/wp-content\/uploads\/2025\/02\/1.png 350w, https:\/\/education-se.ca\/nbcalp\/wp-content\/uploads\/2025\/02\/1-263x300.png 263w\" sizes=\"auto, (max-width: 350px) 100vw, 350px\" \/><\/figure>\n\n\n\n<figure class=\"wp-block-image size-large\"><img loading=\"lazy\" decoding=\"async\" width=\"350\" height=\"400\" data-id=\"93\" src=\"https:\/\/education-se.ca\/nbcalp\/wp-content\/uploads\/2025\/02\/2.png\" alt=\"\" class=\"wp-image-93\" srcset=\"https:\/\/education-se.ca\/nbcalp\/wp-content\/uploads\/2025\/02\/2.png 350w, https:\/\/education-se.ca\/nbcalp\/wp-content\/uploads\/2025\/02\/2-263x300.png 263w\" sizes=\"auto, (max-width: 350px) 100vw, 350px\" \/><\/figure>\n\n\n\n<figure class=\"wp-block-image size-large\"><img loading=\"lazy\" decoding=\"async\" width=\"350\" height=\"400\" data-id=\"95\" src=\"https:\/\/education-se.ca\/nbcalp\/wp-content\/uploads\/2025\/02\/3.png\" alt=\"\" class=\"wp-image-95\" srcset=\"https:\/\/education-se.ca\/nbcalp\/wp-content\/uploads\/2025\/02\/3.png 350w, https:\/\/education-se.ca\/nbcalp\/wp-content\/uploads\/2025\/02\/3-263x300.png 263w\" sizes=\"auto, (max-width: 350px) 100vw, 350px\" \/><\/figure>\n<\/figure>\n\n\n\n<p><\/p>\n\n\n\n<p><\/p>","protected":false},"excerpt":{"rendered":"<p>NB CALP &#8211; New Brunswick Community Adult Learning Programs Community [&hellip;]<\/p>","protected":false},"author":1,"featured_media":0,"parent":0,"menu_order":1,"comment_status":"closed","ping_status":"closed","template":"","meta":{"footnotes":""},"class_list":["post-25","page","type-page","status-publish","hentry"],"_links":{"self":[{"href":"https:\/\/education-se.ca\/nbcalp\/fr\/wp-json\/wp\/v2\/pages\/25","targetHints":{"allow":["GET"]}}],"collection":[{"href":"https:\/\/education-se.ca\/nbcalp\/fr\/wp-json\/wp\/v2\/pages"}],"about":[{"href":"https:\/\/education-se.ca\/nbcalp\/fr\/wp-json\/wp\/v2\/types\/page"}],"author":[{"embeddable":true,"href":"https:\/\/education-se.ca\/nbcalp\/fr\/wp-json\/wp\/v2\/users\/1"}],"replies":[{"embeddable":true,"href":"https:\/\/education-se.ca\/nbcalp\/fr\/wp-json\/wp\/v2\/comments?post=25"}],"version-history":[{"count":18,"href":"https:\/\/education-se.ca\/nbcalp\/fr\/wp-json\/wp\/v2\/pages\/25\/revisions"}],"predecessor-version":[{"id":131,"href":"https:\/\/education-se.ca\/nbcalp\/fr\/wp-json\/wp\/v2\/pages\/25\/revisions\/131"}],"wp:attachment":[{"href":"https:\/\/education-se.ca\/nbcalp\/fr\/wp-json\/wp\/v2\/media?parent=25"}],"curies":[{"name":"wp","href":"https:\/\/api.w.org\/{rel}","templated":true}]}}