{"id":23,"date":"2025-02-03T11:21:33","date_gmt":"2025-02-03T15:21:33","guid":{"rendered":"https:\/\/education-se.ca\/nbcalp\/?page_id=23"},"modified":"2025-02-07T15:07:39","modified_gmt":"2025-02-07T19:07:39","slug":"caec-testing","status":"publish","type":"page","link":"https:\/\/education-se.ca\/nbcalp\/fr\/caec-testing\/","title":{"rendered":"Examens du CC\u00c9A"},"content":{"rendered":"<h3 class=\"wp-block-heading\">APER\u00c7U<\/h3>\n\n\n\n<p><em>En mai 2024, le Certificat canadien d'\u00e9ducation des adultes (CC\u00c9A) a remplac\u00e9 le programme d'\u00e9quivalence d'\u00e9tudes secondaires GED au Canada. Le CC\u00c9A peut \u00e9galement \u00eatre utilis\u00e9 pour valider un dipl\u00f4me d'\u00e9tudes secondaires existant ou pour valider des comp\u00e9tences en vue d'un enseignement postsecondaire.<\/em><\/p>\n\n\n\n<p>Le Certificat canadien d'\u00e9ducation des adultes est une s\u00e9rie de cinq examens (math\u00e9matiques, lecture, \u00e9criture, \u00e9tudes sociales et sciences). Les examens du CC\u00c9A sont disponibles dans les deux langues officielles (fran\u00e7ais et anglais) et les personnes qui r\u00e9ussissent les examens obtiennent un dipl\u00f4me d'\u00e9quivalence d'\u00e9tudes secondaires du Nouveau-Brunswick.<\/p>\n\n\n\n<h4 class=\"wp-block-heading has-black-color has-text-color has-link-color wp-elements-57260737b25f14f67f56452534441fcd\"><strong>En savoir plus sur le CC\u00c9A<\/strong><\/h4>\n\n\n\n<p class=\"has-text-align-left\"><a href=\"https:\/\/www.alberta.ca\/fr\/canadian-adult-education-credential\" target=\"_blank\" rel=\"noreferrer noopener\">Site web du CC\u00c9A f\u00e9d\u00e9ral<\/a>   \u2022   <a href=\"https:\/\/www2.gnb.ca\/content\/gnb\/fr\/services\/services_renderer.201580.Certificat_canadien_d_ducation_des_adultes_(CCEA).html\" target=\"_blank\" rel=\"noreferrer noopener\">Site web du CC\u00c9A NB<\/a><\/p>\n\n\n\n<figure class=\"wp-block-image size-medium\"><img loading=\"lazy\" decoding=\"async\" width=\"300\" height=\"56\" src=\"https:\/\/education-se.ca\/nbcalp\/wp-content\/uploads\/2025\/02\/caec-logo-full-blue-300x56.png\" alt=\"\" class=\"wp-image-120\" srcset=\"https:\/\/education-se.ca\/nbcalp\/wp-content\/uploads\/2025\/02\/caec-logo-full-blue-300x56.png 300w, https:\/\/education-se.ca\/nbcalp\/wp-content\/uploads\/2025\/02\/caec-logo-full-blue.png 750w\" sizes=\"auto, (max-width: 300px) 100vw, 300px\" \/><\/figure>\n\n\n\n<p><\/p>\n\n\n\n<hr class=\"wp-block-separator has-alpha-channel-opacity is-style-wide\"\/>\n\n\n\n<h3 class=\"wp-block-heading\">\u00c9LIGIBILIT\u00c9<\/h3>\n\n\n\n<p>Les personnes doivent avoir satisfait aux crit\u00e8res suivants pour pouvoir se pr\u00e9senter aux examens du CC\u00c9A et obtenir un dipl\u00f4me d'\u00e9quivalence d'\u00e9tudes secondaires du Nouveau-Brunswick :<\/p>\n\n\n\n<ul class=\"wp-block-list\">\n<li>18 ans ou plus (<em>ou 17 ans s'il s'agit d'un enseignement \u00e0 la maison ; une autorisation est n\u00e9cessaire.<\/em>)<\/li>\n\n\n\n<li>Doit \u00eatre r\u00e9sident du Nouveau-Brunswick<\/li>\n<\/ul>\n\n\n\n<p><\/p>\n\n\n\n<hr class=\"wp-block-separator has-alpha-channel-opacity is-style-wide\"\/>\n\n\n\n<p><\/p>\n\n\n\n<h3 class=\"wp-block-heading\">SE PR\u00c9PARER POUR LES EXAMENS DU CC\u00c9A<\/h3>\n\n\n\n<p>Le Nouveau-Brunswick offre \u00e0 ses r\u00e9sidents des services gratuits en personne et en ligne pour les aider \u00e0 se pr\u00e9parer aux examens du Certificat canadien d\u2019\u00e9ducation aux adultes (CC\u00c9A). Ces programmes offrent un soutien individualis\u00e9 pour pr\u00e9parer les apprenants adultes (\u00e2g\u00e9s de 18 ans et plus) \u00e0 se pr\u00e9senter aux examens du CC\u00c9A. <\/p>\n\n\n\n<p>Que vous pr\u00e9f\u00e9riez apprendre dans une salle de classe ou dans le confort de votre maison, il existe des options qui s'adaptent \u00e0 votre emploi du temps et \u00e0 votre style d'apprentissage.<\/p>\n\n\n\n<p>Les personnes qui souhaitent b\u00e9n\u00e9ficier d'une aide pour se pr\u00e9parer \u00e0 passer les examens du CC\u00c9A doivent contacter leur <a href=\"https:\/\/education-se.ca\/nbcalp\/fr\/contact\/\" data-type=\"page\" data-id=\"11\">Programme communautaire d'apprentissage pour adultes (PCAA)<\/a>. <\/p>\n\n\n\n<p><\/p>\n\n\n\n<hr class=\"wp-block-separator has-alpha-channel-opacity is-style-wide\"\/>\n\n\n\n<h3 class=\"wp-block-heading\">RECONNAISSANCE DES ACQUIS (RA)<\/h3>\n\n\n\n<p>Certaines r\u00e9alisations \u00e9ducatives que les personnes peuvent avoir d\u00e9j\u00e0 accomplies avant de se pr\u00e9senter aux examens du CC\u00c9A peuvent \u00eatre reconnues par le programme de RA (reconnaissance des acquis). Les personnes qui r\u00e9pondent aux crit\u00e8res suivants peuvent b\u00e9n\u00e9ficier d'une ou plusieurs exemptions d'examen du CC\u00c9A :<\/p>\n\n\n\n<ul class=\"wp-block-list\">\n<li>Personnes ayant pass\u00e9 un ou plusieurs examens GED* (s\u00e9rie 2002)<\/li>\n\n\n\n<li>Les personnes qui ont termin\u00e9 la dixi\u00e8me ann\u00e9e ou plus dans un \u00e9tablissement d'enseignement secondaire canadien.<\/li>\n<\/ul>\n\n\n\n<p>*Les examens GED r\u00e9ussis (s\u00e9rie 2002) peuvent \u00eatre pris en compte pour l'obtention du CC\u00c9A. Cette mesure temporaire introduite par notre gouvernement pour faciliter la transition du GED au CC\u00c9A est disponible jusqu'en mai 2027. <\/p>\n\n\n\n<p>Pour plus d'informations sur le programme de reconnaissance des acquis, veuillez contacter le <a href=\"https:\/\/www2.gnb.ca\/content\/gnb\/fr\/services\/services_renderer.201580.Certificat_canadien_d_ducation_des_adultes_(CCEA).html\" target=\"_blank\" rel=\"noreferrer noopener\">Province du Nouveau-Brunswick<\/a> ou votre <a href=\"https:\/\/education-se.ca\/nbcalp\/fr\/contact\/\" data-type=\"page\" data-id=\"11\">PCAA<\/a>. <\/p>\n\n\n\n<h3 class=\"wp-block-heading\">EXAMENS PRATIQUES<\/h3>\n\n\n\n<p>Les examens pratiques officiels du CC\u00c9A sont disponibles en ligne pour chacune des cinq mati\u00e8res. Les examens pratiques sont pr\u00e9sent\u00e9s dans les deux langues officielles et dans le m\u00eame format que les examens officiels dans les centres d'examen. Cela permet aux candidats de se familiariser avec les logiciels utilis\u00e9s dans les centres de test. <\/p>\n\n\n\n<p>Les examens pratiques de math\u00e9matiques, de lecture, de sciences et d'\u00e9tudes sociales fourniront \u00e0 l'individu une explication d\u00e9taill\u00e9e de son r\u00e9sultat \u00e0 la fin de l'examen. L'examen pratique d'\u00e9criture ne donne pas de r\u00e9sultat, mais il montre clairement le type de t\u00e2ches d'\u00e9criture qui peuvent \u00eatre pr\u00e9sent\u00e9es \u00e0 l'individu lors de l'examen officiel. <\/p>\n\n\n\n<p>Acc\u00e9der aux examens pratiques du CC\u00c9A :   <a href=\"https:\/\/caec.vretta.com\/#\/en\/candidate-public-practice\" target=\"_blank\" rel=\"noreferrer noopener\">caec.vretta.com<\/a><\/p>\n\n\n\n<p><\/p>\n\n\n\n<hr class=\"wp-block-separator has-alpha-channel-opacity is-style-wide\"\/>\n\n\n\n<p><\/p>\n\n\n\n<h2 class=\"wp-block-heading\">CENTRES DE TEST DU CC\u00c9A<\/h2>\n\n\n\n<p>Les personnes \u00e9ligibles qui souhaitent se pr\u00e9senter aux examens du CC\u00c9A doivent contacter le centre de test du CC\u00c9A de leur r\u00e9gion pour obtenir plus d'informations. <\/p>\n\n\n\n<figure class=\"wp-block-table is-style-stripes has-regular-font-size\"><table><thead><tr><th>R\u00c9GION<\/th><th>CENTRE DE TEST<\/th><\/tr><\/thead><tbody><tr><td><strong>CAMPBELLTON<\/strong><\/td><td><strong>Testing CC\u00c9A du Restigouche-Chaleur CAEC Testing<\/strong><br>(506) 759-6628  \u2022  <a href=\"https:\/\/en.aacal.info\/\" data-type=\"link\" data-id=\"https:\/\/en.aacal.info\/\" target=\"_blank\" rel=\"noreferrer noopener\">en.aacal.info<\/a><\/td><\/tr><tr><td><strong>EDMUNDSTON<\/strong><\/td><td><strong>Testing CC\u00c9A du Nord-Ouest \/ Northwest CAEC Testing<\/strong><br>(506) 735-2263  \u2022  <a href=\"https:\/\/www.facebook.com\/educationadultes\" target=\"_blank\" rel=\"noreferrer noopener\">facebook.com\/educationadultes<\/a><\/td><\/tr><tr><td><strong>FREDERICTON<\/strong><\/td><td><strong>Central Valley Adult Learning Association CAEC Testing<\/strong><br>(506) 429-5634  \u2022  <a href=\"https:\/\/www.cvala.ca\/\" target=\"_blank\" rel=\"noreferrer noopener\">cvala.ca<\/a><\/td><\/tr><tr><td><strong>GRAND FALLS<\/strong><\/td><td><strong>Testing CC\u00c9A du Nord-Ouest \/ Northwest CAEC Testing<\/strong><br>(506) 473-7572  \u2022  <a href=\"https:\/\/www.facebook.com\/educationadultes\" target=\"_blank\" rel=\"noreferrer noopener\">facebook.com\/educationadultes<\/a><\/td><\/tr><tr><td><strong>MIRAMICHI<\/strong><\/td><td><strong>Miramichi-Kent CAEC Testing \/ Testing CC\u00c9A<\/strong><br>(506) 626-3535  \u2022  <a href=\"https:\/\/miramichiadultlearning.com\/\">MiramichiAdultLearning.com<\/a><\/td><\/tr><tr><td><strong>MONCTON<\/strong><\/td><td><strong>SEAE-EASE Testing Centre \/ Centre de Test<\/strong><br>(506) 857-9912  \u2022  <a href=\"http:\/\/education-se.ca\/nbcalp\/fr\/\" target=\"_blank\" rel=\"noreferrer noopener\">education-se.ca<\/a><\/td><\/tr><tr><td><strong>OROMOCTO<\/strong><\/td><td><strong>Central Valley Adult Learning Association CAEC Testing<\/strong><br>(506) 429-5634  \u2022  <a href=\"https:\/\/www.cvala.ca\/\" target=\"_blank\" rel=\"noreferrer noopener\">cvala.ca<\/a><\/td><\/tr><tr><td><strong>PLASTER ROCK<\/strong><\/td><td><strong>Central Valley Adult Learning Association CAEC Testing<\/strong><br>(506) 429-5634  \u2022  <a href=\"https:\/\/www.cvala.ca\/\" target=\"_blank\" rel=\"noreferrer noopener\">cvala.ca<\/a><\/td><\/tr><tr><td><strong>SAINT JOHN<\/strong><\/td><td><strong>Saint John Kings Adult Learning CAEC Testing Centre\/Centre de Testing CC\u00c9A<\/strong><br>(506) 343-0366  \u2022  <a href=\"https:\/\/sjkingsadultlearning.ca\/index.html\" target=\"_blank\" rel=\"noreferrer noopener\">SJKingsAdultLearning.ca<\/a><\/td><\/tr><tr><td><strong>SHIPPAGAN<\/strong><\/td><td><strong>Testing CC\u00c9A de la P\u00e9ninsule acadienne \/ Acadian Peninsula CAEC Testing<\/strong><br>(506) 393-9739  \u2022  <a href=\"http:\/\/facebook.com\/ApprentissageadultesPeninsule\" target=\"_blank\" rel=\"noreferrer noopener\">facebook.com\/ApprentissageadultesPeninsule<\/a><\/td><\/tr><tr><td><strong>WOODSTOCK<\/strong><\/td><td><strong>Central Valley Adult Learning Association CAEC Testing<\/strong><br>(506) 429-5634  \u2022  <a href=\"https:\/\/www.cvala.ca\/\" target=\"_blank\" rel=\"noreferrer noopener\">cvala.ca<\/a><\/td><\/tr><\/tbody><\/table><\/figure>\n\n\n\n<p><\/p>","protected":false},"excerpt":{"rendered":"<p>OVERVIEW In May of 2024, the Canadian Adult Education Credential [&hellip;]<\/p>","protected":false},"author":1,"featured_media":0,"parent":0,"menu_order":3,"comment_status":"closed","ping_status":"closed","template":"","meta":{"footnotes":""},"class_list":["post-23","page","type-page","status-publish","hentry"],"_links":{"self":[{"href":"https:\/\/education-se.ca\/nbcalp\/fr\/wp-json\/wp\/v2\/pages\/23","targetHints":{"allow":["GET"]}}],"collection":[{"href":"https:\/\/education-se.ca\/nbcalp\/fr\/wp-json\/wp\/v2\/pages"}],"about":[{"href":"https:\/\/education-se.ca\/nbcalp\/fr\/wp-json\/wp\/v2\/types\/page"}],"author":[{"embeddable":true,"href":"https:\/\/education-se.ca\/nbcalp\/fr\/wp-json\/wp\/v2\/users\/1"}],"replies":[{"embeddable":true,"href":"https:\/\/education-se.ca\/nbcalp\/fr\/wp-json\/wp\/v2\/comments?post=23"}],"version-history":[{"count":11,"href":"https:\/\/education-se.ca\/nbcalp\/fr\/wp-json\/wp\/v2\/pages\/23\/revisions"}],"predecessor-version":[{"id":127,"href":"https:\/\/education-se.ca\/nbcalp\/fr\/wp-json\/wp\/v2\/pages\/23\/revisions\/127"}],"wp:attachment":[{"href":"https:\/\/education-se.ca\/nbcalp\/fr\/wp-json\/wp\/v2\/media?parent=23"}],"curies":[{"name":"wp","href":"https:\/\/api.w.org\/{rel}","templated":true}]}}