{"id":21,"date":"2025-02-03T11:20:24","date_gmt":"2025-02-03T15:20:24","guid":{"rendered":"https:\/\/education-se.ca\/nbcalp\/?page_id=21"},"modified":"2025-02-05T15:01:51","modified_gmt":"2025-02-05T19:01:51","slug":"digital-literacy","status":"publish","type":"page","link":"https:\/\/education-se.ca\/nbcalp\/fr\/digital-literacy\/","title":{"rendered":"Formation en informatique"},"content":{"rendered":"<p>Aujourd'hui, les connaissances en informatique est plus importante que jamais. Les comp\u00e9tences informatiques de base sont essentielles pour les t\u00e2ches quotidiennes telles que postuler \u00e0 un emploi, g\u00e9rer des finances et rester en contact avec la famille et les amis. Qu'il s'agisse d'envoyer un courriel, d'utiliser un traitement de texte ou de naviguer en toute s\u00e9curit\u00e9 sur l'internet. Savoir naviguer dans la technologie peut ouvrir la voie \u00e0 de nouvelles opportunit\u00e9s. <\/p>\n\n\n\n<figure class=\"wp-block-image alignwide size-full\"><img loading=\"lazy\" decoding=\"async\" width=\"920\" height=\"200\" src=\"https:\/\/education-se.ca\/nbcalp\/wp-content\/uploads\/2025\/02\/Untitled-design-3-1.png\" alt=\"\" class=\"wp-image-117\" srcset=\"https:\/\/education-se.ca\/nbcalp\/wp-content\/uploads\/2025\/02\/Untitled-design-3-1.png 920w, https:\/\/education-se.ca\/nbcalp\/wp-content\/uploads\/2025\/02\/Untitled-design-3-1-300x65.png 300w, https:\/\/education-se.ca\/nbcalp\/wp-content\/uploads\/2025\/02\/Untitled-design-3-1-768x167.png 768w\" sizes=\"auto, (max-width: 920px) 100vw, 920px\" \/><\/figure>\n\n\n\n<p>Les programmes de formation en informatique peuvent vous aider \u00e0 acqu\u00e9rir les comp\u00e9tences informatiques essentielles dont vous avez besoin pour le march\u00e9 du travail moderne. De nombreux emplois demandent aujourd'hui une connaissance de base de la technologie, y compris l'utilisation du courriel, du traitement de texte, des feuilles de calcul et des outils de communication en ligne. En am\u00e9liorant vos comp\u00e9tences informatiques, vous pouvez am\u00e9liorer votre employabilit\u00e9, travailler plus efficacement et vous adapter aux demandes croissantes du march\u00e9 du travail. Que vous soyez \u00e0 la recherche d'un nouvel emploi, que vous visiez une promotion ou que vous retourniez sur le march\u00e9 du travail, la formation en informatique peut vous donner la confiance et les comp\u00e9tences n\u00e9cessaires pour r\u00e9ussir.<\/p>\n\n\n\n<p>Les personnes qui souhaitent en savoir plus sur les possibilit\u00e9s de formation gratuite en informatique sont invit\u00e9es \u00e0 contacter leur <a href=\"https:\/\/education-se.ca\/nbcalp\/fr\/contact\/\" data-type=\"page\" data-id=\"11\">Programme communautaire d'apprentissage pour adultes (PCAA)<\/a>. <\/p>\n\n\n\n<p><\/p>","protected":false},"excerpt":{"rendered":"<p>In today\u2019s world, digital literacy is more important than ever. [&hellip;]<\/p>","protected":false},"author":1,"featured_media":0,"parent":0,"menu_order":4,"comment_status":"closed","ping_status":"closed","template":"","meta":{"footnotes":""},"class_list":["post-21","page","type-page","status-publish","hentry"],"_links":{"self":[{"href":"https:\/\/education-se.ca\/nbcalp\/fr\/wp-json\/wp\/v2\/pages\/21","targetHints":{"allow":["GET"]}}],"collection":[{"href":"https:\/\/education-se.ca\/nbcalp\/fr\/wp-json\/wp\/v2\/pages"}],"about":[{"href":"https:\/\/education-se.ca\/nbcalp\/fr\/wp-json\/wp\/v2\/types\/page"}],"author":[{"embeddable":true,"href":"https:\/\/education-se.ca\/nbcalp\/fr\/wp-json\/wp\/v2\/users\/1"}],"replies":[{"embeddable":true,"href":"https:\/\/education-se.ca\/nbcalp\/fr\/wp-json\/wp\/v2\/comments?post=21"}],"version-history":[{"count":4,"href":"https:\/\/education-se.ca\/nbcalp\/fr\/wp-json\/wp\/v2\/pages\/21\/revisions"}],"predecessor-version":[{"id":119,"href":"https:\/\/education-se.ca\/nbcalp\/fr\/wp-json\/wp\/v2\/pages\/21\/revisions\/119"}],"wp:attachment":[{"href":"https:\/\/education-se.ca\/nbcalp\/fr\/wp-json\/wp\/v2\/media?parent=21"}],"curies":[{"name":"wp","href":"https:\/\/api.w.org\/{rel}","templated":true}]}}