{"id":11,"date":"2025-01-07T13:34:50","date_gmt":"2025-01-07T17:34:50","guid":{"rendered":"https:\/\/education-se.ca\/nbcalp\/?page_id=11"},"modified":"2025-02-10T12:36:06","modified_gmt":"2025-02-10T16:36:06","slug":"contact","status":"publish","type":"page","link":"https:\/\/education-se.ca\/nbcalp\/fr\/contact\/","title":{"rendered":"Sites des PCAA"},"content":{"rendered":"<h3 class=\"wp-block-heading has-text-align-center\">PROGRAMMES COMMUNAUTAIRES D'APPRENTISSAGE POUR ADULTES DU NOUVEAU-BRUNSWICK<\/h3>\n\n\n\n<p>Les programmes communautaires d'apprentissage pour adultes (PCAA) du Nouveau-Brunswick permettent aux adultes (\u00e2g\u00e9s de 18 ans et plus) d'acc\u00e9der \u00e0 des formations gratuites dans leur propre communaut\u00e9, contribuant ainsi \u00e0 am\u00e9liorer le niveau scolaire dans toute la province.<\/p>\n\n\n\n<p>Ouvertes aux apprenants de 18 ans et plus, les salles de classe communautaires pour adultes offrent des possibilit\u00e9s d'apprentissage flexibles et gratuites. <\/p>\n\n\n\n<figure class=\"wp-block-image alignwide size-full\"><img loading=\"lazy\" decoding=\"async\" width=\"920\" height=\"200\" src=\"https:\/\/education-se.ca\/nbcalp\/wp-content\/uploads\/2025\/02\/Untitled-design-3.png\" alt=\"\" class=\"wp-image-106\" srcset=\"https:\/\/education-se.ca\/nbcalp\/wp-content\/uploads\/2025\/02\/Untitled-design-3.png 920w, https:\/\/education-se.ca\/nbcalp\/wp-content\/uploads\/2025\/02\/Untitled-design-3-300x65.png 300w, https:\/\/education-se.ca\/nbcalp\/wp-content\/uploads\/2025\/02\/Untitled-design-3-768x167.png 768w\" sizes=\"auto, (max-width: 920px) 100vw, 920px\" \/><\/figure>\n\n\n\n<p><strong>Votre PCAA local peut vous aider \u00e0... <\/strong><\/p>\n\n\n\n<ul class=\"wp-block-list\">\n<li>Am\u00e9liorer les comp\u00e9tences en informatique<\/li>\n\n\n\n<li>Se pr\u00e9parer \u00e0 passer les examens d'\u00e9quivalence de l'enseignement secondaire du CC\u00c9A (<em>Lecture, \u00e9criture, math\u00e9matiques, sciences et \u00e9tudes sociales<\/em>.)<\/li>\n<\/ul>\n\n\n\n<p><\/p>\n\n\n\n<blockquote class=\"wp-block-quote is-layout-flow wp-block-quote-is-layout-flow\">\n<p class=\"has-yellow-background-color has-background\"><strong>Pour en savoir plus sur les programmes d'apprentissage pour adultes du Nouveau-Brunswick ou pour vous inscrire \u00e0 un programme, veuillez contacter votre PCAA local.<\/strong><\/p>\n<\/blockquote>\n\n\n\n<p><\/p>\n\n\n\n<hr class=\"wp-block-separator has-alpha-channel-opacity is-style-wide\"\/>\n\n\n\n<p><\/p>\n\n\n\n<h2 class=\"wp-block-heading\">SITES DES PCAA DU NB<\/h2>\n\n\n\n<p><\/p>\n\n\n\n<h4 class=\"wp-block-heading has-orange-color has-text-color has-link-color wp-elements-87a5bd8f10f3bb726713ea6a97c040eb\"><strong>Bathurst<\/strong><\/h4>\n\n\n\n<p><strong><span style=\"text-decoration: underline;\">APPRENTISSAGE DES ADULTES CHALEUR<\/span><\/strong><br><strong>T\u00e9l\u00e9phone :<\/strong> (506) 545-0078<br><strong>Site web :<\/strong> <a href=\"http:\/\/en.aacal.info\" data-type=\"link\" data-id=\"en.aacal.info\" target=\"_blank\" rel=\"noreferrer noopener\">en.aacal.info<\/a><\/p>\n\n\n\n<p class=\"has-black-color has-text-color has-link-color wp-elements-d422be128873bc7c9628d227d2d2c1b9\">\u2022   \u2022   \u2022   \u2022   \u2022   \u2022   \u2022   \u2022   \u2022   \u2022   \u2022   \u2022   \u2022   \u2022   \u2022   \u2022   \u2022   \u2022   \u2022   \u2022   \u2022   \u2022   \u2022   \u2022   \u2022   \u2022   \u2022   \u2022   \u2022   \u2022   \u2022   \u2022   \u2022   \u2022   \u2022<\/p>\n\n\n\n<h4 class=\"wp-block-heading has-orange-color has-text-color has-link-color wp-elements-cc370821159b5c611867c3d9523b1828\"><strong>Campbellton   |   Eel River Bar   |   St-Quentin<\/strong><\/h4>\n\n\n\n<p><strong><span style=\"text-decoration: underline;\">APPRENTISSAGE DES ADULTES RESTIGOUCHE<\/span><\/strong><br><strong>T\u00e9l\u00e9phone :<\/strong> (506) 753-7108<br><strong>Site web :<\/strong> <a href=\"http:\/\/aaral.ca\" data-type=\"link\" data-id=\"aaral.ca\" target=\"_blank\" rel=\"noreferrer noopener\">aaral.ca<\/a><\/p>\n\n\n\n<p class=\"has-black-color has-text-color has-link-color wp-elements-d422be128873bc7c9628d227d2d2c1b9\">\u2022   \u2022   \u2022   \u2022   \u2022   \u2022   \u2022   \u2022   \u2022   \u2022   \u2022   \u2022   \u2022   \u2022   \u2022   \u2022   \u2022   \u2022   \u2022   \u2022   \u2022   \u2022   \u2022   \u2022   \u2022   \u2022   \u2022   \u2022   \u2022   \u2022   \u2022   \u2022   \u2022   \u2022   \u2022<\/p>\n\n\n\n<h4 class=\"wp-block-heading has-orange-color has-text-color has-link-color wp-elements-d5ac22f5b9a2d7d0e84b6c68642c2ef0\"><strong>Caraquet   |   Tracadie   |   Shippagan<\/strong><\/h4>\n\n\n\n<p><strong><span style=\"text-decoration: underline;\">APPRENTISSAGE POUR ADULTES DE LA P\u00c9NINSULE ACADIENNE<\/span><\/strong><br><strong>T\u00e9l\u00e9phone :<\/strong> (506) 393-7393<br><strong>Site web :<\/strong> <a href=\"https:\/\/www.facebook.com\/ApprentissageadultesPeninsule\/\">facebook.com\/<\/a><a href=\"https:\/\/www.facebook.com\/ApprentissageadultesPeninsule\/\" target=\"_blank\" rel=\"noreferrer noopener\">ApprentissageadultesPeninsule<\/a><\/p>\n\n\n\n<p class=\"has-black-color has-text-color has-link-color wp-elements-d422be128873bc7c9628d227d2d2c1b9\">\u2022   \u2022   \u2022   \u2022   \u2022   \u2022   \u2022   \u2022   \u2022   \u2022   \u2022   \u2022   \u2022   \u2022   \u2022   \u2022   \u2022   \u2022   \u2022   \u2022   \u2022   \u2022   \u2022   \u2022   \u2022   \u2022   \u2022   \u2022   \u2022   \u2022   \u2022   \u2022   \u2022   \u2022   \u2022<\/p>\n\n\n\n<h4 class=\"wp-block-heading has-orange-color has-text-color has-link-color wp-elements-e65c7a4c5203e9c553fc144ebeb673d2\"><strong>Edmundston   |   Grand Falls<\/strong><\/h4>\n\n\n\n<p><strong><span style=\"text-decoration: underline;\">\u00c9DUCATION DES ADULTES DU NORD-OUEST<\/span><\/strong><br><strong>T\u00e9l\u00e9phone :<\/strong> (506) 353-1007<br><strong>Site web :<\/strong> <a href=\"https:\/\/www.facebook.com\/educationadultes\/\" target=\"_blank\" rel=\"noreferrer noopener\">facebook.com\/educationadultes<\/a><\/p>\n\n\n\n<p class=\"has-black-color has-text-color has-link-color wp-elements-d422be128873bc7c9628d227d2d2c1b9\">\u2022   \u2022   \u2022   \u2022   \u2022   \u2022   \u2022   \u2022   \u2022   \u2022   \u2022   \u2022   \u2022   \u2022   \u2022   \u2022   \u2022   \u2022   \u2022   \u2022   \u2022   \u2022   \u2022   \u2022   \u2022   \u2022   \u2022   \u2022   \u2022   \u2022   \u2022   \u2022   \u2022   \u2022   \u2022<\/p>\n\n\n\n<h4 class=\"wp-block-heading has-orange-color has-text-color has-link-color wp-elements-cbd13a7d4b7538ac71c4989f0ee14ff8\"><strong>Fredericton<\/strong><\/h4>\n\n\n\n<p><strong><span style=\"text-decoration: underline;\">ASSOCIATION POUR L'EDUCATION DES ADULTES DE LA VALLEE CENTRALE<\/span><\/strong><br><strong>T\u00e9l\u00e9phone :<\/strong> (506) 446-4052<br><strong>Site web :<\/strong> <a href=\"http:\/\/cvala.ca\" data-type=\"link\" data-id=\"cvala.ca\" target=\"_blank\" rel=\"noreferrer noopener\">cvala.ca<\/a><\/p>\n\n\n\n<p class=\"has-black-color has-text-color has-link-color wp-elements-d422be128873bc7c9628d227d2d2c1b9\">\u2022   \u2022   \u2022   \u2022   \u2022   \u2022   \u2022   \u2022   \u2022   \u2022   \u2022   \u2022   \u2022   \u2022   \u2022   \u2022   \u2022   \u2022   \u2022   \u2022   \u2022   \u2022   \u2022   \u2022   \u2022   \u2022   \u2022   \u2022   \u2022   \u2022   \u2022   \u2022   \u2022   \u2022   \u2022<\/p>\n\n\n\n<h4 class=\"wp-block-heading has-orange-color has-text-color has-link-color wp-elements-6163e48661296eacd8cdeb1d16662f8a\"><strong>Miramichi<\/strong><\/h4>\n\n\n\n<p><strong><span style=\"text-decoration: underline;\">APPRENTISSAGE DES ADULTES DE MIRAMICHI<\/span><\/strong><br><strong>T\u00e9l\u00e9phone :<\/strong> (506) 778-6998<br><strong>Site web :<\/strong> <a href=\"https:\/\/miramichiadultlearning.com\/\" data-type=\"link\" data-id=\"https:\/\/miramichiadultlearning.com\/\" target=\"_blank\" rel=\"noreferrer noopener\">miramichiadultlearning.com<\/a><\/p>\n\n\n\n<p class=\"has-black-color has-text-color has-link-color wp-elements-d422be128873bc7c9628d227d2d2c1b9\">\u2022   \u2022   \u2022   \u2022   \u2022   \u2022   \u2022   \u2022   \u2022   \u2022   \u2022   \u2022   \u2022   \u2022   \u2022   \u2022   \u2022   \u2022   \u2022   \u2022   \u2022   \u2022   \u2022   \u2022   \u2022   \u2022   \u2022   \u2022   \u2022   \u2022   \u2022   \u2022   \u2022   \u2022   \u2022<\/p>\n\n\n\n<h4 class=\"wp-block-heading has-orange-color has-text-color has-link-color wp-elements-f1ca312928e9fd6394969a2ec5db9c14\"><strong>Moncton<\/strong><\/h4>\n\n\n\n<p><strong><span style=\"text-decoration: underline;\">\u00c9DUCATION DES ADULTES DU SUD-EST<\/span><\/strong><br><strong>T\u00e9l\u00e9phone :<\/strong> (506) 857-9912<br><strong>Site web :<\/strong> <a href=\"http:\/\/education-se.ca\/nbcalp\/fr\/\" data-type=\"link\" data-id=\"education-se.ca\" target=\"_blank\" rel=\"noreferrer noopener\">education-se.ca<\/a><\/p>\n\n\n\n<p class=\"has-black-color has-text-color has-link-color wp-elements-d422be128873bc7c9628d227d2d2c1b9\">\u2022   \u2022   \u2022   \u2022   \u2022   \u2022   \u2022   \u2022   \u2022   \u2022   \u2022   \u2022   \u2022   \u2022   \u2022   \u2022   \u2022   \u2022   \u2022   \u2022   \u2022   \u2022   \u2022   \u2022   \u2022   \u2022   \u2022   \u2022   \u2022   \u2022   \u2022   \u2022   \u2022   \u2022   \u2022<\/p>\n\n\n\n<h4 class=\"wp-block-heading has-orange-color has-text-color has-link-color wp-elements-238aed0e8d3dcdc3bf22f1fa3eec3251\"><strong>Nackawic   |   Plaster Rock<\/strong><\/h4>\n\n\n\n<p><strong><span style=\"text-decoration: underline;\">WESTERN VALLEY ADULT LEARNING<\/span><\/strong><br><strong>T\u00e9l\u00e9phone :<\/strong> (506) 273-6177<br><strong>Site web :<\/strong> <a href=\"http:\/\/wvala.ca\" data-type=\"link\" data-id=\"wvala.ca\" target=\"_blank\" rel=\"noreferrer noopener\">wvala.ca<\/a><\/p>\n\n\n\n<p class=\"has-black-color has-text-color has-link-color wp-elements-d422be128873bc7c9628d227d2d2c1b9\">\u2022   \u2022   \u2022   \u2022   \u2022   \u2022   \u2022   \u2022   \u2022   \u2022   \u2022   \u2022   \u2022   \u2022   \u2022   \u2022   \u2022   \u2022   \u2022   \u2022   \u2022   \u2022   \u2022   \u2022   \u2022   \u2022   \u2022   \u2022   \u2022   \u2022   \u2022   \u2022   \u2022   \u2022   \u2022<\/p>\n\n\n\n<h4 class=\"wp-block-heading has-orange-color has-text-color has-link-color wp-elements-34b137ac28c384f1c6405a9ea4b6e57e\"><strong>Saint John   |   Sussex<\/strong><\/h4>\n\n\n\n<p><strong><span style=\"text-decoration: underline;\">SAINT JOHN KINGS ADULT LEARNING<\/span><\/strong><br><strong>T\u00e9l\u00e9phone :<\/strong> (506) 333-5480<br><strong>Site web :<\/strong> <a href=\"https:\/\/sjkingsadultlearning.ca\/index.html\" data-type=\"link\" data-id=\"https:\/\/sjkingsadultlearning.ca\/index.html\" target=\"_blank\" rel=\"noreferrer noopener\">sjkingsadultlearning.ca<\/a><\/p>\n\n\n\n<p class=\"has-black-color has-text-color has-link-color wp-elements-d422be128873bc7c9628d227d2d2c1b9\">\u2022   \u2022   \u2022   \u2022   \u2022   \u2022   \u2022   \u2022   \u2022   \u2022   \u2022   \u2022   \u2022   \u2022   \u2022   \u2022   \u2022   \u2022   \u2022   \u2022   \u2022   \u2022   \u2022   \u2022   \u2022   \u2022   \u2022   \u2022   \u2022   \u2022   \u2022   \u2022   \u2022   \u2022   \u2022<\/p>\n\n\n\n<h4 class=\"wp-block-heading has-orange-color has-text-color has-link-color wp-elements-9484178737454ef8f1144f37a3f23c88\"><strong>St George   | St   Stephen<\/strong><\/h4>\n\n\n\n<p><strong><span style=\"text-decoration: underline;\">CHARLOTTE COUNTY ADULT LEARNING<\/span><\/strong><br><strong>T\u00e9l\u00e9phone :<\/strong> (506) 755-7713<br><strong>Site web :<\/strong> <a href=\"http:\/\/ccalp.ca\" data-type=\"link\" data-id=\"ccalp.ca\" target=\"_blank\" rel=\"noreferrer noopener\">ccalp.ca<\/a><\/p>\n\n\n\n<p><\/p>","protected":false},"excerpt":{"rendered":"<p>NEW BRUNSWICK COMMUNITY ADULT LEARNING PROGRAMS New Brunswick&#8217;s Community Adult [&hellip;]<\/p>","protected":false},"author":1,"featured_media":0,"parent":0,"menu_order":2,"comment_status":"closed","ping_status":"closed","template":"","meta":{"footnotes":""},"class_list":["post-11","page","type-page","status-publish","hentry"],"_links":{"self":[{"href":"https:\/\/education-se.ca\/nbcalp\/fr\/wp-json\/wp\/v2\/pages\/11","targetHints":{"allow":["GET"]}}],"collection":[{"href":"https:\/\/education-se.ca\/nbcalp\/fr\/wp-json\/wp\/v2\/pages"}],"about":[{"href":"https:\/\/education-se.ca\/nbcalp\/fr\/wp-json\/wp\/v2\/types\/page"}],"author":[{"embeddable":true,"href":"https:\/\/education-se.ca\/nbcalp\/fr\/wp-json\/wp\/v2\/users\/1"}],"replies":[{"embeddable":true,"href":"https:\/\/education-se.ca\/nbcalp\/fr\/wp-json\/wp\/v2\/comments?post=11"}],"version-history":[{"count":43,"href":"https:\/\/education-se.ca\/nbcalp\/fr\/wp-json\/wp\/v2\/pages\/11\/revisions"}],"predecessor-version":[{"id":137,"href":"https:\/\/education-se.ca\/nbcalp\/fr\/wp-json\/wp\/v2\/pages\/11\/revisions\/137"}],"wp:attachment":[{"href":"https:\/\/education-se.ca\/nbcalp\/fr\/wp-json\/wp\/v2\/media?parent=11"}],"curies":[{"name":"wp","href":"https:\/\/api.w.org\/{rel}","templated":true}]}}