{"id":61,"date":"2024-08-17T15:32:42","date_gmt":"2024-08-17T15:32:42","guid":{"rendered":"https:\/\/education-se.ca\/?page_id=61"},"modified":"2025-04-03T13:43:09","modified_gmt":"2025-04-03T13:43:09","slug":"home","status":"publish","type":"page","link":"https:\/\/education-se.ca\/fr\/","title":{"rendered":"Accueil"},"content":{"rendered":"<div id=\"wp-block-themeisle-blocks-advanced-columns-413e717d\" class=\"wp-block-themeisle-blocks-advanced-columns has-1-columns has-desktop-equal-layout has-tablet-equal-layout has-mobile-equal-layout has-vertical-unset\"><div class=\"wp-block-themeisle-blocks-advanced-columns-overlay\"><\/div><div class=\"innerblocks-wrap\">\n<div id=\"wp-block-themeisle-blocks-advanced-column-ac9aba08\" class=\"wp-block-themeisle-blocks-advanced-column\"><\/div>\n<\/div><\/div>\n\n\n\n<p class=\"wp-block-paragraph\"><\/p>\n\n\n\n<div id=\"wp-block-themeisle-blocks-advanced-columns-678cc482\" class=\"wp-block-themeisle-blocks-advanced-columns alignfull has-1-columns has-desktop-equal-layout has-tablet-equal-layout has-mobile-collapsedRows-layout has-reverse-columns-mobile has-vertical-bottom ticss-c00aadba has-light-bg\"><div class=\"wp-block-themeisle-blocks-advanced-columns-overlay\"><\/div><div class=\"innerblocks-wrap\">\n<div id=\"wp-block-themeisle-blocks-advanced-column-4d412c51\" class=\"wp-block-themeisle-blocks-advanced-column\">\n<p class=\"has-text-align-center has-base-2-color has-text-color has-link-color wp-elements-f9458cbf9b8e393af83a457525012315 wp-block-paragraph\"><strong>LE CCEA A REMPLAC\u00c9 LE PROGRAMME GED AU CANADA<\/strong><\/p>\n\n\n\n<p class=\"has-text-align-center has-base-2-color has-text-color has-link-color wp-elements-1ee4458094e1c07130081dc6d3ba2c89 wp-block-paragraph\" style=\"font-size:clamp(0.875rem, 0.875rem + ((1vw - 0.2rem) * 0.042), 0.9rem);\">Le certificat canadien d'\u00e9ducation des adultes (CCEA)a remplac\u00e9 le programme GED en tant qu'\u00e9quivalence d'\u00e9tudes secondaires. <br><strong>Plus d'informations : <\/strong> <a href=\"https:\/\/www.alberta.ca\/canadian-adult-education-credential\" data-type=\"link\" data-id=\"https:\/\/www.alberta.ca\/canadian-adult-education-credential\" target=\"_blank\" rel=\"noreferrer noopener\">CCEA Canada<\/a>  |  <a href=\"https:\/\/www2.gnb.ca\/content\/gnb\/en\/services\/services_renderer.201580.Canadian_Adult_Education_Credential_(CAEC).html\" target=\"_blank\" rel=\"noreferrer noopener\">CCEA Nouveau-Brunswick<\/a>  |  <a href=\"https:\/\/education-se.ca\/fr\/caec-testing\/\" data-type=\"page\" data-id=\"57\">Examens du CCEA<\/a><\/p>\n<\/div>\n<\/div><\/div>\n\n\n\n<div id=\"wp-block-themeisle-blocks-advanced-columns-2c60bc77\" class=\"wp-block-themeisle-blocks-advanced-columns alignfull has-1-columns has-desktop-equal-layout has-tablet-equal-layout has-mobile-collapsedRows-layout has-reverse-columns-mobile has-vertical-center ticss-c00aadba\"><div class=\"wp-block-themeisle-blocks-advanced-columns-overlay\"><\/div><div class=\"innerblocks-wrap\">\n<div id=\"wp-block-themeisle-blocks-advanced-column-75b9263d\" class=\"wp-block-themeisle-blocks-advanced-column\">\n<div style=\"height:100px\" aria-hidden=\"true\" class=\"wp-block-spacer\"><\/div>\n\n\n\n<h1 id=\"wp-block-themeisle-blocks-advanced-heading-5d5675df\" class=\"wp-block-themeisle-blocks-advanced-heading wp-block-themeisle-blocks-advanced-heading-5d5675df\">La porte de<br>votre avenir. <\/h1>\n\n\n\n<p id=\"wp-block-themeisle-blocks-advanced-heading-40ecd43d\" class=\"wp-block-themeisle-blocks-advanced-heading wp-block-themeisle-blocks-advanced-heading-40ecd43d\">Ouvrez les portes d'un avenir plus brillant gr\u00e2ce \u00e0 nos <strong>classes CCEA<\/strong> <br>et autres <strong>programmes d'apprentissage<\/strong> pour adultes. <strong>C'est gratuit !<\/strong><\/p>\n\n\n\n<div class=\"wp-block-buttons is-content-justification-left is-layout-flex wp-container-core-buttons-is-layout-c436662c wp-block-buttons-is-layout-flex\">\n<div class=\"wp-block-button has-custom-width wp-block-button__width-25 is-style-primary\"><a class=\"wp-block-button__link wp-element-button\" href=\"https:\/\/education-se.ca\/fr\/literacy-caec-classes\/\">Plus d'informations<\/a><\/div>\n<\/div>\n\n\n\n<div style=\"height:100px\" aria-hidden=\"true\" class=\"wp-block-spacer\"><\/div>\n<\/div>\n<\/div><\/div>\n\n\n\n<section id=\"wp-block-themeisle-blocks-advanced-columns-546fa8db\" class=\"wp-block-themeisle-blocks-advanced-columns alignfull has-2-columns has-desktop-equal-layout has-tablet-equal-layout has-mobile-collapsedRows-layout has-vertical-flex-start has-light-bg\"><div class=\"wp-block-themeisle-blocks-advanced-columns-overlay\"><\/div><div class=\"innerblocks-wrap\">\n<div id=\"wp-block-themeisle-blocks-advanced-column-a03592cc\" class=\"wp-block-themeisle-blocks-advanced-column\">\n<h2 class=\"wp-block-heading has-text-align-left has-custom-teal-color has-text-color has-link-color wp-elements-b0c0f72f993dff61dbc49ef681d82ef3\"><strong>CE QUE NOUS FAISONS<\/strong><\/h2>\n\n\n\n<p class=\"has-text-align-left has-text-color has-link-color wp-elements-c4cf25cb68d1cb7f07ce2d0fdc4c018c wp-block-paragraph\" style=\"color:#2e3433\">\u00c9ducation des adultes du Sud-Est (\u00c9ASE) offre des cours GRATUITS pour adultes en anglais et en fran\u00e7ais dans le sud-est du Nouveau-Brunswick. Joignez-vous \u00e0 une classe et travaillez avec un enseignant qui vous aidera \u00e0 vous pr\u00e9parer aux examens du CAEC ou \u00e0 am\u00e9liorer vos comp\u00e9tences en lecture, en \u00e9criture, en math\u00e9matiques ou en informatique. Nos cours sont flexibles et conviviaux, alors contactez-nous d\u00e8s aujourd'hui pour commencer !<\/p>\n<\/div>\n\n\n\n<div id=\"wp-block-themeisle-blocks-advanced-column-5b750788\" class=\"wp-block-themeisle-blocks-advanced-column\">\n<h2 class=\"wp-block-heading has-text-align-center has-custom-color-1-color has-text-color has-link-color wp-elements-8bc026a43603e10e752ef4bb7171f78d\"><strong>Les cours sont gratuits<\/strong><\/h2>\n\n\n\n<p class=\"has-text-align-center has-text-color has-link-color wp-elements-b371b3b0a012cffb470602d23225b9e8 wp-block-paragraph\" style=\"color:#2e3433\">\u2022  \u00c9tudier <strong>en classe<\/strong> ou \u00e0 la <strong>maison  <\/strong>\u2022<br>\u2022  \u00c9tudier \u00e0 <strong>temps plein<\/strong> ou le <strong>temps partiel<\/strong>  \u2022<br>\u2022  Commencer \u00e0 <strong>n'importe quel moment<\/strong> de l'ann\u00e9e  \u2022<br>\u2022  Suivre des cours pendant la <strong>journ\u00e9e <\/strong>ou le <strong>le soir <\/strong>\u2022<\/p>\n<\/div>\n<\/div><\/section>\n\n\n\n<div id=\"wp-block-themeisle-blocks-advanced-columns-55b78b58\" class=\"wp-block-themeisle-blocks-advanced-columns alignfull has-3-columns has-desktop-equal-layout has-tablet-equal-layout has-mobile-collapsedRows-layout has-vertical-center ticss-c00aadba\"><div class=\"wp-block-themeisle-blocks-advanced-columns-overlay\"><\/div><div class=\"innerblocks-wrap\">\n<div id=\"wp-block-themeisle-blocks-advanced-column-d16eef57\" class=\"wp-block-themeisle-blocks-advanced-column\">\n<figure class=\"wp-block-image aligncenter size-full\"><img loading=\"lazy\" decoding=\"async\" width=\"720\" height=\"480\" src=\"https:\/\/education-se.ca\/wp-content\/uploads\/2024\/08\/student-reading.jpg\" alt=\"\" class=\"wp-image-107\" srcset=\"https:\/\/education-se.ca\/wp-content\/uploads\/2024\/08\/student-reading.jpg 720w, https:\/\/education-se.ca\/wp-content\/uploads\/2024\/08\/student-reading-300x200.jpg 300w, https:\/\/education-se.ca\/wp-content\/uploads\/2024\/08\/student-reading-18x12.jpg 18w\" sizes=\"auto, (max-width: 720px) 100vw, 720px\" \/><\/figure>\n\n\n\n<h3 id=\"wp-block-themeisle-blocks-advanced-heading-af4a6933\" class=\"wp-block-themeisle-blocks-advanced-heading wp-block-themeisle-blocks-advanced-heading-af4a6933\"><strong>COURS D'INFORMATIQUE<\/strong><\/h3>\n\n\n\n<p class=\"has-text-align-center wp-block-paragraph\">Cours d'informatique gratuits pour acqu\u00e9rir des comp\u00e9tences informatiques essentielles sur le lieu de travail.<\/p>\n\n\n\n<div class=\"wp-block-buttons is-content-justification-center is-layout-flex wp-container-core-buttons-is-layout-0aa01211 wp-block-buttons-is-layout-flex\">\n<div class=\"wp-block-button is-style-primary\"><a class=\"wp-block-button__link wp-element-button\" href=\"https:\/\/education-se.ca\/fr\/computer-classes\/\">Cours d'informatique<\/a><\/div>\n<\/div>\n<\/div>\n\n\n\n<div id=\"wp-block-themeisle-blocks-advanced-column-bd1b0b6b\" class=\"wp-block-themeisle-blocks-advanced-column\">\n<figure class=\"wp-block-image aligncenter size-full\"><img loading=\"lazy\" decoding=\"async\" width=\"720\" height=\"480\" src=\"https:\/\/education-se.ca\/wp-content\/uploads\/2024\/08\/students-class.jpg\" alt=\"\" class=\"wp-image-108\" srcset=\"https:\/\/education-se.ca\/wp-content\/uploads\/2024\/08\/students-class.jpg 720w, https:\/\/education-se.ca\/wp-content\/uploads\/2024\/08\/students-class-300x200.jpg 300w, https:\/\/education-se.ca\/wp-content\/uploads\/2024\/08\/students-class-18x12.jpg 18w\" sizes=\"auto, (max-width: 720px) 100vw, 720px\" \/><\/figure>\n\n\n\n<h3 id=\"wp-block-themeisle-blocks-advanced-heading-112ba0b0\" class=\"wp-block-themeisle-blocks-advanced-heading wp-block-themeisle-blocks-advanced-heading-112ba0b0\"><strong>CLASSES DU CCEA<\/strong><\/h3>\n\n\n\n<p class=\"has-text-align-center wp-block-paragraph\">Horaires flexibles et classes de petite taille. Tous nos services sont gratuits.<\/p>\n\n\n\n<div class=\"wp-block-buttons is-content-justification-center is-layout-flex wp-container-core-buttons-is-layout-0aa01211 wp-block-buttons-is-layout-flex\">\n<div class=\"wp-block-button is-style-primary\"><a class=\"wp-block-button__link wp-element-button\" href=\"https:\/\/education-se.ca\/fr\/literacy-caec-classes\/\">Cours d'alphab\u00e9tisation et de CCEA<\/a><\/div>\n<\/div>\n<\/div>\n\n\n\n<div id=\"wp-block-themeisle-blocks-advanced-column-07b3d357\" class=\"wp-block-themeisle-blocks-advanced-column\">\n<figure class=\"wp-block-image aligncenter size-full\"><img loading=\"lazy\" decoding=\"async\" width=\"720\" height=\"480\" src=\"https:\/\/education-se.ca\/wp-content\/uploads\/2024\/08\/student-writing.jpg\" alt=\"\" class=\"wp-image-109\" srcset=\"https:\/\/education-se.ca\/wp-content\/uploads\/2024\/08\/student-writing.jpg 720w, https:\/\/education-se.ca\/wp-content\/uploads\/2024\/08\/student-writing-300x200.jpg 300w, https:\/\/education-se.ca\/wp-content\/uploads\/2024\/08\/student-writing-18x12.jpg 18w\" sizes=\"auto, (max-width: 720px) 100vw, 720px\" \/><\/figure>\n\n\n\n<h3 id=\"wp-block-themeisle-blocks-advanced-heading-c1dd424b\" class=\"wp-block-themeisle-blocks-advanced-heading wp-block-themeisle-blocks-advanced-heading-c1dd424b\"><strong>EXAMENS DU CCEA<\/strong><\/h3>\n\n\n\n<p class=\"has-text-align-center wp-block-paragraph\">Examens CCEA gratuits dans notre centre de test \u00e0 Moncton, NB.<\/p>\n\n\n\n<div class=\"wp-block-buttons is-content-justification-center is-layout-flex wp-container-core-buttons-is-layout-0aa01211 wp-block-buttons-is-layout-flex\">\n<div class=\"wp-block-button is-style-primary\"><a class=\"wp-block-button__link wp-element-button\" href=\"https:\/\/education-se.ca\/fr\/caec-testing\/\">Examens du CCEA<\/a><\/div>\n<\/div>\n<\/div>\n<\/div><\/div>\n\n\n\n<section id=\"wp-block-themeisle-blocks-advanced-columns-335a2f03\" class=\"wp-block-themeisle-blocks-advanced-columns alignfull has-1-columns has-desktop-equal-layout has-tablet-equal-layout has-mobile-equal-layout has-vertical-flex-start\"><div class=\"wp-block-themeisle-blocks-advanced-columns-overlay\"><\/div><div class=\"innerblocks-wrap\">\n<div id=\"wp-block-themeisle-blocks-advanced-column-5d90343f\" class=\"wp-block-themeisle-blocks-advanced-column\">\n<section id=\"wp-block-themeisle-blocks-advanced-columns-b2ead1d6\" class=\"wp-block-themeisle-blocks-advanced-columns has-2-columns has-desktop-equal-layout has-tablet-equal-layout has-mobile-collapsedRows-layout has-vertical-center\"><div class=\"wp-block-themeisle-blocks-advanced-columns-overlay\"><\/div><div class=\"innerblocks-wrap\">\n<div id=\"wp-block-themeisle-blocks-advanced-column-7c705a1c\" class=\"wp-block-themeisle-blocks-advanced-column\">\n<h2 class=\"wp-block-heading has-custom-teal-color has-text-color has-link-color wp-elements-4dcddae2dcfbf4dc25ac75e016777141\"><strong>QUI SOMMES-NOUS ?<\/strong><\/h2>\n\n\n\n<p class=\"wp-block-paragraph\">\u00c9ducation des adultes du Sud-Est g\u00e8re les cours du CCEA et les programmes d'alphab\u00e9tisation pour les adultes anglophones et francophones dans la r\u00e9gion d\u00e9limit\u00e9e par Richibucto, Petitcodiac et la fronti\u00e8re sud du Nouveau-Brunswick. <\/p>\n\n\n\n<div class=\"wp-block-buttons is-layout-flex wp-block-buttons-is-layout-flex\">\n<div class=\"wp-block-button is-style-primary\"><a class=\"wp-block-button__link wp-element-button\" href=\"https:\/\/education-se.ca\/fr\/about-us\/\">Learn More About Us<\/a><\/div>\n<\/div>\n<\/div>\n\n\n\n<div id=\"wp-block-themeisle-blocks-advanced-column-5f9a9ec0\" class=\"wp-block-themeisle-blocks-advanced-column\">\n<figure class=\"wp-block-image aligncenter size-full is-resized\"><img loading=\"lazy\" decoding=\"async\" width=\"720\" height=\"480\" src=\"https:\/\/education-se.ca\/wp-content\/uploads\/2024\/08\/books.jpg\" alt=\"\" class=\"wp-image-113\" style=\"width:345px;height:auto\" srcset=\"https:\/\/education-se.ca\/wp-content\/uploads\/2024\/08\/books.jpg 720w, https:\/\/education-se.ca\/wp-content\/uploads\/2024\/08\/books-300x200.jpg 300w, https:\/\/education-se.ca\/wp-content\/uploads\/2024\/08\/books-18x12.jpg 18w\" sizes=\"auto, (max-width: 720px) 100vw, 720px\" \/><\/figure>\n<\/div>\n<\/div><\/section>\n<\/div>\n<\/div><\/section>\n\n\n\n<div id=\"wp-block-themeisle-blocks-advanced-columns-b4ffc801\" class=\"wp-block-themeisle-blocks-advanced-columns alignfull has-1-columns has-desktop-equal-layout has-tablet-equal-layout has-mobile-collapsedRows-layout has-reverse-columns-mobile has-vertical-bottom ticss-c00aadba has-light-bg\"><div class=\"wp-block-themeisle-blocks-advanced-columns-overlay\"><\/div><div class=\"innerblocks-wrap\">\n<div id=\"wp-block-themeisle-blocks-advanced-column-34bea031\" class=\"wp-block-themeisle-blocks-advanced-column\">\n<p class=\"has-text-align-center has-base-2-color has-text-color has-link-color wp-elements-f9458cbf9b8e393af83a457525012315 wp-block-paragraph\"><strong>LE CCEA A REMPLAC\u00c9 LE PROGRAMME GED AU CANADA<\/strong><\/p>\n\n\n\n<p class=\"has-text-align-center has-base-2-color has-text-color has-link-color wp-elements-1ee4458094e1c07130081dc6d3ba2c89 wp-block-paragraph\" style=\"font-size:clamp(0.875rem, 0.875rem + ((1vw - 0.2rem) * 0.042), 0.9rem);\">Le certificat canadien d'\u00e9ducation des adultes (CCEA)a remplac\u00e9 le programme GED en tant qu'\u00e9quivalence d'\u00e9tudes secondaires. <br><strong>Plus d'informations : <\/strong> <a href=\"https:\/\/www.alberta.ca\/canadian-adult-education-credential\" data-type=\"link\" data-id=\"https:\/\/www.alberta.ca\/canadian-adult-education-credential\" target=\"_blank\" rel=\"noreferrer noopener\">CCEA Canada<\/a>  |  <a href=\"https:\/\/www2.gnb.ca\/content\/gnb\/en\/services\/services_renderer.201580.Canadian_Adult_Education_Credential_(CAEC).html\" target=\"_blank\" rel=\"noreferrer noopener\">CCEA Nouveau-Brunswick<\/a>  |  <a href=\"https:\/\/education-se.ca\/fr\/caec-testing\/\" data-type=\"page\" data-id=\"57\">Examens du CCEA<\/a><\/p>\n<\/div>\n<\/div><\/div>\n\n\n\n<p class=\"wp-block-paragraph\"><\/p>","protected":false},"excerpt":{"rendered":"","protected":false},"author":1,"featured_media":0,"parent":0,"menu_order":1,"comment_status":"closed","ping_status":"closed","template":"page-no-title","meta":{"_crdt_document":"","_themeisle_gutenberg_block_has_review":false,"footnotes":""},"class_list":["post-61","page","type-page","status-publish","hentry"],"_links":{"self":[{"href":"https:\/\/education-se.ca\/fr\/wp-json\/wp\/v2\/pages\/61","targetHints":{"allow":["GET"]}}],"collection":[{"href":"https:\/\/education-se.ca\/fr\/wp-json\/wp\/v2\/pages"}],"about":[{"href":"https:\/\/education-se.ca\/fr\/wp-json\/wp\/v2\/types\/page"}],"author":[{"embeddable":true,"href":"https:\/\/education-se.ca\/fr\/wp-json\/wp\/v2\/users\/1"}],"replies":[{"embeddable":true,"href":"https:\/\/education-se.ca\/fr\/wp-json\/wp\/v2\/comments?post=61"}],"version-history":[{"count":50,"href":"https:\/\/education-se.ca\/fr\/wp-json\/wp\/v2\/pages\/61\/revisions"}],"predecessor-version":[{"id":382,"href":"https:\/\/education-se.ca\/fr\/wp-json\/wp\/v2\/pages\/61\/revisions\/382"}],"wp:attachment":[{"href":"https:\/\/education-se.ca\/fr\/wp-json\/wp\/v2\/media?parent=61"}],"curies":[{"name":"wp","href":"https:\/\/api.w.org\/{rel}","templated":true}]}}