{"id":59,"date":"2024-08-17T15:31:55","date_gmt":"2024-08-17T15:31:55","guid":{"rendered":"https:\/\/education-se.ca\/?page_id=59"},"modified":"2024-09-25T22:12:24","modified_gmt":"2024-09-25T22:12:24","slug":"contact-us","status":"publish","type":"page","link":"https:\/\/education-se.ca\/fr\/contact-us\/","title":{"rendered":"Contactez-nous"},"content":{"rendered":"<div id=\"wp-block-themeisle-blocks-advanced-columns-b4ffc801\" class=\"wp-block-themeisle-blocks-advanced-columns alignfull has-1-columns has-desktop-equal-layout has-tablet-equal-layout has-mobile-collapsedRows-layout has-reverse-columns-mobile has-vertical-bottom ticss-c00aadba has-light-bg\"><div class=\"wp-block-themeisle-blocks-advanced-columns-overlay\"><\/div><div class=\"innerblocks-wrap\">\n<div id=\"wp-block-themeisle-blocks-advanced-column-34bea031\" class=\"wp-block-themeisle-blocks-advanced-column\">\n<p class=\"has-text-align-center has-base-2-color has-text-color has-link-color wp-elements-f9458cbf9b8e393af83a457525012315 wp-block-paragraph\"><strong>LE CCEA A REMPLAC\u00c9 LE PROGRAMME GED AU CANADA<\/strong><\/p>\n\n\n\n<p class=\"has-text-align-center has-base-2-color has-text-color has-link-color wp-elements-1ee4458094e1c07130081dc6d3ba2c89 wp-block-paragraph\" style=\"font-size:clamp(0.875rem, 0.875rem + ((1vw - 0.2rem) * 0.042), 0.9rem);\">Le certificat canadien d'\u00e9ducation des adultes (CCEA)a remplac\u00e9 le programme GED en tant qu'\u00e9quivalence d'\u00e9tudes secondaires. <br><strong>Plus d'informations : <\/strong> <a href=\"https:\/\/www.alberta.ca\/canadian-adult-education-credential\" data-type=\"link\" data-id=\"https:\/\/www.alberta.ca\/canadian-adult-education-credential\" target=\"_blank\" rel=\"noreferrer noopener\">CCEA Canada<\/a>  |  <a href=\"https:\/\/www2.gnb.ca\/content\/gnb\/en\/services\/services_renderer.201580.Canadian_Adult_Education_Credential_(CAEC).html\" target=\"_blank\" rel=\"noreferrer noopener\">CCEA Nouveau-Brunswick<\/a>  |  <a href=\"https:\/\/education-se.ca\/fr\/caec-testing\/\" data-type=\"page\" data-id=\"57\">Examens du CCEA<\/a><\/p>\n<\/div>\n<\/div><\/div>\n\n\n\n<h2 class=\"wp-block-heading has-text-align-center has-custom-teal-color has-text-color has-link-color wp-elements-1e01864016d77688325fb25f5142a73b\"><strong>CONTACTEZ-NOUS<\/strong><\/h2>\n\n\n\n<div id=\"wp-block-themeisle-blocks-advanced-columns-ebcaae2c\" class=\"wp-block-themeisle-blocks-advanced-columns alignfull has-2-columns has-desktop-equal-layout has-tablet-equal-layout has-mobile-collapsedRows-layout has-vertical-unset has-light-bg\"><div class=\"wp-block-themeisle-blocks-advanced-columns-overlay\"><\/div><div class=\"innerblocks-wrap\">\n<div id=\"wp-block-themeisle-blocks-advanced-column-02d86bdf\" class=\"wp-block-themeisle-blocks-advanced-column\">\n<span id=\"wp-block-themeisle-blocks-advanced-heading-fd37afff\" class=\"wp-block-themeisle-blocks-advanced-heading wp-block-themeisle-blocks-advanced-heading-fd37afff\"><strong>CONTACTEZ-NOUS<\/strong><\/span>\n\n\n\n<h2 class=\"wp-block-heading wp-block-themeisle-blocks-advanced-heading wp-block-themeisle-blocks-advanced-heading-dbe2f686 has-neve-text-color-color has-text-color has-link-color wp-elements-aeb6d5095bf94a02ca2286033f3fa618\" id=\"wp-block-themeisle-blocks-advanced-heading-dbe2f686\" style=\"margin-top:0px;font-size:clamp(24.034px, 1.502rem + ((1vw - 3.2px) * 1.663), 40px);\">Envoyer un message<\/h2>\n\n\n\n<p class=\"has-text-color has-link-color wp-elements-0c4e1475cfe9995bcb98526a33234a27 wp-block-paragraph\" style=\"color:#1f2025\">Appelez-nous ou envoyez-nous un courriel. Nous nous effor\u00e7ons de r\u00e9pondre \u00e0 toutes les demandes envoy\u00e9es de notre site web dans un d\u00e9lai de deux jours ouvrables.<\/p>\n\n\n\n<p class=\"has-custom-teal-color has-text-color has-link-color wp-elements-158670588d0ff45aca9c63c76c4a114d wp-block-paragraph\"><strong>Nous serions heureux de vous aider<\/strong><\/p>\n\n\n\n<span id=\"wp-block-themeisle-blocks-advanced-heading-3414b024\" class=\"wp-block-themeisle-blocks-advanced-heading wp-block-themeisle-blocks-advanced-heading-3414b024\"><strong>APPELEZ-NOUS :<\/strong><br>(506) 857-9912<\/span>\n\n\n\n<span id=\"wp-block-themeisle-blocks-advanced-heading-9a412ac0\" class=\"wp-block-themeisle-blocks-advanced-heading wp-block-themeisle-blocks-advanced-heading-9a412ac0\"><strong>ENVOYEZ-NOUS UN COURRIEL :<\/strong><br>INFO@EDUCATION-SE.CA<\/span>\n\n\n\n<span id=\"wp-block-themeisle-blocks-advanced-heading-7c3c22c3\" class=\"wp-block-themeisle-blocks-advanced-heading wp-block-themeisle-blocks-advanced-heading-7c3c22c3\"><strong>ADRESSE DU BUREAU : <\/strong><br>96 NORWOOD AVENUE, SUITE 312B, <br>MONCTON NB, E1C 6L9<br><br><strong>HEURES D'OUVERTURE :<\/strong><br>DU LUNDI AU VENDREDI<br>8H30 - 16H15<br><em>FERM\u00c9 TOUS LES JOURS F\u00c9RI\u00c9S IMPORTANTS<\/em><\/span>\n\n\n\n<p class=\"wp-block-paragraph\"><br><\/p>\n<\/div>\n\n\n\n<div id=\"wp-block-themeisle-blocks-advanced-column-99e1169d\" class=\"wp-block-themeisle-blocks-advanced-column\">\n<figure class=\"wp-block-image size-large\"><img loading=\"lazy\" decoding=\"async\" width=\"1024\" height=\"634\" src=\"https:\/\/education-se.ca\/wp-content\/uploads\/2024\/08\/smiling-student-lg-1024x634.jpg\" alt=\"\" class=\"wp-image-82\" srcset=\"https:\/\/education-se.ca\/wp-content\/uploads\/2024\/08\/smiling-student-lg-1024x634.jpg 1024w, https:\/\/education-se.ca\/wp-content\/uploads\/2024\/08\/smiling-student-lg-300x186.jpg 300w, https:\/\/education-se.ca\/wp-content\/uploads\/2024\/08\/smiling-student-lg-768x475.jpg 768w, https:\/\/education-se.ca\/wp-content\/uploads\/2024\/08\/smiling-student-lg-18x12.jpg 18w, https:\/\/education-se.ca\/wp-content\/uploads\/2024\/08\/smiling-student-lg.jpg 1454w\" sizes=\"auto, (max-width: 1024px) 100vw, 1024px\" \/><\/figure>\n<\/div>\n<\/div><\/div>\n\n\n\n<div id=\"wp-block-themeisle-blocks-advanced-columns-b4ffc801\" class=\"wp-block-themeisle-blocks-advanced-columns alignfull has-1-columns has-desktop-equal-layout has-tablet-equal-layout has-mobile-collapsedRows-layout has-reverse-columns-mobile has-vertical-bottom ticss-c00aadba has-light-bg\"><div class=\"wp-block-themeisle-blocks-advanced-columns-overlay\"><\/div><div class=\"innerblocks-wrap\">\n<div id=\"wp-block-themeisle-blocks-advanced-column-34bea031\" class=\"wp-block-themeisle-blocks-advanced-column\">\n<p class=\"has-text-align-center has-base-2-color has-text-color has-link-color wp-elements-f9458cbf9b8e393af83a457525012315 wp-block-paragraph\"><strong>LE CCEA A REMPLAC\u00c9 LE PROGRAMME GED AU CANADA<\/strong><\/p>\n\n\n\n<p class=\"has-text-align-center has-base-2-color has-text-color has-link-color wp-elements-1ee4458094e1c07130081dc6d3ba2c89 wp-block-paragraph\" style=\"font-size:clamp(0.875rem, 0.875rem + ((1vw - 0.2rem) * 0.042), 0.9rem);\">Le certificat canadien d'\u00e9ducation des adultes (CCEA)a remplac\u00e9 le programme GED en tant qu'\u00e9quivalence d'\u00e9tudes secondaires. <br><strong>Plus d'informations : <\/strong> <a href=\"https:\/\/www.alberta.ca\/canadian-adult-education-credential\" data-type=\"link\" data-id=\"https:\/\/www.alberta.ca\/canadian-adult-education-credential\" target=\"_blank\" rel=\"noreferrer noopener\">CCEA Canada<\/a>  |  <a href=\"https:\/\/www2.gnb.ca\/content\/gnb\/en\/services\/services_renderer.201580.Canadian_Adult_Education_Credential_(CAEC).html\" target=\"_blank\" rel=\"noreferrer noopener\">CCEA Nouveau-Brunswick<\/a>  |  <a href=\"https:\/\/education-se.ca\/fr\/caec-testing\/\" data-type=\"page\" data-id=\"57\">Examens du CCEA<\/a><\/p>\n<\/div>\n<\/div><\/div>","protected":false},"excerpt":{"rendered":"<p>CONTACTEZ-NOUS<\/p>","protected":false},"author":1,"featured_media":0,"parent":0,"menu_order":7,"comment_status":"closed","ping_status":"closed","template":"page-no-title","meta":{"_crdt_document":"","_themeisle_gutenberg_block_has_review":false,"footnotes":""},"class_list":["post-59","page","type-page","status-publish","hentry"],"_links":{"self":[{"href":"https:\/\/education-se.ca\/fr\/wp-json\/wp\/v2\/pages\/59","targetHints":{"allow":["GET"]}}],"collection":[{"href":"https:\/\/education-se.ca\/fr\/wp-json\/wp\/v2\/pages"}],"about":[{"href":"https:\/\/education-se.ca\/fr\/wp-json\/wp\/v2\/types\/page"}],"author":[{"embeddable":true,"href":"https:\/\/education-se.ca\/fr\/wp-json\/wp\/v2\/users\/1"}],"replies":[{"embeddable":true,"href":"https:\/\/education-se.ca\/fr\/wp-json\/wp\/v2\/comments?post=59"}],"version-history":[{"count":12,"href":"https:\/\/education-se.ca\/fr\/wp-json\/wp\/v2\/pages\/59\/revisions"}],"predecessor-version":[{"id":277,"href":"https:\/\/education-se.ca\/fr\/wp-json\/wp\/v2\/pages\/59\/revisions\/277"}],"wp:attachment":[{"href":"https:\/\/education-se.ca\/fr\/wp-json\/wp\/v2\/media?parent=59"}],"curies":[{"name":"wp","href":"https:\/\/api.w.org\/{rel}","templated":true}]}}