{"id":57,"date":"2024-08-17T15:31:47","date_gmt":"2024-08-17T15:31:47","guid":{"rendered":"https:\/\/education-se.ca\/?page_id=57"},"modified":"2024-09-25T21:55:10","modified_gmt":"2024-09-25T21:55:10","slug":"caec-testing","status":"publish","type":"page","link":"https:\/\/education-se.ca\/fr\/caec-testing\/","title":{"rendered":"Examens du CCEA"},"content":{"rendered":"<div id=\"wp-block-themeisle-blocks-advanced-columns-b4ffc801\" class=\"wp-block-themeisle-blocks-advanced-columns alignfull has-1-columns has-desktop-equal-layout has-tablet-equal-layout has-mobile-collapsedRows-layout has-reverse-columns-mobile has-vertical-bottom ticss-c00aadba has-light-bg\"><div class=\"wp-block-themeisle-blocks-advanced-columns-overlay\"><\/div><div class=\"innerblocks-wrap\">\n<div id=\"wp-block-themeisle-blocks-advanced-column-34bea031\" class=\"wp-block-themeisle-blocks-advanced-column\">\n<p class=\"has-text-align-center has-base-2-color has-text-color has-link-color wp-elements-f9458cbf9b8e393af83a457525012315 wp-block-paragraph\"><strong>LE CCEA A REMPLAC\u00c9 LE PROGRAMME GED AU CANADA<\/strong><\/p>\n\n\n\n<p class=\"has-text-align-center has-base-2-color has-text-color has-link-color wp-elements-1ee4458094e1c07130081dc6d3ba2c89 wp-block-paragraph\" style=\"font-size:clamp(0.875rem, 0.875rem + ((1vw - 0.2rem) * 0.042), 0.9rem);\">Le certificat canadien d'\u00e9ducation des adultes (CCEA)a remplac\u00e9 le programme GED en tant qu'\u00e9quivalence d'\u00e9tudes secondaires. <br><strong>Plus d'informations : <\/strong> <a href=\"https:\/\/www.alberta.ca\/canadian-adult-education-credential\" data-type=\"link\" data-id=\"https:\/\/www.alberta.ca\/canadian-adult-education-credential\" target=\"_blank\" rel=\"noreferrer noopener\">CCEA Canada<\/a>  |  <a href=\"https:\/\/www2.gnb.ca\/content\/gnb\/en\/services\/services_renderer.201580.Canadian_Adult_Education_Credential_(CAEC).html\" target=\"_blank\" rel=\"noreferrer noopener\">CCEA Nouveau-Brunswick<\/a>  |  <a href=\"https:\/\/education-se.ca\/fr\/caec-testing\/\" data-type=\"page\" data-id=\"57\">Examens du CCEA<\/a><\/p>\n<\/div>\n<\/div><\/div>\n\r\n\r\n\r\n<h2 class=\"wp-block-heading has-custom-teal-color has-text-color has-link-color wp-elements-2fcd03a1ae6ba0d6f9014f08c4dde09e\"><strong>Centre de test CCEA<\/strong><\/h2>\r\n\r\n\r\n\r\n<p class=\"wp-block-paragraph\">Les examens informatis\u00e9s sont disponibles \u00e0 notre centre de test CCEA \u00e0 Moncton, au Nouveau-Brunswick. Le centre de test est ouvert \u00e0 tous les adultes (\u00e2g\u00e9s de 18 ans et plus) qui souhaitent passer les examens du CCEA. Il n'est pas n\u00e9cessaire d'\u00eatre inscrit \u00e0 nos cours pour passer les examens du CCEA \u00e0 notre centre de test.<\/p>\r\n\r\n\r\n\r\n<p class=\"wp-block-paragraph\">&nbsp;<\/p>\r\n\r\n\r\n\r\n<h4 class=\"wp-block-heading has-custom-color-1-color has-text-color has-link-color wp-elements-cc2c65f0019e8792f4ef57587aae3499\"><strong>Inscrivez-vous en ligne<\/strong><\/h4>\r\n\r\n\r\n\r\n<p class=\"wp-block-paragraph\"><strong>Inscrivez-vous en ligne<\/strong> pour passer vos examens CCEA en cr\u00e9ant un \u00ab compte candidat \u00bb \u00e0 <a href=\"http:\/\/caec.vretta.com\" target=\"_blank\" rel=\"noreferrer noopener\">caec.vretta.com<\/a>. Veillez \u00e0 d\u00e9finir votre juridiction comme \u00ab NB \u00bb.<\/p>\r\n\r\n\r\n\r\n<p class=\"wp-block-paragraph\">Une fois que vous aurez cr\u00e9\u00e9 votre compte, vous pourrez planifier et g\u00e9rer vos rendez-vous d'examen. Si nous devons communiquer avec vous au sujet de votre rendez-vous, nous vous enverrons un courrier \u00e9lectronique. Soyez donc \u00e0 l'aff\u00fbt de toute communication importante de notre part.<\/p>\r\n\r\n\r\n\r\n<p class=\"wp-block-paragraph\">\u00c0 la date et \u00e0 l'heure pr\u00e9vues, rendez-vous dans notre centre de test CCEA. Notre administrateur vous accueillera et vous aidera \u00e0 vous connecter pour passer votre examen. (<strong><em>Vous avez besoin de vos informations de connexion pour <a href=\"http:\/\/caec.vretta.com\" target=\"_blank\" rel=\"noreferrer noopener\">caec.vretta.com<\/a> pour acc\u00e9der \u00e0 votre examen lorsque vous \u00eates au centre de test !<\/em><\/strong>)<\/p>\r\n\r\n\r\n\r\n<p class=\"wp-block-paragraph\">&nbsp;<\/p>\r\n\r\n\r\n\r\n<p class=\"wp-block-paragraph\">Apr\u00e8s avoir pass\u00e9 l'examen, vos r\u00e9sultats appara\u00eetront dans votre compte sur caec.vretta.com dans un d\u00e9lai de 2 \u00e0 20 jours ouvrables. (Veuillez noter que le centre de test n'a pas acc\u00e8s \u00e0 vos r\u00e9sultats).<\/p>\r\n\r\n\r\n\r\n<h4 class=\"wp-block-heading has-custom-color-1-color has-text-color has-link-color wp-elements-4a761a6d0988572288a6bd512043f89f\"><strong>Examens du CCEA sur papier<\/strong><\/h4>\r\n\r\n\r\n\r\n<p class=\"wp-block-paragraph\">Les examens sur papier ne sont pas encore disponibles. Nous vous invitons \u00e0 revenir bient\u00f4t pour plus de d\u00e9tails.<\/p>\r\n\r\n\r\n\r\n<p class=\"wp-block-paragraph\">&nbsp;<\/p>\r\n\r\n\r\n\n<div id=\"wp-block-themeisle-blocks-advanced-columns-b4ffc801\" class=\"wp-block-themeisle-blocks-advanced-columns alignfull has-1-columns has-desktop-equal-layout has-tablet-equal-layout has-mobile-collapsedRows-layout has-reverse-columns-mobile has-vertical-bottom ticss-c00aadba has-light-bg\"><div class=\"wp-block-themeisle-blocks-advanced-columns-overlay\"><\/div><div class=\"innerblocks-wrap\">\n<div id=\"wp-block-themeisle-blocks-advanced-column-34bea031\" class=\"wp-block-themeisle-blocks-advanced-column\">\n<p class=\"has-text-align-center has-base-2-color has-text-color has-link-color wp-elements-f9458cbf9b8e393af83a457525012315 wp-block-paragraph\"><strong>LE CCEA A REMPLAC\u00c9 LE PROGRAMME GED AU CANADA<\/strong><\/p>\n\n\n\n<p class=\"has-text-align-center has-base-2-color has-text-color has-link-color wp-elements-1ee4458094e1c07130081dc6d3ba2c89 wp-block-paragraph\" style=\"font-size:clamp(0.875rem, 0.875rem + ((1vw - 0.2rem) * 0.042), 0.9rem);\">Le certificat canadien d'\u00e9ducation des adultes (CCEA)a remplac\u00e9 le programme GED en tant qu'\u00e9quivalence d'\u00e9tudes secondaires. <br><strong>Plus d'informations : <\/strong> <a href=\"https:\/\/www.alberta.ca\/canadian-adult-education-credential\" data-type=\"link\" data-id=\"https:\/\/www.alberta.ca\/canadian-adult-education-credential\" target=\"_blank\" rel=\"noreferrer noopener\">CCEA Canada<\/a>  |  <a href=\"https:\/\/www2.gnb.ca\/content\/gnb\/en\/services\/services_renderer.201580.Canadian_Adult_Education_Credential_(CAEC).html\" target=\"_blank\" rel=\"noreferrer noopener\">CCEA Nouveau-Brunswick<\/a>  |  <a href=\"https:\/\/education-se.ca\/fr\/caec-testing\/\" data-type=\"page\" data-id=\"57\">Examens du CCEA<\/a><\/p>\n<\/div>\n<\/div><\/div>","protected":false},"excerpt":{"rendered":"<p>CAEC Testing Center Computer-based exams are available at the South East Adult Education CAEC Testing Center in Moncton, New Brunswick. The testing center is open to all adults (age 18 and over) who want to write the CAEC exams. You do not need to be registered in our classes to write your CAEC exams at [&hellip;]<\/p>\n","protected":false},"author":1,"featured_media":0,"parent":0,"menu_order":6,"comment_status":"closed","ping_status":"closed","template":"page-no-title","meta":{"_crdt_document":"","_themeisle_gutenberg_block_has_review":false,"footnotes":""},"class_list":["post-57","page","type-page","status-publish","hentry"],"_links":{"self":[{"href":"https:\/\/education-se.ca\/fr\/wp-json\/wp\/v2\/pages\/57","targetHints":{"allow":["GET"]}}],"collection":[{"href":"https:\/\/education-se.ca\/fr\/wp-json\/wp\/v2\/pages"}],"about":[{"href":"https:\/\/education-se.ca\/fr\/wp-json\/wp\/v2\/types\/page"}],"author":[{"embeddable":true,"href":"https:\/\/education-se.ca\/fr\/wp-json\/wp\/v2\/users\/1"}],"replies":[{"embeddable":true,"href":"https:\/\/education-se.ca\/fr\/wp-json\/wp\/v2\/comments?post=57"}],"version-history":[{"count":8,"href":"https:\/\/education-se.ca\/fr\/wp-json\/wp\/v2\/pages\/57\/revisions"}],"predecessor-version":[{"id":274,"href":"https:\/\/education-se.ca\/fr\/wp-json\/wp\/v2\/pages\/57\/revisions\/274"}],"wp:attachment":[{"href":"https:\/\/education-se.ca\/fr\/wp-json\/wp\/v2\/media?parent=57"}],"curies":[{"name":"wp","href":"https:\/\/api.w.org\/{rel}","templated":true}]}}