{"id":53,"date":"2024-08-17T15:31:23","date_gmt":"2024-08-17T15:31:23","guid":{"rendered":"https:\/\/education-se.ca\/?page_id=53"},"modified":"2025-02-25T13:36:09","modified_gmt":"2025-02-25T13:36:09","slug":"literacy-caec-classes","status":"publish","type":"page","link":"https:\/\/education-se.ca\/fr\/literacy-caec-classes\/","title":{"rendered":"Cours de litt\u00e9ratie et CCEA"},"content":{"rendered":"<div id=\"wp-block-themeisle-blocks-advanced-columns-b4ffc801\" class=\"wp-block-themeisle-blocks-advanced-columns alignfull has-1-columns has-desktop-equal-layout has-tablet-equal-layout has-mobile-collapsedRows-layout has-reverse-columns-mobile has-vertical-bottom ticss-c00aadba has-light-bg\"><div class=\"wp-block-themeisle-blocks-advanced-columns-overlay\"><\/div><div class=\"innerblocks-wrap\">\n<div id=\"wp-block-themeisle-blocks-advanced-column-34bea031\" class=\"wp-block-themeisle-blocks-advanced-column\">\n<p class=\"has-text-align-center has-base-2-color has-text-color has-link-color wp-elements-f9458cbf9b8e393af83a457525012315 wp-block-paragraph\"><strong>LE CCEA A REMPLAC\u00c9 LE PROGRAMME GED AU CANADA<\/strong><\/p>\n\n\n\n<p class=\"has-text-align-center has-base-2-color has-text-color has-link-color wp-elements-1ee4458094e1c07130081dc6d3ba2c89 wp-block-paragraph\" style=\"font-size:clamp(0.875rem, 0.875rem + ((1vw - 0.2rem) * 0.042), 0.9rem);\">Le certificat canadien d'\u00e9ducation des adultes (CCEA)a remplac\u00e9 le programme GED en tant qu'\u00e9quivalence d'\u00e9tudes secondaires. <br><strong>Plus d'informations : <\/strong> <a href=\"https:\/\/www.alberta.ca\/canadian-adult-education-credential\" data-type=\"link\" data-id=\"https:\/\/www.alberta.ca\/canadian-adult-education-credential\" target=\"_blank\" rel=\"noreferrer noopener\">CCEA Canada<\/a>  |  <a href=\"https:\/\/www2.gnb.ca\/content\/gnb\/en\/services\/services_renderer.201580.Canadian_Adult_Education_Credential_(CAEC).html\" target=\"_blank\" rel=\"noreferrer noopener\">CCEA Nouveau-Brunswick<\/a>  |  <a href=\"https:\/\/education-se.ca\/fr\/caec-testing\/\" data-type=\"page\" data-id=\"57\">Examens du CCEA<\/a><\/p>\n<\/div>\n<\/div><\/div>\n\n\n\n<h2 class=\"wp-block-heading has-text-align-left has-custom-teal-color has-text-color has-link-color wp-elements-8fbb831768c76aefdfcbc749efc53d77\"><strong>COURS DE LITT\u00c9RATIE ET CCEA<\/strong><\/h2>\n\n\n\n<p class=\"wp-block-paragraph\"><\/p>\n\n\n\n<div id=\"wp-block-themeisle-blocks-advanced-columns-a2946a77\" class=\"wp-block-themeisle-blocks-advanced-columns alignfull has-2-columns has-desktop-equal-layout has-tablet-equal-layout has-mobile-collapsedRows-layout has-vertical-center ticss-a2946a77 has-light-bg\"><div class=\"wp-block-themeisle-blocks-advanced-columns-overlay\"><\/div><div class=\"innerblocks-wrap\">\n<div id=\"wp-block-themeisle-blocks-advanced-column-bbddf55b\" class=\"wp-block-themeisle-blocks-advanced-column\">\n<figure class=\"wp-block-image aligncenter size-full is-resized\"><img loading=\"lazy\" decoding=\"async\" width=\"720\" height=\"480\" src=\"https:\/\/education-se.ca\/wp-content\/uploads\/2024\/08\/students-class.jpg\" alt=\"\" class=\"wp-image-108\" style=\"width:522px;height:auto\" srcset=\"https:\/\/education-se.ca\/wp-content\/uploads\/2024\/08\/students-class.jpg 720w, https:\/\/education-se.ca\/wp-content\/uploads\/2024\/08\/students-class-300x200.jpg 300w, https:\/\/education-se.ca\/wp-content\/uploads\/2024\/08\/students-class-18x12.jpg 18w\" sizes=\"auto, (max-width: 720px) 100vw, 720px\" \/><\/figure>\n<\/div>\n\n\n\n<div id=\"wp-block-themeisle-blocks-advanced-column-92b2db05\" class=\"wp-block-themeisle-blocks-advanced-column\">\n<p id=\"wp-block-themeisle-blocks-advanced-heading-82f63cc5\" class=\"wp-block-themeisle-blocks-advanced-heading wp-block-themeisle-blocks-advanced-heading-82f63cc5\"><strong>ouvrir les portes d'un avenir plus brillant - cours gratuits de pr\u00e9paration au CCEA <\/strong><\/p>\n\n\n\n<h2 id=\"wp-block-themeisle-blocks-advanced-heading-8f1f2647\" class=\"wp-block-themeisle-blocks-advanced-heading wp-block-themeisle-blocks-advanced-heading-8f1f2647\">COMMENT FONCTIONNENT NOS COURS<\/h2>\n\n\n\n<p class=\"has-contrast-color has-text-color wp-block-paragraph\">Nos cours de litt\u00e9ratie et de CC\u00c9A aideront les adultes (\u00e2g\u00e9s de 18 ans et plus) \u00e0 am\u00e9liorer leurs comp\u00e9tences scolaires (lecture, \u00e9criture et math\u00e9matiques) et \u00e0 travailler pour obtenir le CC\u00c9A (\u00e9quivalent du dipl\u00f4me d'\u00e9tudes secondaires).<\/p>\n\n\n\n<p class=\"wp-block-paragraph\">Le dipl\u00f4me d'\u00e9quivalence d'\u00e9tudes secondaires CCEA peut vous aider \u00e0 trouver un emploi ou \u00e0 poursuivre des \u00e9tudes postsecondaires. Nos cours de CCEA vous aideront \u00e0 vous pr\u00e9parer aux examens du CCEAdans les 5 mati\u00e8res officielles : <\/p>\n\n\n\n<p class=\"has-contrast-color has-text-color has-link-color wp-elements-63270f9f432e818c8922d237ad442b1e wp-block-paragraph\">Lecture <strong>|<\/strong> \u00c9criture <strong>|<\/strong> Maths <strong>|<\/strong> Sciences <strong>|<\/strong> \u00c9tudes sociales<\/p>\n<\/div>\n<\/div><\/div>\n\n\n\n<h4 class=\"wp-block-heading has-custom-color-1-color has-text-color has-link-color wp-elements-6b53853036a156fc3f0f5da6bedbb965\"><strong>COMMENCER<\/strong><\/h4>\n\n\n\n<p class=\"wp-block-paragraph\">L'inscription \u00e0 nos cours gratuits est simple et rapide ! <\/p>\n\n\n\n<p class=\"wp-block-paragraph\"><\/p>\n\n\n\n<ol class=\"wp-block-list\">\n<li><strong>Contactez-nous.<\/strong><br>Appelez-nous au (506) 857-9912, ou remplissez notre formulaire d'inscription. Nous vous contacterons pour vous aider \u00e0 commencer dans une classe. <br><br><span style=\"text-decoration: underline;\">LES FORMULAIRES D'INSCRIPTION :<\/span> <br><a href=\"https:\/\/education-se.ca\/fr\/literacy-caec-classes\/registration-form-en\/\" data-type=\"page\" data-id=\"256\">\u00c9tudier en anglais<\/a> | <a href=\"https:\/\/education-se.ca\/fr\/literacy-caec-classes\/formulaire-dinscription\/\" data-type=\"page\" data-id=\"284\">\u00c9tudier en fran\u00e7ais<\/a><br><br><\/li>\n\n\n\n<li><strong>Rencontrer un enseignant. <\/strong><br>L'un de nos enseignants en formation pour adultes vous \u00e9valuera sur le plan acad\u00e9mique et vous donnera du mat\u00e9riel \u00e0 travailler en fonction de votre niveau et\/ou de vos besoins. <br><\/li>\n\n\n\n<li><strong>Travailler de mani\u00e8re ind\u00e9pendante. <\/strong><br>Travailler en classe ou \u00e0 la maison avec l'aide d'un enseignant. Choisissez des horaires \u00e0 temps plein ou \u00e0 temps partiel, en journ\u00e9e ou en soir\u00e9e. Nos cours sont flexibles !<br><\/li>\n\n\n\n<li><strong>Passez vos examens CCEA. <\/strong><br>Lorsque vous \u00eates pr\u00eat, prenez rendez-vous pour passer un ou plusieurs examens CCEA gratuitement dans notre centre d'examen CCEA \u00e0 Moncton, au Nouveau-Brunswick. <\/li>\n<\/ol>\n\n\n\n<p class=\"wp-block-paragraph\"><\/p>\n\n\n\n<p class=\"wp-block-paragraph\"><em>Les nouveaux arrivants qui ont des comp\u00e9tences \u00e9crites et orales en anglais ou en fran\u00e7ais \u00e0 un niveau interm\u00e9diaire sont les bienvenus dans nos classes. <\/em><\/p>\n\n\n\n<p class=\"wp-block-paragraph\"><\/p>\n\n\n\n<h4 class=\"wp-block-heading has-custom-color-1-color has-text-color has-link-color wp-elements-41cc69bc9991bb02e644d3b2cadaeee6\"><strong>INFORMATIONS SUR LES CLASSES<\/strong><\/h4>\n\n\n\n<ul class=\"wp-block-list\">\n<li>Classes situ\u00e9es dans tout le sud-est du Nouveau-Brunswick<\/li>\n\n\n\n<li>Ouvert aux adultes \u00e2g\u00e9s de 18 ans et plus.<\/li>\n\n\n\n<li>Horaires flexibles :\n<ul class=\"wp-block-list\">\n<li>Horaires \u00e0 temps plein et \u00e0 temps partiel<\/li>\n\n\n\n<li>Horaires de jour et de soir\u00e9e<\/li>\n<\/ul>\n<\/li>\n\n\n\n<li>Les cours sont 100% gratuits<\/li>\n\n\n\n<li>Un petit nombre d'apprenants par classe<\/li>\n\n\n\n<li>Commencer \u00e0 tout moment (pas de dates d'admission fixes)<\/li>\n\n\n\n<li>\u00c9tudier de mani\u00e8re ind\u00e9pendante avec l'aide d'un enseignant<\/li>\n\n\n\n<li>Environnement agr\u00e9able et relaxant<\/li>\n<\/ul>\n\n\n\n<p class=\"wp-block-paragraph\"><\/p>\n\n\n\n<div id=\"wp-block-themeisle-blocks-advanced-columns-678cc482\" class=\"wp-block-themeisle-blocks-advanced-columns alignfull has-1-columns has-desktop-equal-layout has-tablet-equal-layout has-mobile-collapsedRows-layout has-reverse-columns-mobile has-vertical-bottom ticss-c00aadba\"><div class=\"wp-block-themeisle-blocks-advanced-columns-overlay\"><\/div><div class=\"innerblocks-wrap\">\n<div id=\"wp-block-themeisle-blocks-advanced-column-4d412c51\" class=\"wp-block-themeisle-blocks-advanced-column\">\n<h2 id=\"wp-block-themeisle-blocks-advanced-heading-fb3c7a39\" class=\"wp-block-themeisle-blocks-advanced-heading wp-block-themeisle-blocks-advanced-heading-fb3c7a39\">Inscrivez-vous d\u00e8s maintenant !<\/h2>\n\n\n\n<p class=\"has-text-align-center has-text-color wp-block-paragraph\" style=\"color:#fefefe\">Ouvrez les portes d'un avenir plus brillant d\u00e8s aujourd'hui ! Remplissez notre formulaire d'inscription et nous vous contacterons rapidement pour vous aider \u00e0 commencer.<\/p>\n\n\n\n<div class=\"wp-block-buttons is-content-justification-center is-layout-flex wp-container-core-buttons-is-layout-0aa01211 wp-block-buttons-is-layout-flex\">\n<div class=\"wp-block-button is-style-primary\"><a class=\"wp-block-button__link has-base-2-color has-custom-teal-background-color has-text-color has-background has-link-color wp-element-button\" href=\"https:\/\/education-se.ca\/fr\/literacy-caec-classes\/registration-form-en\/\">Formulaire d'inscription en anglais<\/a><\/div>\n\n\n\n<div class=\"wp-block-button is-style-primary\"><a class=\"wp-block-button__link has-base-2-color has-custom-teal-background-color has-text-color has-background has-link-color wp-element-button\" href=\"https:\/\/education-se.ca\/fr\/literacy-caec-classes\/formulaire-dinscription\/\">Formulaire d'inscription en fran\u00e7ais<\/a><\/div>\n<\/div>\n<\/div>\n<\/div><\/div>\n\n\n\n<div id=\"wp-block-themeisle-blocks-advanced-columns-b4ffc801\" class=\"wp-block-themeisle-blocks-advanced-columns alignfull has-1-columns has-desktop-equal-layout has-tablet-equal-layout has-mobile-collapsedRows-layout has-reverse-columns-mobile has-vertical-bottom ticss-c00aadba has-light-bg\"><div class=\"wp-block-themeisle-blocks-advanced-columns-overlay\"><\/div><div class=\"innerblocks-wrap\">\n<div id=\"wp-block-themeisle-blocks-advanced-column-34bea031\" class=\"wp-block-themeisle-blocks-advanced-column\">\n<p class=\"has-text-align-center has-base-2-color has-text-color has-link-color wp-elements-f9458cbf9b8e393af83a457525012315 wp-block-paragraph\"><strong>LE CCEA A REMPLAC\u00c9 LE PROGRAMME GED AU CANADA<\/strong><\/p>\n\n\n\n<p class=\"has-text-align-center has-base-2-color has-text-color has-link-color wp-elements-1ee4458094e1c07130081dc6d3ba2c89 wp-block-paragraph\" style=\"font-size:clamp(0.875rem, 0.875rem + ((1vw - 0.2rem) * 0.042), 0.9rem);\">Le certificat canadien d'\u00e9ducation des adultes (CCEA)a remplac\u00e9 le programme GED en tant qu'\u00e9quivalence d'\u00e9tudes secondaires. <br><strong>Plus d'informations : <\/strong> <a href=\"https:\/\/www.alberta.ca\/canadian-adult-education-credential\" data-type=\"link\" data-id=\"https:\/\/www.alberta.ca\/canadian-adult-education-credential\" target=\"_blank\" rel=\"noreferrer noopener\">CCEA Canada<\/a>  |  <a href=\"https:\/\/www2.gnb.ca\/content\/gnb\/en\/services\/services_renderer.201580.Canadian_Adult_Education_Credential_(CAEC).html\" target=\"_blank\" rel=\"noreferrer noopener\">CCEA Nouveau-Brunswick<\/a>  |  <a href=\"https:\/\/education-se.ca\/fr\/caec-testing\/\" data-type=\"page\" data-id=\"57\">Examens du CCEA<\/a><\/p>\n<\/div>\n<\/div><\/div>\n\n\n\n<p class=\"wp-block-paragraph\"><\/p>","protected":false},"excerpt":{"rendered":"<p>LITERACY &amp; CAEC CLASSES GETTING STARTED Registering to participate in our free classes is quick and easy! Newcomers who have written and oral English or French skills at an intermediate level are welcome to join our classes. CLASS INFO<\/p>","protected":false},"author":1,"featured_media":0,"parent":0,"menu_order":4,"comment_status":"closed","ping_status":"closed","template":"page-no-title","meta":{"_crdt_document":"","_themeisle_gutenberg_block_has_review":false,"footnotes":""},"class_list":["post-53","page","type-page","status-publish","hentry"],"_links":{"self":[{"href":"https:\/\/education-se.ca\/fr\/wp-json\/wp\/v2\/pages\/53","targetHints":{"allow":["GET"]}}],"collection":[{"href":"https:\/\/education-se.ca\/fr\/wp-json\/wp\/v2\/pages"}],"about":[{"href":"https:\/\/education-se.ca\/fr\/wp-json\/wp\/v2\/types\/page"}],"author":[{"embeddable":true,"href":"https:\/\/education-se.ca\/fr\/wp-json\/wp\/v2\/users\/1"}],"replies":[{"embeddable":true,"href":"https:\/\/education-se.ca\/fr\/wp-json\/wp\/v2\/comments?post=53"}],"version-history":[{"count":25,"href":"https:\/\/education-se.ca\/fr\/wp-json\/wp\/v2\/pages\/53\/revisions"}],"predecessor-version":[{"id":364,"href":"https:\/\/education-se.ca\/fr\/wp-json\/wp\/v2\/pages\/53\/revisions\/364"}],"wp:attachment":[{"href":"https:\/\/education-se.ca\/fr\/wp-json\/wp\/v2\/media?parent=53"}],"curies":[{"name":"wp","href":"https:\/\/api.w.org\/{rel}","templated":true}]}}