{"id":51,"date":"2024-08-17T15:31:10","date_gmt":"2024-08-17T15:31:10","guid":{"rendered":"https:\/\/education-se.ca\/?page_id=51"},"modified":"2024-08-17T18:32:13","modified_gmt":"2024-08-17T18:32:13","slug":"about-us","status":"publish","type":"page","link":"https:\/\/education-se.ca\/fr\/about-us\/","title":{"rendered":"\u00c0 propos de nous"},"content":{"rendered":"<div id=\"wp-block-themeisle-blocks-advanced-columns-b4ffc801\" class=\"wp-block-themeisle-blocks-advanced-columns alignfull has-1-columns has-desktop-equal-layout has-tablet-equal-layout has-mobile-collapsedRows-layout has-reverse-columns-mobile has-vertical-bottom ticss-c00aadba has-light-bg\"><div class=\"wp-block-themeisle-blocks-advanced-columns-overlay\"><\/div><div class=\"innerblocks-wrap\">\n<div id=\"wp-block-themeisle-blocks-advanced-column-34bea031\" class=\"wp-block-themeisle-blocks-advanced-column\">\n<p class=\"has-text-align-center has-base-2-color has-text-color has-link-color wp-elements-f9458cbf9b8e393af83a457525012315 wp-block-paragraph\"><strong>LE CCEA A REMPLAC\u00c9 LE PROGRAMME GED AU CANADA<\/strong><\/p>\n\n\n\n<p class=\"has-text-align-center has-base-2-color has-text-color has-link-color wp-elements-1ee4458094e1c07130081dc6d3ba2c89 wp-block-paragraph\" style=\"font-size:clamp(0.875rem, 0.875rem + ((1vw - 0.2rem) * 0.042), 0.9rem);\">Le certificat canadien d'\u00e9ducation des adultes (CCEA)a remplac\u00e9 le programme GED en tant qu'\u00e9quivalence d'\u00e9tudes secondaires. <br><strong>Plus d'informations : <\/strong> <a href=\"https:\/\/www.alberta.ca\/canadian-adult-education-credential\" data-type=\"link\" data-id=\"https:\/\/www.alberta.ca\/canadian-adult-education-credential\" target=\"_blank\" rel=\"noreferrer noopener\">CCEA Canada<\/a>  |  <a href=\"https:\/\/www2.gnb.ca\/content\/gnb\/en\/services\/services_renderer.201580.Canadian_Adult_Education_Credential_(CAEC).html\" target=\"_blank\" rel=\"noreferrer noopener\">CCEA Nouveau-Brunswick<\/a>  |  <a href=\"https:\/\/education-se.ca\/fr\/caec-testing\/\" data-type=\"page\" data-id=\"57\">Examens du CCEA<\/a><\/p>\n<\/div>\n<\/div><\/div>\n\n\n\n<h2 class=\"wp-block-heading has-custom-teal-color has-text-color has-link-color wp-elements-893547632aa4652e2590070e1d100522\"><strong>Notre mission<\/strong><\/h2>\n\n\n\n<p class=\"wp-block-paragraph\">Am\u00e9liorer et promouvoir l'apprentissage des adultes dans la r\u00e9gion du sud-est du Nouveau-Brunswick. <\/p>\n\n\n\n<p class=\"has-custom-color-1-color has-text-color has-link-color wp-elements-04e1ddf92eab85105c916ed0b0afc84e wp-block-paragraph\"><strong>Notre histoire<\/strong><\/p>\n\n\n\n<p class=\"wp-block-paragraph\">En 2006, le gouvernement provincial a recommand\u00e9 que des conseils\/comit\u00e9s soient form\u00e9s dans toute la province pour administrer et surveiller les programmes de d\u00e9veloppement de l'\u00e9ducation g\u00e9n\u00e9rale (GED) et d'alphab\u00e9tisation. On esp\u00e9rait qu'une plus grande implication locale permettrait de soutenir ces programmes et d'obtenir de meilleurs r\u00e9sultats en mati\u00e8re d'alphab\u00e9tisation dans la province.  La \"South East Regional Adult Learning Board\" (SERALB) a \u00e9t\u00e9 cr\u00e9\u00e9e pour administrer les programmes de GED et d'alphab\u00e9tisation pour tous les adultes anglophones de la r\u00e9gion d\u00e9limit\u00e9e par Richibucto, Petitcodiac et la fronti\u00e8re provinciale du Nouveau-Brunswick au sud.  La SERALB a adopt\u00e9 le nom de \u00ab Open Doors GED et Apprentissage des adultes \u00bb.<\/p>\n\n\n\n<p class=\"wp-block-paragraph\">SERALB s'est constitu\u00e9e en soci\u00e9t\u00e9 en d\u00e9cembre 2007, a \u00e9labor\u00e9 une d\u00e9claration de mission et une constitution. L'ann\u00e9e suivante, la SERALB a demand\u00e9 et obtenu le statut d'organisme de bienfaisance aupr\u00e8s de l'Agence du revenu du Canada (ARC).  En 2020, \u00e0 la demande de la province du Nouveau-Brunswick, la SERALB a \u00e9largi son mandat pour inclure l'administration des classes d'alphab\u00e9tisation et de GED en fran\u00e7ais dans le sud-est du Nouveau-Brunswick.  Pour refl\u00e9ter ce changement, une nouvelle raison sociale, South East Adult Education - \u00c9ducation des adultes du Sud-Est (SEAE-\u00c9ASE), a \u00e9t\u00e9 adopt\u00e9e.\u00a0<\/p>\n\n\n\n<p class=\"wp-block-paragraph\">Chaque ann\u00e9e, comme l'exigent l'ARC et la province, des \u00e9tats financiers sont fournis \u00e0 l'ARC pour conserver le statut d'organisme de bienfaisance et au gouvernement provincial \u00e0 des fins de contr\u00f4le. SERALB, et maintenant SEAE-\u00c9ASE, s'est av\u00e9r\u00e9 \u00eatre un conseil tr\u00e8s responsable sur le plan financier.<\/p>\n\n\n\n<p class=\"wp-block-paragraph\">Des cours de jour et de soir, \u00e0 temps plein et \u00e0 temps partiel, sont offerts en fran\u00e7ais et en anglais dans toute la r\u00e9gion du Sud-Est.  Gr\u00e2ce \u00e0 la collaboration du minist\u00e8re de la Justice et de la S\u00e9curit\u00e9 publique du Nouveau-Brunswick, SEAE-\u00c9ASE offre m\u00eame un cours au Centre correctionnel r\u00e9gional du Sud-Est \u00e0 Shediac ! De nouveaux cours sont cr\u00e9\u00e9s au fur et \u00e0 mesure des besoins.\u00a0<\/p>\n\n\n\n<p class=\"wp-block-paragraph\">Le financement des activit\u00e9s de SEAE-\u00c9ASE est assur\u00e9 par la province du Nouveau-Brunswick par l'entremise de TravailNB, une direction du minist\u00e8re de l'\u00c9ducation postsecondaire, de la Formation et du Travail. SEAE-\u00c9ASE re\u00e7oit de l'argent pour les salaires des enseignants et les d\u00e9penses li\u00e9es aux salles de classe et \u00e0 l'administration.  Comme aucun fonds n'est accord\u00e9 pour payer le loyer des salles de classe, SEAE-\u00c9ASE doit compter sur les locaux fournis gratuitement par la communaut\u00e9.<\/p>\n\n\n\n<p class=\"wp-block-paragraph\">Des formations gratuites \u00e0 l'informatique de base sont r\u00e9guli\u00e8rement propos\u00e9es aux membres du public et aux \u00e9tudiants inscrits dans nos classes.  Cette formation permet aux adultes d'acqu\u00e9rir des comp\u00e9tences informatiques de base qui les aideront \u00e0 entrer ou \u00e0 revenir sur le march\u00e9 du travail.<\/p>\n\n\n\n<p class=\"wp-block-paragraph\">Le d\u00e9fi principal de SEAE-\u00c9ASE est de faire conna\u00eetre les cours \u00e0 un plus grand nombre d'\u00e9tudiants et de les encourager \u00e0 s'y inscrire.  La participation \u00e0 un cours est gratuite et une aide financi\u00e8re peut \u00eatre obtenue par l'interm\u00e9diaire de TravailNB.\u00a0<\/p>\n\n\n\n<p class=\"wp-block-paragraph\">Pour c\u00e9l\u00e9brer les apprenants qui terminent le GED, SEAE-\u00c9ASE organise chaque automne une soir\u00e9e de reconnaissance des dipl\u00f4m\u00e9s en pr\u00e9sence de ces derniers et de leurs familles. Il s'agit d'un \u00e9v\u00e9nement ouvert \u00e0 tous qui permet de c\u00e9l\u00e9brer les r\u00e9alisations des \u00e9tudiants et de remettre \u00e0 chaque dipl\u00f4m\u00e9 un certificat qui accompagne le dipl\u00f4me re\u00e7u de la province du Nouveau-Brunswick. <\/p>\n\n\n\n<p class=\"wp-block-paragraph\"><\/p>\n\n\n\n<div id=\"wp-block-themeisle-blocks-advanced-columns-b4ffc801\" class=\"wp-block-themeisle-blocks-advanced-columns alignfull has-1-columns has-desktop-equal-layout has-tablet-equal-layout has-mobile-collapsedRows-layout has-reverse-columns-mobile has-vertical-bottom ticss-c00aadba has-light-bg\"><div class=\"wp-block-themeisle-blocks-advanced-columns-overlay\"><\/div><div class=\"innerblocks-wrap\">\n<div id=\"wp-block-themeisle-blocks-advanced-column-34bea031\" class=\"wp-block-themeisle-blocks-advanced-column\">\n<p class=\"has-text-align-center has-base-2-color has-text-color has-link-color wp-elements-f9458cbf9b8e393af83a457525012315 wp-block-paragraph\"><strong>LE CCEA A REMPLAC\u00c9 LE PROGRAMME GED AU CANADA<\/strong><\/p>\n\n\n\n<p class=\"has-text-align-center has-base-2-color has-text-color has-link-color wp-elements-1ee4458094e1c07130081dc6d3ba2c89 wp-block-paragraph\" style=\"font-size:clamp(0.875rem, 0.875rem + ((1vw - 0.2rem) * 0.042), 0.9rem);\">Le certificat canadien d'\u00e9ducation des adultes (CCEA)a remplac\u00e9 le programme GED en tant qu'\u00e9quivalence d'\u00e9tudes secondaires. <br><strong>Plus d'informations : <\/strong> <a href=\"https:\/\/www.alberta.ca\/canadian-adult-education-credential\" data-type=\"link\" data-id=\"https:\/\/www.alberta.ca\/canadian-adult-education-credential\" target=\"_blank\" rel=\"noreferrer noopener\">CCEA Canada<\/a>  |  <a href=\"https:\/\/www2.gnb.ca\/content\/gnb\/en\/services\/services_renderer.201580.Canadian_Adult_Education_Credential_(CAEC).html\" target=\"_blank\" rel=\"noreferrer noopener\">CCEA Nouveau-Brunswick<\/a>  |  <a href=\"https:\/\/education-se.ca\/fr\/caec-testing\/\" data-type=\"page\" data-id=\"57\">Examens du CCEA<\/a><\/p>\n<\/div>\n<\/div><\/div>","protected":false},"excerpt":{"rendered":"<p>Our Mission To improve and promote adult learning in the Southeastern region of New Brunswick. Our History In 2006, the Provincial Government recommended that boards\/committees be formed across the province to administer and monitor the General Educational Development (GED) and literacy programs. It was hoped that more local involvement would help bolster these programs and [&hellip;]<\/p>\n","protected":false},"author":1,"featured_media":0,"parent":0,"menu_order":2,"comment_status":"closed","ping_status":"closed","template":"page-no-title","meta":{"_crdt_document":"","_themeisle_gutenberg_block_has_review":false,"footnotes":""},"class_list":["post-51","page","type-page","status-publish","hentry"],"_links":{"self":[{"href":"https:\/\/education-se.ca\/fr\/wp-json\/wp\/v2\/pages\/51","targetHints":{"allow":["GET"]}}],"collection":[{"href":"https:\/\/education-se.ca\/fr\/wp-json\/wp\/v2\/pages"}],"about":[{"href":"https:\/\/education-se.ca\/fr\/wp-json\/wp\/v2\/types\/page"}],"author":[{"embeddable":true,"href":"https:\/\/education-se.ca\/fr\/wp-json\/wp\/v2\/users\/1"}],"replies":[{"embeddable":true,"href":"https:\/\/education-se.ca\/fr\/wp-json\/wp\/v2\/comments?post=51"}],"version-history":[{"count":5,"href":"https:\/\/education-se.ca\/fr\/wp-json\/wp\/v2\/pages\/51\/revisions"}],"predecessor-version":[{"id":148,"href":"https:\/\/education-se.ca\/fr\/wp-json\/wp\/v2\/pages\/51\/revisions\/148"}],"wp:attachment":[{"href":"https:\/\/education-se.ca\/fr\/wp-json\/wp\/v2\/media?parent=51"}],"curies":[{"name":"wp","href":"https:\/\/api.w.org\/{rel}","templated":true}]}}