{"id":256,"date":"2024-08-18T16:09:33","date_gmt":"2024-08-18T16:09:33","guid":{"rendered":"https:\/\/education-se.ca\/?page_id=256"},"modified":"2026-04-26T20:35:22","modified_gmt":"2026-04-26T20:35:22","slug":"registration-form-en","status":"publish","type":"page","link":"https:\/\/education-se.ca\/fr\/literacy-caec-classes\/registration-form-en\/","title":{"rendered":"Formulaire d'inscription"},"content":{"rendered":"<div id=\"wp-block-themeisle-blocks-advanced-columns-b4ffc801\" class=\"wp-block-themeisle-blocks-advanced-columns alignfull has-1-columns has-desktop-equal-layout has-tablet-equal-layout has-mobile-collapsedRows-layout has-reverse-columns-mobile has-vertical-bottom ticss-c00aadba has-light-bg\"><div class=\"wp-block-themeisle-blocks-advanced-columns-overlay\"><\/div><div class=\"innerblocks-wrap\">\n<div id=\"wp-block-themeisle-blocks-advanced-column-34bea031\" class=\"wp-block-themeisle-blocks-advanced-column\">\n<p class=\"has-text-align-center has-base-2-color has-text-color has-link-color wp-elements-f9458cbf9b8e393af83a457525012315 wp-block-paragraph\"><strong>LE CCEA A REMPLAC\u00c9 LE PROGRAMME GED AU CANADA<\/strong><\/p>\n\n\n\n<p class=\"has-text-align-center has-base-2-color has-text-color has-link-color wp-elements-1ee4458094e1c07130081dc6d3ba2c89 wp-block-paragraph\" style=\"font-size:clamp(0.875rem, 0.875rem + ((1vw - 0.2rem) * 0.042), 0.9rem);\">Le certificat canadien d'\u00e9ducation des adultes (CCEA)a remplac\u00e9 le programme GED en tant qu'\u00e9quivalence d'\u00e9tudes secondaires. <br><strong>Plus d'informations : <\/strong> <a href=\"https:\/\/www.alberta.ca\/canadian-adult-education-credential\" data-type=\"link\" data-id=\"https:\/\/www.alberta.ca\/canadian-adult-education-credential\" target=\"_blank\" rel=\"noreferrer noopener\">CCEA Canada<\/a>  |  <a href=\"https:\/\/www2.gnb.ca\/content\/gnb\/en\/services\/services_renderer.201580.Canadian_Adult_Education_Credential_(CAEC).html\" target=\"_blank\" rel=\"noreferrer noopener\">CCEA Nouveau-Brunswick<\/a>  |  <a href=\"https:\/\/education-se.ca\/fr\/caec-testing\/\" data-type=\"page\" data-id=\"57\">Examens du CCEA<\/a><\/p>\n<\/div>\n<\/div><\/div>\n\n\n\n<h2 class=\"wp-block-heading has-custom-teal-color has-text-color has-link-color wp-elements-fdf72887d3090ee2866a3deb841d78f8\"><strong>REGISTRATION FORM<\/strong><\/h2>\n\n\n\n<p class=\"wp-block-paragraph\">If you would like to register for literacy or CAEC preparation classes with us, please complete the form below. Please note that fields marked with * are required. <\/p>\n\n\n\n<p class=\"wp-block-paragraph\">Alternatively, you can call us at 506-857-9912 to register. <\/p>\n\n\n\n<p class=\"wp-block-paragraph\">This registration form is for those wishing to study in English. If you would like to study in French, please click here for our <a href=\"https:\/\/education-se.ca\/fr\/literacy-caec-classes\/formulaire-dinscription\/\" data-type=\"page\" data-id=\"284\">Francophone Registration Form<\/a>. <\/p>\n\n\n\n<p class=\"wp-block-paragraph\"><strong>BEFORE YOU REGISTER&#8230; <\/strong><\/p>\n\n\n\n<p class=\"wp-block-paragraph\">To register for classes with us, individuals must be 18 years of age or older and reside within the southeastern region of New Brunswick, Canada. <\/p>\n\n\n\n<blockquote class=\"lacrm-embed\" data-embed-height=\"650\" data-embed-show-header=\"false\"><a href=\"https:\/\/forms.lessannoyingcrm.com\/view\/4098025883361622951584011710565\">Registration Form (EN)<\/a><\/blockquote><script async=\"true\" src=\"https:\/\/embed.lessannoyingcrm.com\/embed.js\"><\/script>\n\n\n\n<div id=\"wp-block-themeisle-blocks-advanced-columns-b4ffc801\" class=\"wp-block-themeisle-blocks-advanced-columns alignfull has-1-columns has-desktop-equal-layout has-tablet-equal-layout has-mobile-collapsedRows-layout has-reverse-columns-mobile has-vertical-bottom ticss-c00aadba has-light-bg\"><div class=\"wp-block-themeisle-blocks-advanced-columns-overlay\"><\/div><div class=\"innerblocks-wrap\">\n<div id=\"wp-block-themeisle-blocks-advanced-column-34bea031\" class=\"wp-block-themeisle-blocks-advanced-column\">\n<p class=\"has-text-align-center has-base-2-color has-text-color has-link-color wp-elements-f9458cbf9b8e393af83a457525012315 wp-block-paragraph\"><strong>LE CCEA A REMPLAC\u00c9 LE PROGRAMME GED AU CANADA<\/strong><\/p>\n\n\n\n<p class=\"has-text-align-center has-base-2-color has-text-color has-link-color wp-elements-1ee4458094e1c07130081dc6d3ba2c89 wp-block-paragraph\" style=\"font-size:clamp(0.875rem, 0.875rem + ((1vw - 0.2rem) * 0.042), 0.9rem);\">Le certificat canadien d'\u00e9ducation des adultes (CCEA)a remplac\u00e9 le programme GED en tant qu'\u00e9quivalence d'\u00e9tudes secondaires. <br><strong>Plus d'informations : <\/strong> <a href=\"https:\/\/www.alberta.ca\/canadian-adult-education-credential\" data-type=\"link\" data-id=\"https:\/\/www.alberta.ca\/canadian-adult-education-credential\" target=\"_blank\" rel=\"noreferrer noopener\">CCEA Canada<\/a>  |  <a href=\"https:\/\/www2.gnb.ca\/content\/gnb\/en\/services\/services_renderer.201580.Canadian_Adult_Education_Credential_(CAEC).html\" target=\"_blank\" rel=\"noreferrer noopener\">CCEA Nouveau-Brunswick<\/a>  |  <a href=\"https:\/\/education-se.ca\/fr\/caec-testing\/\" data-type=\"page\" data-id=\"57\">Examens du CCEA<\/a><\/p>\n<\/div>\n<\/div><\/div>\n\n\n\n<p class=\"wp-block-paragraph\"><\/p>","protected":false},"excerpt":{"rendered":"<p>REGISTRATION FORM If you would like to register for literacy or CAEC preparation classes with us, please complete the form below. Please note that fields marked with * are required. Alternatively, you can call us at 506-857-9912 to register. This registration form is for those wishing to study in English. If you would like to [&hellip;]<\/p>\n","protected":false},"author":1,"featured_media":0,"parent":53,"menu_order":1,"comment_status":"closed","ping_status":"closed","template":"page-no-title","meta":{"_crdt_document":"{\"document\":\"AAAH48LgmRvoBdsDCCSaHhy+AYoHkAE4kjOAAwooAjwuAAYCAQIKAQNKABoBAgoCQgEDSgCgAQECCgJCAQFKAKAFAQIKAkIBAUoAkAIBAgoCQgEBSgCACQECCgErSgCqAQECCgEBSgAWAQIKAQNK\/gESAg6IAQr2CqoLAQEIAQRI6guEDAEBCAEBSPZZvgG2WAIIAvhRkAE4kjOUG5YDAQEIASxICAEA4gSKBgEBCAECSMYFnAUBAQgBAUgI+B2IHgMBBQDkHT6yIAMABAIEAgYCBAMACAUAAwDGIYAKqB0BAQgBAkgKSoQBAQEIAQJIChQGDJwBBgL+EwqIFTLOEQKUFAMABAIEAwHmFKoUAgQC8BS0FAMD+hSWFQMBCALiFQKsFQMABAMDCNoGyAOOCgEBCAECSAIEAgAMCgEBCAEBSApKhAEBAQgBAUgKSr4BAQEIAQFICvoNqgMytgO6BwMFBAMCBtoHpAcCCgIKAgYCCgQWAhgCGAYEBgoEIBwm3AsCngwqBBYC4g26DQL6DYIOwA6SDgjSDgKMAqwMAQEIAQFI0A6oDgK2AgIE0BQKBgMBBAbwFLQUBIIIBQEGBPQHBAoOrAcMFA4YGhgGBAYKBCAcJoQBKpABpgbcMQKQBp4EBBQGAowBlHaqAtpZvgEBAooHkAE4kjO4GrAD6BsBBDI+AQ+iFgCAAQoBAKwEAgEHAgECAgEEBAEEBNYeAQiSGLoRmAQytgMBDIABARUDAAEDAgEAAgACAQAI3jSoOMoGCgYDAOgUrhQGAwAEgggFAQYE9AcECg6sBwwUDhgaGAYEBgoEIBwmhAEqkAHGIAQUBgLZAygDJwAEACcABACBBoQAgQCEAIEAhAAnACgEJwAoAScABwAoAycAKAUnAIcAKAMnAQQAKAUnAIcAKAMnAQQAKAMnAIcAKAMnAQQAKAMnAIcAKAMnAQQAKAMnAIcAKAMnACgtJwCHACgDJwAoAycAhwAoAycAKAUnAKgDIQGoAccAKAInASgFJwDHACgCJwAoAycAwQHEAMEAxADBBMcAKAInACguJwAoAocAKAInASgDJwDHACgCJwAoAycAKADBAMQAwQDEAMECxAHBAMQAwQDEAMEAxADBAMQAwQDEAcEAxADBAMQAwQDEAIQAxwAoAicBKAMnAAQAxwAoAicBKAMnAAQAhAXEBcEAxADBAMQAwQDEA8EAxADBAMQAwQDEAMEAxADBAMQAwQLEAMEAxADBAMQAwQLEAcEExAKEAMcAKAInASgDJwCoASgBBwAoAicBKAInAAQAhwAoAicBKAInAAQAhwAoAicBKAInAAQARACEAMQBwQDEAMEAxADBAMQAwQDEAMEAxADBAMQBwQDEAMEAxADBAMQAwQDEAMEAxADBAMQAwQDEAMEAxADBDMQAwQDEAMEBxADBAcQBwQDEAscAKAInASgCJwCEBcQZwQvEAIQAqALEvDaLM3N0YXRldmVyc2lvbmRvY3VtZW50ZGF0ZWRvY3VtZW50c2x1Z2RvY3VtZW50c3RhdHVzZG9jdW1lbnR0aXRsZVJlZ2lzdHJhdGlvbiBGb3JtZG9jdW1lbnRjb250ZW50PCEtLSB3cDpibG9jayB7InJlZiI6MTM4fSAvLS0+Cgo8IS0tIHdwOmhlYWRpbmcgeyJzdHlsZSI6eyJlbGVtZW50cyI6eyJsaW5rIjp7ImNvbG9yIjp7InRleHQiOiJ2YXI6cHJlc2V0fGNvbG9yfGN1c3RvbS10ZWFsIn19fX0sInRleHRDb2xvciI6ImN1c3RvbS10ZWFsIn0gLS0+CjxoMiBjbGFzcz0id3AtYmxvY2staGVhZGluZyBoYXMtY3VzdG9tLXRlYWwtY29sb3IgaGFzLXRleHQtY29sb3IgaGFzLWxpbmstY29sb3IiPjxzdHJvbmc+UkVHSVNUUkFUSU9OIEZPUk08L3N0cm9uZz48L2gyPgo8IS0tIC93cDpoZWFkaW5nIC0tPgoKPCEtLSB3cDpwYXJhZ3JhcGggLS0+CjxwPklmIHlvdSB3b3VsZCBsaWtlIHRvIHJlZ2lzdGVyIGZvciBsaXRlcmFjeSBvciBDQUVDIHByZXBhcmF0aW9uIGNsYXNzZXMgd2l0aCB1cywgcGxlYXNlIGNvbXBsZXRlIHRoZSBmb3JtIGJlbG93LiBQbGVhc2Ugbm90ZSB0aGF0IGZpZWxkcyBtYXJrZWQgd2l0aCAqIGFyZSByZXF1aXJlZC4gPC9wPgo8IS0tIC93cDpwYXJhZ3JhcGggLS0+Cgo8IS0tIHdwOnBhcmFncmFwaCAtLT4KPHA+QWx0ZXJuYXRpdmVseSwgeW91IGNhbiBjYWxsIHVzIGF0IDUwNi04NTctOTkxMiB0byByZWdpc3Rlci4gPC9wPgo8IS0tIC93cDpwYXJhZ3JhcGggLS0+Cgo8IS0tIHdwOnBhcmFncmFwaCAtLT4KPHA+VGhpcyByZWdpc3RyYXRpb24gZm9ybSBpcyBmb3IgdGhvc2Ugd2lzaGluZyB0byBzdHVkeSBpbiBFbmdsaXNoLiBJZiB5b3Ugd291bGQgbGlrZSB0byBzdHVkeSBpbiBGcmVuY2gsIHBsZWFzZSBjbGljayBoZXJlIGZvciBvdXIgPGEgaHJlZj0iaHR0cHM6Ly9lZHVjYXRpb24tc2UuY2EvbGl0ZXJhY3ktY2FlYy1jbGFzc2VzL2Zvcm11bGFpcmUtZGluc2NyaXB0aW9uLyIgZGF0YS10eXBlPSJwYWdlIiBkYXRhLWlkPSIyODQiPkZyYW5jb3Bob25lIFJlZ2lzdHJhdGlvbiBGb3JtPC9hPi4gPC9wPgo8IS0tIC93cDpwYXJhZ3JhcGggLS0+Cgo8IS0tIHdwOmJsb2NrIHsicmVmIjoxMzh9IC8tLT5kb2N1bWVudGV4Y2VycHRkb2N1bWVudGF1dGhvcmRvY3VtZW50ZmVhdHVyZWRfbWVkaWFkb2N1bWVudGNvbW1lbnRfc3RhdHVzZG9jdW1lbnRwaW5nX3N0YXR1c2RvY3VtZW50dGVtcGxhdGVkb2N1bWVudG1ldGFfdGhlbWVpc2xlX2d1dGVuYmVyZ19ibG9ja19oYXNfcmV2aWV3Zm9vdG5vdGVzZG9jdW1lbnRibG9ja3NjbGllbnRJZGlzVmFsaWRvcmlnaW5hbENvbnRlbnRuYW1lYXR0cmlidXRlc3JlZmNvbnRlbnRoYXNDdXN0b21DU1NjdXN0b21DU1NUcnBDb250ZW50UmVzdHJpY3Rpb25vdHRlckNvbmRpdGlvbnNpbm5lckJsb2Nrc2NsaWVudElkaXNWYWxpZG9yaWdpbmFsQ29udGVudG5hbWVhdHRyaWJ1dGVzY29udGVudDxzdHJvbmc+UkVHSVNUUkFUSU9OIEZPUk08L3N0cm9uZz5sZXZlbHN0eWxldGV4dENvbG9yaGFzQ3VzdG9tQ1NTVHJwQ29udGVudFJlc3RyaWN0aW9ub3R0ZXJDb25kaXRpb25zaW5uZXJCbG9ja3NjbGllbnRJZGlzVmFsaWRvcmlnaW5hbENvbnRlbnRuYW1lYXR0cmlidXRlc2NvbnRlbnRJZiB5b3Ugd291bGQgbGlrZSB0byByZWdpc3RlciBmb3IgbGl0ZXJhY3kgb3IgQ0FFQyBwcmVwYXJhdGlvbiBjbGFzc2VzIHdpdGggdXMsIHBsZWFzZSBjb21wbGV0ZSB0aGUgZm9ybSBiZWxvdy4gUGxlYXNlIG5vdGUgdGhhdCBmaWVsZHMgbWFya2VkIHdpdGggKiBhcmUgcmVxdWlyZWQuIGRyb3BDYXBoYXNDdXN0b21DU1NUcnBDb250ZW50UmVzdHJpY3Rpb25vdHRlckNvbmRpdGlvbnNpbm5lckJsb2Nrc2NsaWVudElkaXNWYWxpZG9yaWdpbmFsQ29udGVudG5hbWVhdHRyaWJ1dGVzY29udGVudEFsdGVybmF0aXZlbHksIHlvdSBjYW4gY2FsbCB1cyBhdCA1MDYtODU3LTk5MTIgdG8gcmVnaXN0ZXIuIGRyb3BDYXBoYXNDdXN0b21DU1NUcnBDb250ZW50UmVzdHJpY3Rpb25vdHRlckNvbmRpdGlvbnNpbm5lckJsb2Nrc2NsaWVudElkaXNWYWxpZG9yaWdpbmFsQ29udGVudG5hbWVhdHRyaWJ1dGVzY29udGVudFRoaXMgcmVnaXN0cmF0aW9uIGZvcm0gaXMgZm9yIHRob3NlIHdpc2hpbmcgdG8gc3R1ZHkgaW4gRW5nbGlzaC4gSWYgeW91IHdvdWxkIGxpa2UgdG8gc3R1ZHkgaW4gRnJlbmNoLCBwbGVhc2UgY2xpY2sgaGVyZSBmb3Igb3VyIDxhIGhyZWY9Imh0dHBzOi8vZWR1Y2F0aW9uLXNlLmNhL2xpdGVyYWN5LWNhZWMtY2xhc3Nlcy9mb3JtdWxhaXJlLWRpbnNjcmlwdGlvbi8iIGRhdGEtdHlwZT0icGFnZSIgZGF0YS1pZD0iMjg0Ij5GcmFuY29waG9uZSBSZWdpc3RyYXRpb24gRm9ybTwvYT4uIGRyb3BDYXBoYXNDdXN0b21DU1NUcnBDb250ZW50UmVzdHJpY3Rpb25vdHRlckNvbmRpdGlvbnNpbm5lckJsb2Nrc2NsaWVudElkaXNWYWxpZG9yaWdpbmFsQ29udGVudG5hbWVhdHRyaWJ1dGVzY2xpZW50SWRmb3JtSWRkaXNwbGF5VGl0bGVkaXNwbGF5RGVzY3RoZW1ldGhlbWVOYW1lbGFiZWxTaXplbGFiZWxDb2xvcmxhYmVsU3VibGFiZWxDb2xvcmxhYmVsRXJyb3JDb2xvcnBhZ2VCcmVha0NvbG9yY3VzdG9tQ3NzY29weVBhc3RlSnNvblZhbHVlZmllbGRTaXplZmllbGRCb3JkZXJTdHlsZWZpZWxkQm9yZGVyU2l6ZWZpZWxkQm9yZGVyUmFkaXVzZmllbGRCYWNrZ3JvdW5kQ29sb3JmaWVsZEJvcmRlckNvbG9yZmllbGRUZXh0Q29sb3JmaWVsZE1lbnVDb2xvcmNvbnRhaW5lclBhZGRpbmdjb250YWluZXJCb3JkZXJTdHlsZWNvbnRhaW5lckJvcmRlcldpZHRoY29udGFpbmVyQm9yZGVyQ29sb3Jjb250YWluZXJCb3JkZXJSYWRpdXNjb250YWluZXJTaGFkb3dTaXplYmFja2dyb3VuZEltYWdlYmFja2dyb3VuZFBvc2l0aW9uYmFja2dyb3VuZFJlcGVhdGJhY2tncm91bmRTaXplTW9kZWJhY2tncm91bmRTaXplYmFja2dyb3VuZFdpZHRoYmFja2dyb3VuZEhlaWdodGJhY2tncm91bmRDb2xvcmJhY2tncm91bmRVcmxidXR0b25TaXplYnV0dG9uQm9yZGVyU3R5bGVidXR0b25Cb3JkZXJTaXplYnV0dG9uQm9yZGVyUmFkaXVzYnV0dG9uQmFja2dyb3VuZENvbG9yYnV0dG9uVGV4dENvbG9yYnV0dG9uQm9yZGVyQ29sb3JUcnBDb250ZW50UmVzdHJpY3Rpb25vdHRlckNvbmRpdGlvbnNoYXNDdXN0b21DU1Npbm5lckJsb2Nrc2NsaWVudElkaXNWYWxpZG9yaWdpbmFsQ29udGVudG5hbWVhdHRyaWJ1dGVzaGVpZ2h0aGFzQ3VzdG9tQ1NTVHJwQ29udGVudFJlc3RyaWN0aW9ub3R0ZXJDb25kaXRpb25zaW5uZXJCbG9ja3NjbGllbnRJZGlzVmFsaWRvcmlnaW5hbENvbnRlbnRuYW1lYXR0cmlidXRlc3JlZmNvbnRlbnRoYXNDdXN0b21DU1NjdXN0b21DU1NUcnBDb250ZW50UmVzdHJpY3Rpb25vdHRlckNvbmRpdGlvbnNpbm5lckJsb2Nrc3N0YXRlc2F2ZWRBdHN0YXRlc2F2ZWRCeWNsaWVudElkaXNWYWxpZG5hbWVhdHRyaWJ1dGVzY2FwdGlvbmFsbG93UmVzcG9uc2l2ZXJlc3BvbnNpdmVwcmV2aWV3YWJsZWhhc0N1c3RvbUNTU1RycENvbnRlbnRSZXN0cmljdGlvbm90dGVyQ29uZGl0aW9uc2lubmVyQmxvY2tzY2xpZW50SWRpc1ZhbGlkbmFtZWF0dHJpYnV0ZXNoZWlnaHRoYXNDdXN0b21DU1NUcnBDb250ZW50UmVzdHJpY3Rpb25vdHRlckNvbmRpdGlvbnNpbm5lckJsb2Nrc2h0Y2xpZW50SWRpc1ZhbGlkbmFtZWF0dHJpYnV0ZXNsYXlvdXRUYWJsZXRsYXlvdXRNb2JpbGVwYWRkaW5nbWFyZ2luaG9yaXpvbnRhbEFsaWduY29sdW1uc0hlaWdodHZlcnRpY2FsQWxpZ25iYWNrZ3JvdW5kVHlwZWJhY2tncm91bmRBdHRhY2htZW50YmFja2dyb3VuZFJlcGVhdGJhY2tncm91bmRTaXplYmFja2dyb3VuZEdyYWRpZW50YmFja2dyb3VuZE92ZXJsYXlPcGFjaXR5YmFja2dyb3VuZE92ZXJsYXlUeXBlYmFja2dyb3VuZE92ZXJsYXlBdHRhY2htZW50YmFja2dyb3VuZE92ZXJsYXlSZXBlYXRiYWNrZ3JvdW5kT3ZlcmxheVNpemViYWNrZ3JvdW5kT3ZlcmxheUdyYWRpZW50YmFja2dyb3VuZE92ZXJsYXlGaWx0ZXJCbHVyYmFja2dyb3VuZE92ZXJsYXlGaWx0ZXJCcmlnaHRuZXNzYmFja2dyb3VuZE92ZXJsYXlGaWx0ZXJDb250cmFzdGJhY2tncm91bmRPdmVybGF5RmlsdGVyR3JheXNjYWxlYmFja2dyb3VuZE92ZXJsYXlGaWx0ZXJIdWViYWNrZ3JvdW5kT3ZlcmxheUZpbHRlclNhdHVyYXRlYmFja2dyb3VuZE92ZXJsYXlCbGVuZGJveFNoYWRvd2JveFNoYWRvd0NvbG9yYm94U2hhZG93Q29sb3JPcGFjaXR5Ym94U2hhZG93Qmx1cmJveFNoYWRvd1NwcmVhZGJveFNoYWRvd0hvcml6b250YWxib3hTaGFkb3dWZXJ0aWNhbGRpdmlkZXJUb3BUeXBlZGl2aWRlclRvcENvbG9yZGl2aWRlclRvcEludmVydGRpdmlkZXJCb3R0b21UeXBlZGl2aWRlckJvdHRvbUNvbG9yZGl2aWRlckJvdHRvbUludmVydGhpZGVoaWRlVGFibGV0aGlkZU1vYmlsZXJldmVyc2VDb2x1bW5zVGFibGV0cmV2ZXJzZUNvbHVtbnNNb2JpbGVjb2x1bW5zSFRNTFRhZ1RycENvbnRlbnRSZXN0cmljdGlvbm90dGVyQ29uZGl0aW9uc2hhc0N1c3RvbUNTU2lubmVyQmxvY2tzaWRjb2x1bW5zY2xhc3NOYW1lY2xpZW50SWRpc1ZhbGlkbmFtZWF0dHJpYnV0ZXNjb250ZW50ZHJvcENhcGhhc0N1c3RvbUNTU1RycENvbnRlbnRSZXN0cmljdGlvbm90dGVyQ29uZGl0aW9uc2lubmVyQmxvY2tzY2xpZW50SWRpc1ZhbGlkbmFtZWF0dHJpYnV0ZXNoYXNDdXN0b21DU1NjdXN0b21DU1NUcnBDb250ZW50UmVzdHJpY3Rpb25vdHRlckNvbmRpdGlvbnNpbm5lckJsb2Nrc2NvbnRlbnRtIHF1b3RlY2xhc3M9ImxhY3JtLWVtYmVkIiBkYXRhLWVtYmVkLWhlaWdodD0iNjUwIiBkYXRhLWVtYmVkLXNob3ctaGVhZGVyPSJmYWxzZSI+PGEgaHJlZj0iaHR0cHM6Ly9mb3Jtcy5sZXNzYW5ub3lpbmdjcm0uY29tL3ZpZXcvNDA5ODA4MjI5ODc1NjUiPlJlZ2lzdHJhdGlvbiBGb3JtIChFTik8L2E+PC9ibG9ja3F1b3RlPjxzY3JpcHQgYXN5bmM9InRydWUiIHNyYz0iaHR0cHM6Ly9lbWJlZC5sZXNzYW5ub3lpbmdjcm0uY29tL2VtYmVkLmpzIj48L3NjcmlwdD4KPCEtLSAvd3A6aHRtbCAtLT4KCjwhLS0gd3A6YmxvY2sgCgo8IS0tIHdwOnBhcmFncmFwaCAtLT4KPHA+PC9wPgo8IS0tIC93cDpwYXJhZ3JhcGggLS0+Y2xpZW50SWRpc1ZhbGlkbmFtZWF0dHJpYnV0ZXNjb250ZW50ZHJvcENhcGhhc0N1c3RvbUNTU1RycENvbnRlbnRSZXN0cmljdGlvbm90dGVyQ29uZGl0aW9uc2lubmVyQmxvY2tzQkVGT1JFIFlPVSBSRUdJU1RFUi4uLiBjbGllbnRJZGlzVmFsaWRuYW1lYXR0cmlidXRlc2NvbnRlbnRkcm9wQ2FwaGFzQ3VzdG9tQ1NTVHJwQ29udGVudFJlc3RyaWN0aW9ub3R0ZXJDb25kaXRpb25zaW5uZXJCbG9ja3NMZXQnc1RvIGJlICBhIHJlZ2lzdGVyIGZvciBjbGFzc2VzIHdpdGggdXMsIGluZGl2aWR1YWxzIG11c3QgYmUgbWVldCB0aGUgZm9sbG93aW5nIGVsaWdpYmxwYXJhZ3JhcCAtLT4KPHA+QkVGT1JFIFlPVSBSRUdJU1RFUi4uLiA8L3A+CjwhLS0gL3dwOnBhcmFncmFwaCAtLT4KCjwhLS0gd3A6cGFyYWdyYXBoIC0tPgo8cD5UbyByZWdpc2VyIGZvciBjbGFzc2VzIHdpdGggdXMsIGluZGl2aWR1YWxzIHVzdCBlIGUgZm9vbmVpaXJnICB3IC0tPgo8aWxpdHkgcmVxdWlyZW1lbnRzOiBjbGllbnRJZGlzVmFsaWRuYW1lYXR0cmlidXRlc2NvbnRlbnRkcm9wQ2FwaGFzQ3VzdG9tQ1NTVHJwQ29udGVudFJlc3RyaWN0aW9ub3R0ZXJDb25kaXRpb25zaW5uZXJCbG9ja3NvcmRlcmVkdmFsdWVzY2xpZW50SWRpc1ZhbGlkbmFtZWF0dHJpYnV0ZXNjb250ZW50aGFzQ3VzdG9tQ1NTVHJwQ29udGVudFJlc3RyaWN0aW9ub3R0ZXJDb25kaXRpb25zaW5uZXJCbG9ja3MxOCB5ZWFycyBvZiBhZ2Ugb3Igb2xkZXJjbGllbnRJZGlzVmFsaWRuYW1lYXR0cmlidXRlc2NvbnRlbnRoYXNDdXN0b21DU1NUcnBDb250ZW50UmVzdHJpY3Rpb25vdHRlckNvbmRpdGlvbnNpbm5lckJsb2Nrc0xpdmUgaW4gdGhlIFNvdXNvdXRod2FlYXN0IHJlZ2lvbiBvZiBOZXcgQnJ1bnN3aWNrLCBDY2xpZW50SWRpc1ZhbGlkbmFtZWF0dHJpYnV0ZXNjb250ZW50aGFzQ3VzdG9tQ1NTVHJwQ29udGVudFJlc3RyaWN0aW9ub3R0ZXJDb25kaXRpb25zaW5uZXJCbG9ja3NOb3QgYWxyZWFkeSBob2xkIGFJZk5ld2NvbWVycyB0bzxzdHJvbmc+PC9zdHJvbmc+PHN0cm9uZz5zdHJvbmc+PC90IGV1ZWVuICB1c3djayAgPC9wPgo8IS0tL3dwOiAKIS0tIHdwOmh0bWwgLS0+CjxjbGllbnRJZGlzVmFsaWRuYW1lYXR0cmlidXRlc2NvbnRlbnRoYXNDdXN0b21DU1NUcnBDb250ZW50UmVzdHJpY3Rpb25vdHRlckNvbmRpdGlvbnNpbm5lckJsb2Nrc2JlIDgxOCB5ZWFycyBvZiBhZ2Ugb3Igb2xkZXIgYW5kIHJlc2lkZSB3aXRoaW4gdGhlIHNvdXRoZWFzdGVybiByZWdpb24gb2YgTmV3IEJydW5zd2ljaywgQ2FuYWRhIC4gSWYgeW91IGFyZSB1bmRlciB0aGUgYWdlIG9mIDE4LCBvciBkbyBub3QgcmVzaWRlIGluIHNvdXRoZWFzdGVybiBOZXcgQnJ1bnN3aWNrLCBiMTggeWFyc28gYWdlIHIgbGRlciBhZHJzZGUgd2hpbnRoIHNvdGhhc3RyZWlvbm9mTmVCcm5pLENhbmFkYS5wYXJhZ3JhcGhwbGVhc2UgZDI1ODMzNjE2NTE1NDAxMTEwBQcIBAgECAYIBREIB40PBQEQCAcIBggOCA4IC0gBBCUJCAYIBw8ECgMHDAkVDwsIBw8ECgciRQAJDBUPCwgHDwQKB6QCBwwVDwsIBw8ECgc8BwwVDwsIBw8ECgeUBAcMFQ8LCAcPBAoIBgwLBUkAChIPDgkSCRAPERQQTgAQVAEVEw8SEBIODxAPDQoREBIVDxEVDwwLCAcPBAoGDBUPCwgHDwQKAwcMCRUPCwUHBQcIBwQKBw8KCwwVDwsIBwQKBgwVDwtBAAgHBApMAAcGD00ADhQQDhIYFRsXFRkbIR8gGh8WCQ4VDQ8TEQ4PEBESEwRKAFQADhUPDAsCBwkIBwQKRwAMFQ8LCAcECgwJFQ8LB0EABYACQQQCAZoCNggHBApHAAwVDwsXCAcECkcADBUPCwUDBi4DARpIABk8JARBDwQBFAgHBApHAAwVDwsHBggHBAoHDBUPCxgIBwQKBwwVDws1CAcECgcMFQ8LIAgJCAlBCgJBAAJBAAUEQQARCAcECgcMFQ8LAwGbAQECkAEBBAMBBQIGQQEEAwIDAgNBAANCAUEBBwkIAgYDBAIUAQQAAAEAAAABBgABAQAAiAEBAQBNQgEBAEEAAEEAAgBBAAIAQQACAEEAAgBBAABBAABBAABBAAIAQQAAQQAAQQACAEEAAEEAAgBBAAIAQQACAEEAAgBBAAIAQQACAEEAAgBpQQIOP6UDKBypGaABFB5BjQEEEgQlCQUICkFCAgFCAEEAQgADAgQCQQ5CAAECQQJHAAEEAgEDAkEfA0EBAgEDBEUAAwULTAADAgMFAhAOExUFCBULCUMAAQRBBAIDAQUEAQQFAkEAAkEBAbkEAH0BdxMyMDI0LTA4LTE4VDE2OjA5OjMzdxRyZWdpc3RyYXRpb24tZm9ybS1lbncHcHVibGlzaH0BfQB3BmNsb3NlZHcGY2xvc2Vkdw1wYWdlLW5vLXRpdGxleXcAdyRlZjFmODllNi1lNDNhLTQ2NWQtYTdlMi1hZGNhMGU1YjEyOGV4dwB3CmNvcmUvYmxvY2t9igJ1AHl3AHYDEHJlc3RyaWN0aW9uX3R5cGV3B2V4Y2x1ZGUSc2VsZWN0ZWRfbGFuZ3VhZ2VzdQAKcGFuZWxfb3Blbnh1AHckMmUyMWM2YjQtYzE4NC00M2E3LTg3NmEtYTJkYmNmZjRjNGI4eHd4PGgyIGNsYXNzPSJ3cC1ibG9jay1oZWFkaW5nIGhhcy1jdXN0b20tdGVhbC1jb2xvciBoYXMtdGV4dC1jb2xvciBoYXMtbGluay1jb2xvciI+PHN0cm9uZz5SRUdJU1RSQVRJT04gRk9STTwvc3Ryb25nPjwvaDI+dwxjb3JlL2hlYWRpbmd9AnYBCGVsZW1lbnRzdgEEbGlua3YBBWNvbG9ydgEEdGV4dHccdmFyOnByZXNldHxjb2xvcnxjdXN0b20tdGVhbHcLY3VzdG9tLXRlYWx5dgMQcmVzdHJpY3Rpb25fdHlwZXcHZXhjbHVkZRJzZWxlY3RlZF9sYW5ndWFnZXN1AApwYW5lbF9vcGVueHUAdyRkNzg5YjAzMS01M2U3LTRlNzMtODM3Mi03MjhhYmE5ODRhZDJ4d6sBPHA+SWYgeW91IHdvdWxkIGxpa2UgdG8gcmVnaXN0ZXIgZm9yIGxpdGVyYWN5IG9yIENBRUMgcHJlcGFyYXRpb24gY2xhc3NlcyB3aXRoIHVzLCBwbGVhc2UgY29tcGxldGUgdGhlIGZvcm0gYmVsb3cuIFBsZWFzZSBub3RlIHRoYXQgZmllbGRzIG1hcmtlZCB3aXRoICogYXJlIHJlcXVpcmVkLiA8L3A+dw5jb3JlL3BhcmFncmFwaHl5dgMQcmVzdHJpY3Rpb25fdHlwZXcHZXhjbHVkZRJzZWxlY3RlZF9sYW5ndWFnZXN1AApwYW5lbF9vcGVueHUAdyQ5NmRhNDZhMi1hNjBiLTRjM2MtODEzNC04NDk2ZTA0MDA5MDB4d0M8cD5BbHRlcm5hdGl2ZWx5LCB5b3UgY2FuIGNhbGwgdXMgYXQgNTA2LTg1Ny05OTEyIHRvIHJlZ2lzdGVyLiA8L3A+dw5jb3JlL3BhcmFncmFwaHl5dgMQcmVzdHJpY3Rpb25fdHlwZXcHZXhjbHVkZRJzZWxlY3RlZF9sYW5ndWFnZXN1AApwYW5lbF9vcGVueHUAdyQ0ZGU3YWVhOS1hNDc1LTQ5ZDktYjYxNy1kOTVhZDI3ZTBkYTd4d5sCPHA+VGhpcyByZWdpc3RyYXRpb24gZm9ybSBpcyBmb3IgdGhvc2Ugd2lzaGluZyB0byBzdHVkeSBpbiBFbmdsaXNoLiBJZiB5b3Ugd291bGQgbGlrZSB0byBzdHVkeSBpbiBGcmVuY2gsIHBsZWFzZSBjbGljayBoZXJlIGZvciBvdXIgPGEgaHJlZj0iaHR0cHM6Ly9lZHVjYXRpb24tc2UuY2EvbGl0ZXJhY3ktY2FlYy1jbGFzc2VzL2Zvcm11bGFpcmUtZGluc2NyaXB0aW9uLyIgZGF0YS10eXBlPSJwYWdlIiBkYXRhLWlkPSIyODQiPkZyYW5jb3Bob25lIFJlZ2lzdHJhdGlvbiBGb3JtPC9hPi4gPC9wPncOY29yZS9wYXJhZ3JhcGh5eXYDEHJlc3RyaWN0aW9uX3R5cGV3B2V4Y2x1ZGUSc2VsZWN0ZWRfbGFuZ3VhZ2VzdQAKcGFuZWxfb3Blbnh1AHckYTAzYTY1Y2QtYzg3Ny00ZTRlLTkxN2ItYTI1YTRiMzBmOTI1eHcAdxV3cGZvcm1zL2Zvcm0tc2VsZWN0b3J3JGU4YTczM2FjLTRlNTMtNDZjZi1iOWQxLTZmYWUyNDQ1MWYzMHcDMjUweXl3AHcAdwZtZWRpdW13FXJnYmEoIDAsIDAsIDAsIDAuODUgKXcVcmdiYSggMCwgMCwgMCwgMC41NSApdwcjZDYzNjM3dwcjMDY2YWFidwB34Qh7ImRpc3BsYXlUaXRsZSI6ZmFsc2UsImRpc3BsYXlEZXNjIjpmYWxzZSwidGhlbWUiOiJkZWZhdWx0IiwidGhlbWVOYW1lIjoiIiwiZmllbGRTaXplIjoibWVkaXVtIiwiYmFja2dyb3VuZEltYWdlIjoibm9uZSIsImJhY2tncm91bmRQb3NpdGlvbiI6ImNlbnRlciBjZW50ZXIiLCJiYWNrZ3JvdW5kUmVwZWF0Ijoibm8tcmVwZWF0IiwiYmFja2dyb3VuZFNpemVNb2RlIjoiY292ZXIiLCJiYWNrZ3JvdW5kU2l6ZSI6ImNvdmVyIiwiYmFja2dyb3VuZFdpZHRoIjoiMTAwcHgiLCJiYWNrZ3JvdW5kSGVpZ2h0IjoiMTAwcHgiLCJiYWNrZ3JvdW5kVXJsIjoidXJsKCkiLCJiYWNrZ3JvdW5kQ29sb3IiOiJyZ2JhKCAwLCAwLCAwLCAwICkiLCJmaWVsZEJvcmRlclJhZGl1cyI6IjNweCIsImZpZWxkQm9yZGVyU3R5bGUiOiJzb2xpZCIsImZpZWxkQm9yZGVyU2l6ZSI6IjFweCIsImZpZWxkQmFja2dyb3VuZENvbG9yIjoiI2ZmZmZmZiIsImZpZWxkQm9yZGVyQ29sb3IiOiJyZ2JhKCAwLCAwLCAwLCAwLjI1ICkiLCJmaWVsZFRleHRDb2xvciI6InJnYmEoIDAsIDAsIDAsIDAuNyApIiwiZmllbGRNZW51Q29sb3IiOiIjZmZmZmZmIiwibGFiZWxTaXplIjoibWVkaXVtIiwibGFiZWxDb2xvciI6InJnYmEoIDAsIDAsIDAsIDAuODUgKSIsImxhYmVsU3VibGFiZWxDb2xvciI6InJnYmEoIDAsIDAsIDAsIDAuNTUgKSIsImxhYmVsRXJyb3JDb2xvciI6IiNkNjM2MzciLCJidXR0b25TaXplIjoibWVkaXVtIiwiYnV0dG9uQm9yZGVyU3R5bGUiOiJub25lIiwiYnV0dG9uQm9yZGVyU2l6ZSI6IjFweCIsImJ1dHRvbkJvcmRlclJhZGl1cyI6IjNweCIsImJ1dHRvbkJhY2tncm91bmRDb2xvciI6IiMwNjZhYWIiLCJidXR0b25UZXh0Q29sb3IiOiIjZmZmZmZmIiwiYnV0dG9uQm9yZGVyQ29sb3IiOiIjMDY2YWFiIiwicGFnZUJyZWFrQ29sb3IiOiIjMDY2YWFiIiwiY29udGFpbmVyUGFkZGluZyI6IjBweCIsImNvbnRhaW5lckJvcmRlclN0eWxlIjoibm9uZSIsImNvbnRhaW5lckJvcmRlcldpZHRoIjoiMXB4IiwiY29udGFpbmVyQm9yZGVyQ29sb3IiOiIjMDAwMDAwIiwiY29udGFpbmVyQm9yZGVyUmFkaXVzIjoiM3B4IiwiY29udGFpbmVyU2hhZG93U2l6ZSI6Im5vbmUiLCJjdXN0b21Dc3MiOiIifXcGbWVkaXVtdwVzb2xpZHcDMXB4dwMzcHh3ByNmZmZmZmZ3FXJnYmEoIDAsIDAsIDAsIDAuMjUgKXcUcmdiYSggMCwgMCwgMCwgMC43ICl3ByNmZmZmZmZ3AzBweHcEbm9uZXcDMXB4dwcjMDAwMDAwdwMzcHh3BG5vbmV3BG5vbmV3DWNlbnRlciBjZW50ZXJ3CW5vLXJlcGVhdHcFY292ZXJ3BWNvdmVydwUxMDBweHcFMTAwcHh3EnJnYmEoIDAsIDAsIDAsIDAgKXcFdXJsKCl3Bm1lZGl1bXcEbm9uZXcDMXB4dwMzcHh3ByMwNjZhYWJ3ByNmZmZmZmZ3ByMwNjZhYWJ2AxByZXN0cmljdGlvbl90eXBldwdleGNsdWRlEnNlbGVjdGVkX2xhbmd1YWdlc3UACnBhbmVsX29wZW54dQB5dyRkNmY2YjZmYS1lMDZjLTQ3MzQtODkzNy02ZjJlZjY1MjQ3YWV4d0o8ZGl2IHN0eWxlPSJoZWlnaHQ6NTBweCIgYXJpYS1oaWRkZW49InRydWUiIGNsYXNzPSJ3cC1ibG9jay1zcGFjZXIiPjwvZGl2PncLY29yZS9zcGFjZXJ3BDUwcHh5dgMQcmVzdHJpY3Rpb25fdHlwZXcHZXhjbHVkZRJzZWxlY3RlZF9sYW5ndWFnZXN1AApwYW5lbF9vcGVueHUAdyRkYTdiNjU0ZC1mNjcxLTQwZmItYWE3NC1hZWVhMjFlZjQ0Yjh4dwB3CmNvcmUvYmxvY2t9igJ1AHl3AHYDEHJlc3RyaWN0aW9uX3R5cGV3B2V4Y2x1ZGUSc2VsZWN0ZWRfbGFuZ3VhZ2VzdQAKcGFuZWxfb3Blbnh1AHckNWY2NDA3NjAtNWU1ZC00NjFkLTgxM2EtYmU2NjQ4NDI1YjUzdwdkZWZhdWx0dwdEZWZhdWx0d+gIeyJkaXNwbGF5VGl0bGUiOmZhbHNlLCJkaXNwbGF5RGVzYyI6ZmFsc2UsInRoZW1lIjoiZGVmYXVsdCIsInRoZW1lTmFtZSI6IkRlZmF1bHQiLCJmaWVsZFNpemUiOiJtZWRpdW0iLCJiYWNrZ3JvdW5kSW1hZ2UiOiJub25lIiwiYmFja2dyb3VuZFBvc2l0aW9uIjoiY2VudGVyIGNlbnRlciIsImJhY2tncm91bmRSZXBlYXQiOiJuby1yZXBlYXQiLCJiYWNrZ3JvdW5kU2l6ZU1vZGUiOiJjb3ZlciIsImJhY2tncm91bmRTaXplIjoiY292ZXIiLCJiYWNrZ3JvdW5kV2lkdGgiOiIxMDBweCIsImJhY2tncm91bmRIZWlnaHQiOiIxMDBweCIsImJhY2tncm91bmRVcmwiOiJ1cmwoKSIsImJhY2tncm91bmRDb2xvciI6InJnYmEoIDAsIDAsIDAsIDAgKSIsImZpZWxkQm9yZGVyUmFkaXVzIjoiM3B4IiwiZmllbGRCb3JkZXJTdHlsZSI6InNvbGlkIiwiZmllbGRCb3JkZXJTaXplIjoiMXB4IiwiZmllbGRCYWNrZ3JvdW5kQ29sb3IiOiIjZmZmZmZmIiwiZmllbGRCb3JkZXJDb2xvciI6InJnYmEoIDAsIDAsIDAsIDAuMjUgKSIsImZpZWxkVGV4dENvbG9yIjoicmdiYSggMCwgMCwgMCwgMC43ICkiLCJmaWVsZE1lbnVDb2xvciI6IiNmZmZmZmYiLCJsYWJlbFNpemUiOiJtZWRpdW0iLCJsYWJlbENvbG9yIjoicmdiYSggMCwgMCwgMCwgMC44NSApIiwibGFiZWxTdWJsYWJlbENvbG9yIjoicmdiYSggMCwgMCwgMCwgMC41NSApIiwibGFiZWxFcnJvckNvbG9yIjoiI2Q2MzYzNyIsImJ1dHRvblNpemUiOiJtZWRpdW0iLCJidXR0b25Cb3JkZXJTdHlsZSI6Im5vbmUiLCJidXR0b25Cb3JkZXJTaXplIjoiMXB4IiwiYnV0dG9uQm9yZGVyUmFkaXVzIjoiM3B4IiwiYnV0dG9uQmFja2dyb3VuZENvbG9yIjoiIzA2NmFhYiIsImJ1dHRvblRleHRDb2xvciI6IiNmZmZmZmYiLCJidXR0b25Cb3JkZXJDb2xvciI6IiMwNjZhYWIiLCJwYWdlQnJlYWtDb2xvciI6IiMwNjZhYWIiLCJjb250YWluZXJQYWRkaW5nIjoiMHB4IiwiY29udGFpbmVyQm9yZGVyU3R5bGUiOiJub25lIiwiY29udGFpbmVyQm9yZGVyV2lkdGgiOiIxcHgiLCJjb250YWluZXJCb3JkZXJDb2xvciI6IiMwMDAwMDAiLCJjb250YWluZXJCb3JkZXJSYWRpdXMiOiIzcHgiLCJjb250YWluZXJTaGFkb3dTaXplIjoibm9uZSIsImN1c3RvbUNzcyI6IiJ9dyQ4YTdiOTE2Ny0yZjQyLTQxZWYtYjBkOC01ZGFkYTU0ZjdjYjZ3BDUxcHh3JDM2YTJkYTU0LWMxNTMtNDFmNC05NjI5LTlkMGRiYzE0ZjJmMXh3CmNvcmUvZW1iZWR4eXh5dgMQcmVzdHJpY3Rpb25fdHlwZXcHZXhjbHVkZRJzZWxlY3RlZF9sYW5ndWFnZXN1AApwYW5lbF9vcGVueHUAdyRjMTZkNDM2Ni00NmUxLTQ1ZmQtOWIwZS1lZmRkYWY3N2NiZDR4dwtjb3JlL3NwYWNlcncFMTAwcHh5dgMQcmVzdHJpY3Rpb25fdHlwZXcHZXhjbHVkZRJzZWxlY3RlZF9sYW5ndWFnZXN1AApwYW5lbF9vcGVueHUAdyRkNjg5MDlmZi0wZjJlLTQ3NjUtYTI3Yi1kYTdiOWJhMTY1OWV4dyF0aGVtZWlzbGUtYmxvY2tzL2FkdmFuY2VkLWNvbHVtbnN3BWVxdWFsdwVlcXVhbHYEA3RvcHcDMHB4BXJpZ2h0dwMwcHgGYm90dG9tdwMwcHgEbGVmdHcDMHB4dgQDdG9wdwMwcHgFcmlnaHR3AzBweAZib3R0b213AzBweARsZWZ0dwMwcHh3BXVuc2V0dwRhdXRvdwV1bnNldHcFY29sb3J3BnNjcm9sbHcGcmVwZWF0dwRhdXRvd0RsaW5lYXItZ3JhZGllbnQoOTBkZWcscmdiYSg1NCwyMDksMjIwLDEpIDAlLHJnYmEoOTEsMTM0LDIyOSwxKSAxMDAlKX0ydwVjb2xvcncGc2Nyb2xsdwZyZXBlYXR3BGF1dG93RGxpbmVhci1ncmFkaWVudCg5MGRlZyxyZ2JhKDU0LDIwOSwyMjAsMSkgMCUscmdiYSg5MSwxMzQsMjI5LDEpIDEwMCUpfQB9Cn0KfQB9AH0KdwZub3JtYWx5dwcjMDAwMDAwfTJ9BX0AfQB9AHcEbm9uZXcHIzAwMDAwMHl3BG5vbmV3ByMwMDAwMDB5eXl5eXl3A2RpdnYDEHJlc3RyaWN0aW9uX3R5cGV3B2V4Y2x1ZGUSc2VsZWN0ZWRfbGFuZ3VhZ2VzdQAKcGFuZWxfb3Blbnh1AHl3M3dwLWJsb2NrLXRoZW1laXNsZS1ibG9ja3MtYWR2YW5jZWQtY29sdW1ucy1kNjg5MDlmZn0AdwB3JDBmMWVmNjc2LWM1YjktNGU3Yi1hODMyLTRjNDVkNTNiNDVjY3h3DmNvcmUvcGFyYWdyYXBoeXl2AxByZXN0cmljdGlvbl90eXBldwdleGNsdWRlEnNlbGVjdGVkX2xhbmd1YWdlc3UACnBhbmVsX29wZW54dQB3JGVmNDQyZDk4LTMwOWMtNDJiNS04ZGRjLTY2YTRhYTNiMDUzOXh3CWNvcmUvaHRtbHl3AHYDEHJlc3RyaWN0aW9uX3R5cGV3B2V4Y2x1ZGUSc2VsZWN0ZWRfbGFuZ3VhZ2VzdQAKcGFuZWxfb3Blbnh1AHeeAjxibG9ja3F1b3RlIGNsYXNzPSJsYWNybS1lbWJlZCIgZGF0YS1lbWJlZC1oZWlnaHQ9IjY1MCIgZGF0YS1lbWJlZC1zaG93LWhlYWRlcj0iZmFsc2UiPjxhIGhyZWY9Imh0dHBzOi8vZm9ybXMubGVzc2Fubm95aW5nY3JtLmNvbS92aWV3LzQwOTgwMDg0MDIwOTI0NjM5NDM4Nzk3NjM1NjQyNTgiPlJlZ2lzdHJhdGlvbiBGb3JtIChFTik8L2E+PC9ibG9ja3F1b3RlPjxzY3JpcHQgYXN5bmM9InRydWUiIHNyYz0iaHR0cHM6Ly9lbWJlZC5sZXNzYW5ub3lpbmdjcm0uY29tL2VtYmVkLmpzIj48L3NjcmlwdD53JDUzNGQzMmJhLTY0NDMtNDBmYy1hZWUwLTI1NDNmNzBhYTQ2Y3h3DmNvcmUvcGFyYWdyYXBoeXl2AxByZXN0cmljdGlvbl90eXBldwdleGNsdWRlEnNlbGVjdGVkX2xhbmd1YWdlc3UACnBhbmVsX29wZW54dQB3JDIyOTgzZDdkLWZkYjMtNDU2ZC1iMWUzLWY5MjFmNDA1NWUxNXh3DmNvcmUvcGFyYWdyYXBoeXl2AxByZXN0cmljdGlvbl90eXBldwdleGNsdWRlEnNlbGVjdGVkX2xhbmd1YWdlc3UACnBhbmVsX29wZW54dQB3JGUzODZiZmJlLWVmYTctNGJjOS05YWVjLTIxY2M2NjIzNTMwZnh3DmNvcmUvcGFyYWdyYXBoeXl2AxByZXN0cmljdGlvbl90eXBldwdleGNsdWRlEnNlbGVjdGVkX2xhbmd1YWdlc3UACnBhbmVsX29wZW54dQB3JDIxZTQ1MGQyLTEyNDEtNGM3My1hOWMxLTczYjAxODllOGFlYncJY29yZS9saXN0eXcAdyRkNDJjYTc3Mi1hMGM1LTQzMzEtYmYyNi05Mjk0Mjc5YTU1YzF4dw5jb3JlL2xpc3QtaXRlbXl2AxByZXN0cmljdGlvbl90eXBldwdleGNsdWRlEnNlbGVjdGVkX2xhbmd1YWdlc3UACnBhbmVsX29wZW54dQB3JGNmOGE2YTExLTMxNWQtNDdiNS1iYzdjLTEzZDYyZDJiYWUzZnh3DmNvcmUvbGlzdC1pdGVteXYDEHJlc3RyaWN0aW9uX3R5cGV3B2V4Y2x1ZGUSc2VsZWN0ZWRfbGFuZ3VhZ2VzdQAKcGFuZWxfb3Blbnh1AHckMzRhMDRkNGItODYxZC00MTE2LTkzYmMtYTljOTZiMjdhZmExeHcOY29yZS9saXN0LWl0ZW15dgMQcmVzdHJpY3Rpb25fdHlwZXcHZXhjbHVkZRJzZWxlY3RlZF9sYW5ndWFnZXN1AApwYW5lbF9vcGVueHUAdyRmOGI2ZjViNC01MDI3LTQyM2UtODE5Yi1kYTkyMmE1NWNlMDB4dw5jb3JlL2xpc3QtaXRlbXl2AxByZXN0cmljdGlvbl90eXBldwdleGNsdWRlEnNlbGVjdGVkX2xhbmd1YWdlc3UACnBhbmVsX29wZW54dQB7QnncsfvocAB7QeszghRgAAB3ngI8YmxvY2txdW90ZSBjbGFzcz0ibGFjcm0tZW1iZWQiIGRhdGEtZW1iZWQtaGVpZ2h0PSI2NTAiIGRhdGEtZW1iZWQtc2hvdy1oZWFkZXI9ImZhbHNlIj48YSBocmVmPSJodHRwczovL2Zvcm1zLmxlc3Nhbm5veWluZ2NybS5jb20vdmlldy80MDk4MDI1ODgzMzYxNjIyOTUxNTg0MDExNzEwNTY1Ij5SZWdpc3RyYXRpb24gRm9ybSAoRU4pPC9hPjwvYmxvY2txdW90ZT48c2NyaXB0IGFzeW5jPSJ0cnVlIiBzcmM9Imh0dHBzOi8vZW1iZWQubGVzc2Fubm95aW5nY3JtLmNvbS9lbWJlZC5qcyI+PC9zY3JpcHQ+AaOh8MwNPeQHvhAFEwEd7wQ\/DTQBAwF8FQIBAAEEhQEAAQEBAQECAQECAwIBAQD9AQQDBS4CARmNAQABAQEBBAABAQEAAQABAAEOAQABAwEFAgUGrQEiAgEAAQABAAEBAQACAgEDAQQBBAECAQQCCgELAYIBAgoBCwEDCQMTCQMAWwACTz8eCQc=\",\"updateId\":189379597}","_themeisle_gutenberg_block_has_review":false,"footnotes":""},"class_list":["post-256","page","type-page","status-publish","hentry"],"_links":{"self":[{"href":"https:\/\/education-se.ca\/fr\/wp-json\/wp\/v2\/pages\/256","targetHints":{"allow":["GET"]}}],"collection":[{"href":"https:\/\/education-se.ca\/fr\/wp-json\/wp\/v2\/pages"}],"about":[{"href":"https:\/\/education-se.ca\/fr\/wp-json\/wp\/v2\/types\/page"}],"author":[{"embeddable":true,"href":"https:\/\/education-se.ca\/fr\/wp-json\/wp\/v2\/users\/1"}],"replies":[{"embeddable":true,"href":"https:\/\/education-se.ca\/fr\/wp-json\/wp\/v2\/comments?post=256"}],"version-history":[{"count":10,"href":"https:\/\/education-se.ca\/fr\/wp-json\/wp\/v2\/pages\/256\/revisions"}],"predecessor-version":[{"id":509,"href":"https:\/\/education-se.ca\/fr\/wp-json\/wp\/v2\/pages\/256\/revisions\/509"}],"up":[{"embeddable":true,"href":"https:\/\/education-se.ca\/fr\/wp-json\/wp\/v2\/pages\/53"}],"wp:attachment":[{"href":"https:\/\/education-se.ca\/fr\/wp-json\/wp\/v2\/media?parent=256"}],"curies":[{"name":"wp","href":"https:\/\/api.w.org\/{rel}","templated":true}]}}