{"id":235,"date":"2024-08-17T22:16:35","date_gmt":"2024-08-17T22:16:35","guid":{"rendered":"https:\/\/education-se.ca\/?page_id=235"},"modified":"2026-02-20T21:29:03","modified_gmt":"2026-02-20T21:29:03","slug":"french-computer-classes","status":"publish","type":"page","link":"https:\/\/education-se.ca\/fr\/computer-classes\/french-computer-classes\/","title":{"rendered":"Cours d'informatique en fran\u00e7ais"},"content":{"rendered":"<div id=\"wp-block-themeisle-blocks-advanced-columns-b4ffc801\" class=\"wp-block-themeisle-blocks-advanced-columns alignfull has-1-columns has-desktop-equal-layout has-tablet-equal-layout has-mobile-collapsedRows-layout has-reverse-columns-mobile has-vertical-bottom ticss-c00aadba has-light-bg\"><div class=\"wp-block-themeisle-blocks-advanced-columns-overlay\"><\/div><div class=\"innerblocks-wrap\">\n<div id=\"wp-block-themeisle-blocks-advanced-column-34bea031\" class=\"wp-block-themeisle-blocks-advanced-column\">\n<p class=\"has-text-align-center has-base-2-color has-text-color has-link-color wp-elements-f9458cbf9b8e393af83a457525012315 wp-block-paragraph\"><strong>LE CCEA A REMPLAC\u00c9 LE PROGRAMME GED AU CANADA<\/strong><\/p>\n\n\n\n<p class=\"has-text-align-center has-base-2-color has-text-color has-link-color wp-elements-1ee4458094e1c07130081dc6d3ba2c89 wp-block-paragraph\" style=\"font-size:clamp(0.875rem, 0.875rem + ((1vw - 0.2rem) * 0.042), 0.9rem);\">Le certificat canadien d'\u00e9ducation des adultes (CCEA)a remplac\u00e9 le programme GED en tant qu'\u00e9quivalence d'\u00e9tudes secondaires. <br><strong>Plus d'informations : <\/strong> <a href=\"https:\/\/www.alberta.ca\/canadian-adult-education-credential\" data-type=\"link\" data-id=\"https:\/\/www.alberta.ca\/canadian-adult-education-credential\" target=\"_blank\" rel=\"noreferrer noopener\">CCEA Canada<\/a>  |  <a href=\"https:\/\/www2.gnb.ca\/content\/gnb\/en\/services\/services_renderer.201580.Canadian_Adult_Education_Credential_(CAEC).html\" target=\"_blank\" rel=\"noreferrer noopener\">CCEA Nouveau-Brunswick<\/a>  |  <a href=\"https:\/\/education-se.ca\/fr\/caec-testing\/\" data-type=\"page\" data-id=\"57\">Examens du CCEA<\/a><\/p>\n<\/div>\n<\/div><\/div>\n\n\n\n<h2 class=\"wp-block-heading has-custom-teal-color has-text-color has-link-color wp-elements-07c8095da5680945a78215ed28d99853\"><strong>COURS D'INFORMATIQUE EN FRAN\u00c7AIS<\/strong><\/h2>\n\n\n\n<p class=\"wp-block-paragraph\">Voici nos prochains cours d'informatique en fran\u00e7ais. Cliquez ici si vous cherchez des <a href=\"https:\/\/education-se.ca\/fr\/computer-classes\/english-computer-classes\/\" data-type=\"page\" data-id=\"233\">Cours d'informatique en anglais<\/a>.<\/p>\n\n\n\n<p class=\"has-custom-color-1-color has-text-color has-link-color wp-elements-cdf273e88bcc71d6701ec530b05cfee5 wp-block-paragraph\"><strong>Pour vous inscrire \u00e0 l'un de nos cours d'informatique, veuillez appeler le num\u00e9ro de t\u00e9l\u00e9phone indiqu\u00e9 dans la liste des cours.<\/strong><\/p>\n\n\n\n<p class=\"wp-block-paragraph\"><strong><span style=\"text-decoration: underline;\">INTRO \u00c0 L\u2019INTERNET, COURRIEL, S\u00c9CURIT\u00c9 ET DOSSIERS<br><\/span>D\u00e9but\/fin :<\/strong> 18 et 25 mars \/ 1, 15 et 22 avril \/ 6 mai, 2026<br><strong>Horaire :<\/strong> les mercredis - 13:45 - 16:15<br><strong>Langue :<\/strong> Fran\u00e7ais<br><strong>Adresse :<\/strong> Biblioth\u00e8que publique de Dieppe (333 Acadie Ave, Dieppe, NB E1A 1G9)<br><strong>Pour s'inscrire :<\/strong> 506-857-9912<\/p>\n\n\n\n<p class=\"wp-block-paragraph\"><strong><span style=\"text-decoration: underline;\">FORMATION DE MS WORD ET POWERPOINT<br><\/span>D\u00e9but\/fin :<\/strong> 27 mars - 8 mai, 2026<br><strong>Horaire :<\/strong> les vrendredis - 13:45 - 16:15<br><strong>Langue :<\/strong> Fran\u00e7ais<br><strong>Adresse :<\/strong> Biblioth\u00e8que publique de Moncton  (644 rue Main , Suite 101, Moncton NB, E1C 1E2)<br><strong>Pour s'inscrire :<\/strong> 506-857-9912<\/p>\n\n\n\n<p class=\"wp-block-paragraph\"><strong><span style=\"text-decoration: underline;\">FORMATION \u00c0 MS EXCEL<br><\/span>D\u00e9but\/fin :<\/strong> 27 mars - 8 mai, 2026<br><strong>Horaire :<\/strong> les vendredis - 10:15 - 12:30<br><strong>Langue :<\/strong> Fran\u00e7ais<br><strong>Adresse :<\/strong> Biblioth\u00e8que publique de Moncton  (644 rue Main , Suite 101, Moncton NB, E1C 1E2)<br><strong>Pour s'inscrire :<\/strong> 506-857-9912<\/p>","protected":false},"excerpt":{"rendered":"<p>COMPUTER CLASSES IN FRENCH Here are our upcoming computer skills classes being facilitated in French. Click here if you are looking for Computer Skills Classes in English. To register for any of our computer skills classes, please call the telephone number indicated in the class listing. INTRO TO INTERNET, EMAIL, SECURITY AND FOLDERSStart\/End Dates: March [&hellip;]<\/p>\n","protected":false},"author":1,"featured_media":0,"parent":55,"menu_order":2,"comment_status":"closed","ping_status":"closed","template":"page-no-title","meta":{"_crdt_document":"","_themeisle_gutenberg_block_has_review":false,"footnotes":""},"class_list":["post-235","page","type-page","status-publish","hentry"],"_links":{"self":[{"href":"https:\/\/education-se.ca\/fr\/wp-json\/wp\/v2\/pages\/235","targetHints":{"allow":["GET"]}}],"collection":[{"href":"https:\/\/education-se.ca\/fr\/wp-json\/wp\/v2\/pages"}],"about":[{"href":"https:\/\/education-se.ca\/fr\/wp-json\/wp\/v2\/types\/page"}],"author":[{"embeddable":true,"href":"https:\/\/education-se.ca\/fr\/wp-json\/wp\/v2\/users\/1"}],"replies":[{"embeddable":true,"href":"https:\/\/education-se.ca\/fr\/wp-json\/wp\/v2\/comments?post=235"}],"version-history":[{"count":37,"href":"https:\/\/education-se.ca\/fr\/wp-json\/wp\/v2\/pages\/235\/revisions"}],"predecessor-version":[{"id":476,"href":"https:\/\/education-se.ca\/fr\/wp-json\/wp\/v2\/pages\/235\/revisions\/476"}],"up":[{"embeddable":true,"href":"https:\/\/education-se.ca\/fr\/wp-json\/wp\/v2\/pages\/55"}],"wp:attachment":[{"href":"https:\/\/education-se.ca\/fr\/wp-json\/wp\/v2\/media?parent=235"}],"curies":[{"name":"wp","href":"https:\/\/api.w.org\/{rel}","templated":true}]}}