{"id":153,"date":"2024-08-17T19:05:38","date_gmt":"2024-08-17T19:05:38","guid":{"rendered":"https:\/\/education-se.ca\/?page_id=153"},"modified":"2024-08-17T19:47:05","modified_gmt":"2024-08-17T19:47:05","slug":"get-involved","status":"publish","type":"page","link":"https:\/\/education-se.ca\/fr\/about-us\/get-involved\/","title":{"rendered":"Participez"},"content":{"rendered":"<div id=\"wp-block-themeisle-blocks-advanced-columns-b4ffc801\" class=\"wp-block-themeisle-blocks-advanced-columns alignfull has-1-columns has-desktop-equal-layout has-tablet-equal-layout has-mobile-collapsedRows-layout has-reverse-columns-mobile has-vertical-bottom ticss-c00aadba has-light-bg\"><div class=\"wp-block-themeisle-blocks-advanced-columns-overlay\"><\/div><div class=\"innerblocks-wrap\">\n<div id=\"wp-block-themeisle-blocks-advanced-column-34bea031\" class=\"wp-block-themeisle-blocks-advanced-column\">\n<p class=\"has-text-align-center has-base-2-color has-text-color has-link-color wp-elements-f9458cbf9b8e393af83a457525012315 wp-block-paragraph\"><strong>LE CCEA A REMPLAC\u00c9 LE PROGRAMME GED AU CANADA<\/strong><\/p>\n\n\n\n<p class=\"has-text-align-center has-base-2-color has-text-color has-link-color wp-elements-1ee4458094e1c07130081dc6d3ba2c89 wp-block-paragraph\" style=\"font-size:clamp(0.875rem, 0.875rem + ((1vw - 0.2rem) * 0.042), 0.9rem);\">Le certificat canadien d'\u00e9ducation des adultes (CCEA)a remplac\u00e9 le programme GED en tant qu'\u00e9quivalence d'\u00e9tudes secondaires. <br><strong>Plus d'informations : <\/strong> <a href=\"https:\/\/www.alberta.ca\/canadian-adult-education-credential\" data-type=\"link\" data-id=\"https:\/\/www.alberta.ca\/canadian-adult-education-credential\" target=\"_blank\" rel=\"noreferrer noopener\">CCEA Canada<\/a>  |  <a href=\"https:\/\/www2.gnb.ca\/content\/gnb\/en\/services\/services_renderer.201580.Canadian_Adult_Education_Credential_(CAEC).html\" target=\"_blank\" rel=\"noreferrer noopener\">CCEA Nouveau-Brunswick<\/a>  |  <a href=\"https:\/\/education-se.ca\/fr\/caec-testing\/\" data-type=\"page\" data-id=\"57\">Examens du CCEA<\/a><\/p>\n<\/div>\n<\/div><\/div>\n\n\n\n<h2 class=\"wp-block-heading has-custom-teal-color has-text-color has-link-color wp-elements-f19cd51752e196cf5bde37d6ba6517c5\"><strong>PARTICIPEZ<\/strong><\/h2>\n\n\n\n<p class=\"wp-block-paragraph\">Il y a trois fa\u00e7ons de vous impliquer aupr\u00e8s de l'\u00e9ducation des adultes du Sud-Est : <\/p>\n\n\n\n<ul class=\"wp-block-list\">\n<li>Rejoindre le conseil d'administration de SEAE-\u00c9ASE<\/li>\n\n\n\n<li>Se porter b\u00e9n\u00e9vole pour aider les apprenants qui ont besoin d'aide suppl\u00e9mentaire<\/li>\n\n\n\n<li>Faites un don \u00e0 SEAE-\u00c9ASE, un organisme de bienfaisance enregistr\u00e9. Un re\u00e7u sera remis pour tout montant sup\u00e9rieur \u00e0 10 $. <\/li>\n<\/ul>\n\n\n\n<p class=\"wp-block-paragraph\"><\/p>\n\n\n\n<p class=\"wp-block-paragraph\"><\/p>\n\n\n\n<h4 class=\"wp-block-heading has-custom-color-1-color has-text-color has-link-color wp-elements-3d01d5cf773702c6a735035c744d0657\"><strong>Rejoindre le conseil d'administration<\/strong><\/h4>\n\n\n\n<p class=\"wp-block-paragraph\">Le comit\u00e9 de nomination est toujours \u00e0 la recherche de personnes int\u00e9ress\u00e9es par l'alphab\u00e9tisation et l'\u00e9ducation des adultes pour s'impliquer en tant que membres du conseil d'administration. Les membres du conseil d'administration peuvent \u00eatre nomm\u00e9s \u00e0 n'importe quel moment de l'ann\u00e9e et ratifi\u00e9s lors de l'assembl\u00e9e g\u00e9n\u00e9rale annuelle en septembre. Si vous avez de l'exp\u00e9rience dans le domaine de l'\u00e9ducation des adultes ou si les rapports sur les faibles niveaux d'alphab\u00e9tisation au Nouveau-Brunswick vous pr\u00e9occupent, vous pourriez \u00eatre un membre pr\u00e9cieux du conseil d'administration.  Si vous souhaitez aider SEAE-\u00c9ASE en vous portant volontaire pour si\u00e9ger au conseil d'administration, veuillez communiquer avec le pr\u00e9sident du comit\u00e9 de mise en candidature en envoyant un courriel \u00e0 l'adresse suivante\n\nTraduit avec www.DeepL.com\/Translator (version gratuite)&nbsp;<a href=\"mailto:info@education-se.ca\">info@education-se.ca<\/a>&nbsp;ou en appelant le 506-857-9912. Les membres du conseil d'administration ne sont pas r\u00e9mun\u00e9r\u00e9s.<\/p>\n\n\n\n<p class=\"wp-block-paragraph\">Les comit\u00e9s du conseil d'administration, \u00e0 savoir les comit\u00e9s des finances, des ressources humaines, de la communication et du marketing, de la sant\u00e9 et de la s\u00e9curit\u00e9, des installations et des nominations, peuvent faire appel \u00e0 vos talents si vous avez de l'exp\u00e9rience dans l'un ou l'autre de ces domaines. Les comit\u00e9s se r\u00e9unissent en cas de besoin et peuvent se r\u00e9unir fr\u00e9quemment lorsqu'un projet est entrepris. Vous pouvez les contacter par courrier \u00e9lectronique \u00e0 l'adresse suivante&nbsp;<a href=\"mailto:info@education-se.ca\">info@education-se.ca<\/a>&nbsp;ou par t\u00e9l\u00e9phone au 506-857-9912.<\/p>\n\n\n\n<p class=\"wp-block-paragraph\"><\/p>\n\n\n\n<p class=\"wp-block-paragraph\"><\/p>\n\n\n\n<h4 class=\"wp-block-heading has-custom-color-1-color has-text-color has-link-color wp-elements-7621c7604ce742e8668d392183f7a711\"><strong>B\u00e9n\u00e9voles<\/strong><\/h4>\n\n\n\n<p class=\"wp-block-paragraph\">Les b\u00e9n\u00e9voles peuvent \u00eatre charg\u00e9s d'aider les apprenants sous la supervision de l'enseignant de la salle de classe. Aucune pr\u00e9paration n'est n\u00e9cessaire pour cette aide en classe, mais un int\u00e9r\u00eat pour l'\u00e9ducation des adultes serait un atout. Une v\u00e9rification du casier judiciaire sera exig\u00e9e.  Les enseignants retrait\u00e9s sont les bienvenus.<\/p>\n\n\n\n<p class=\"wp-block-paragraph\"><\/p>\n\n\n\n<p class=\"wp-block-paragraph\"><\/p>\n\n\n\n<div id=\"wp-block-themeisle-blocks-advanced-columns-b4ffc801\" class=\"wp-block-themeisle-blocks-advanced-columns alignfull has-1-columns has-desktop-equal-layout has-tablet-equal-layout has-mobile-collapsedRows-layout has-reverse-columns-mobile has-vertical-bottom ticss-c00aadba has-light-bg\"><div class=\"wp-block-themeisle-blocks-advanced-columns-overlay\"><\/div><div class=\"innerblocks-wrap\">\n<div id=\"wp-block-themeisle-blocks-advanced-column-34bea031\" class=\"wp-block-themeisle-blocks-advanced-column\">\n<p class=\"has-text-align-center has-base-2-color has-text-color has-link-color wp-elements-f9458cbf9b8e393af83a457525012315 wp-block-paragraph\"><strong>LE CCEA A REMPLAC\u00c9 LE PROGRAMME GED AU CANADA<\/strong><\/p>\n\n\n\n<p class=\"has-text-align-center has-base-2-color has-text-color has-link-color wp-elements-1ee4458094e1c07130081dc6d3ba2c89 wp-block-paragraph\" style=\"font-size:clamp(0.875rem, 0.875rem + ((1vw - 0.2rem) * 0.042), 0.9rem);\">Le certificat canadien d'\u00e9ducation des adultes (CCEA)a remplac\u00e9 le programme GED en tant qu'\u00e9quivalence d'\u00e9tudes secondaires. <br><strong>Plus d'informations : <\/strong> <a href=\"https:\/\/www.alberta.ca\/canadian-adult-education-credential\" data-type=\"link\" data-id=\"https:\/\/www.alberta.ca\/canadian-adult-education-credential\" target=\"_blank\" rel=\"noreferrer noopener\">CCEA Canada<\/a>  |  <a href=\"https:\/\/www2.gnb.ca\/content\/gnb\/en\/services\/services_renderer.201580.Canadian_Adult_Education_Credential_(CAEC).html\" target=\"_blank\" rel=\"noreferrer noopener\">CCEA Nouveau-Brunswick<\/a>  |  <a href=\"https:\/\/education-se.ca\/fr\/caec-testing\/\" data-type=\"page\" data-id=\"57\">Examens du CCEA<\/a><\/p>\n<\/div>\n<\/div><\/div>","protected":false},"excerpt":{"rendered":"<p>GET INVOLVED There are three ways to get involved with South East Adult Education: Join the Board The Nominating Committee is always looking for people interested in literacy and adult learning to be involved as Board members. Board members may be appointed at any time during the year and then ratified at the Annual General [&hellip;]<\/p>\n","protected":false},"author":1,"featured_media":0,"parent":51,"menu_order":3,"comment_status":"closed","ping_status":"closed","template":"page-no-title","meta":{"_crdt_document":"","_themeisle_gutenberg_block_has_review":false,"footnotes":""},"class_list":["post-153","page","type-page","status-publish","hentry"],"_links":{"self":[{"href":"https:\/\/education-se.ca\/fr\/wp-json\/wp\/v2\/pages\/153","targetHints":{"allow":["GET"]}}],"collection":[{"href":"https:\/\/education-se.ca\/fr\/wp-json\/wp\/v2\/pages"}],"about":[{"href":"https:\/\/education-se.ca\/fr\/wp-json\/wp\/v2\/types\/page"}],"author":[{"embeddable":true,"href":"https:\/\/education-se.ca\/fr\/wp-json\/wp\/v2\/users\/1"}],"replies":[{"embeddable":true,"href":"https:\/\/education-se.ca\/fr\/wp-json\/wp\/v2\/comments?post=153"}],"version-history":[{"count":5,"href":"https:\/\/education-se.ca\/fr\/wp-json\/wp\/v2\/pages\/153\/revisions"}],"predecessor-version":[{"id":184,"href":"https:\/\/education-se.ca\/fr\/wp-json\/wp\/v2\/pages\/153\/revisions\/184"}],"up":[{"embeddable":true,"href":"https:\/\/education-se.ca\/fr\/wp-json\/wp\/v2\/pages\/51"}],"wp:attachment":[{"href":"https:\/\/education-se.ca\/fr\/wp-json\/wp\/v2\/media?parent=153"}],"curies":[{"name":"wp","href":"https:\/\/api.w.org\/{rel}","templated":true}]}}