{"id":151,"date":"2024-08-17T19:05:25","date_gmt":"2024-08-17T19:05:25","guid":{"rendered":"https:\/\/education-se.ca\/?page_id=151"},"modified":"2024-08-17T19:39:58","modified_gmt":"2024-08-17T19:39:58","slug":"partners","status":"publish","type":"page","link":"https:\/\/education-se.ca\/fr\/about-us\/partners\/","title":{"rendered":"Partenaires"},"content":{"rendered":"<div id=\"wp-block-themeisle-blocks-advanced-columns-b4ffc801\" class=\"wp-block-themeisle-blocks-advanced-columns alignfull has-1-columns has-desktop-equal-layout has-tablet-equal-layout has-mobile-collapsedRows-layout has-reverse-columns-mobile has-vertical-bottom ticss-c00aadba has-light-bg\"><div class=\"wp-block-themeisle-blocks-advanced-columns-overlay\"><\/div><div class=\"innerblocks-wrap\">\n<div id=\"wp-block-themeisle-blocks-advanced-column-34bea031\" class=\"wp-block-themeisle-blocks-advanced-column\">\n<p class=\"has-text-align-center has-base-2-color has-text-color has-link-color wp-elements-f9458cbf9b8e393af83a457525012315 wp-block-paragraph\"><strong>LE CCEA A REMPLAC\u00c9 LE PROGRAMME GED AU CANADA<\/strong><\/p>\n\n\n\n<p class=\"has-text-align-center has-base-2-color has-text-color has-link-color wp-elements-1ee4458094e1c07130081dc6d3ba2c89 wp-block-paragraph\" style=\"font-size:clamp(0.875rem, 0.875rem + ((1vw - 0.2rem) * 0.042), 0.9rem);\">Le certificat canadien d'\u00e9ducation des adultes (CCEA)a remplac\u00e9 le programme GED en tant qu'\u00e9quivalence d'\u00e9tudes secondaires. <br><strong>Plus d'informations : <\/strong> <a href=\"https:\/\/www.alberta.ca\/canadian-adult-education-credential\" data-type=\"link\" data-id=\"https:\/\/www.alberta.ca\/canadian-adult-education-credential\" target=\"_blank\" rel=\"noreferrer noopener\">CCEA Canada<\/a>  |  <a href=\"https:\/\/www2.gnb.ca\/content\/gnb\/en\/services\/services_renderer.201580.Canadian_Adult_Education_Credential_(CAEC).html\" target=\"_blank\" rel=\"noreferrer noopener\">CCEA Nouveau-Brunswick<\/a>  |  <a href=\"https:\/\/education-se.ca\/fr\/caec-testing\/\" data-type=\"page\" data-id=\"57\">Examens du CCEA<\/a><\/p>\n<\/div>\n<\/div><\/div>\n\n\n\n<h2 class=\"wp-block-heading has-custom-teal-color has-text-color has-link-color wp-elements-6974ef79f078b436ec45981fa6d01aba\"><strong>NOS PARTENAIRES<\/strong><\/h2>\n\n\n\n<figure class=\"wp-block-table is-style-stripes has-medium-font-size\"><table><tbody><tr><td><strong>CCNB Dieppe<\/strong><br><a href=\"https:\/\/ccnb.ca\/\" target=\"_blank\" rel=\"noreferrer noopener\">ccnb.ca<\/a><\/td><td class=\"has-text-align-center\" data-align=\"center\"><a href=\"https:\/\/ccnb.ca\/\" target=\"_blank\" rel=\"noreferrer noopener\"><img loading=\"lazy\" decoding=\"async\" width=\"150\" height=\"100\" class=\"wp-image-164\" style=\"width: 150px;\" src=\"https:\/\/education-se.ca\/wp-content\/uploads\/2024\/08\/CCNB.jpg\" alt=\"\" srcset=\"https:\/\/education-se.ca\/wp-content\/uploads\/2024\/08\/CCNB.jpg 300w, https:\/\/education-se.ca\/wp-content\/uploads\/2024\/08\/CCNB-18x12.jpg 18w\" sizes=\"auto, (max-width: 150px) 100vw, 150px\" \/><\/a><\/td><\/tr><tr><td><strong>\u00c9glise baptiste Highfield<br><\/strong><a href=\"https:\/\/highfieldbaptist.org\/\" target=\"_blank\" rel=\"noreferrer noopener\">highfieldbaptist.org<\/a><\/td><td class=\"has-text-align-center\" data-align=\"center\"><a href=\"https:\/\/highfieldbaptist.org\/\" target=\"_blank\" rel=\"noreferrer noopener\"><img loading=\"lazy\" decoding=\"async\" width=\"150\" height=\"100\" class=\"wp-image-165\" style=\"width: 150px;\" src=\"https:\/\/education-se.ca\/wp-content\/uploads\/2024\/08\/HighfieldBaptist.jpg\" alt=\"\" srcset=\"https:\/\/education-se.ca\/wp-content\/uploads\/2024\/08\/HighfieldBaptist.jpg 300w, https:\/\/education-se.ca\/wp-content\/uploads\/2024\/08\/HighfieldBaptist-18x12.jpg 18w\" sizes=\"auto, (max-width: 150px) 100vw, 150px\" \/><\/a><\/td><\/tr><tr><td><strong>NBCC Moncton<br><\/strong><a href=\"https:\/\/nbcc.ca\/campuses\/moncton\" data-type=\"link\" data-id=\"https:\/\/nbcc.ca\/campuses\/moncton\" target=\"_blank\" rel=\"noreferrer noopener\">nbcc.ca<\/a><\/td><td class=\"has-text-align-center\" data-align=\"center\"><a href=\"https:\/\/nbcc.ca\/campuses\/moncton\" target=\"_blank\" rel=\"noreferrer noopener\"><img loading=\"lazy\" decoding=\"async\" width=\"150\" height=\"150\" class=\"wp-image-168\" style=\"width: 150px;\" src=\"https:\/\/education-se.ca\/wp-content\/uploads\/2024\/08\/nbcc-logo.png\" alt=\"\" srcset=\"https:\/\/education-se.ca\/wp-content\/uploads\/2024\/08\/nbcc-logo.png 225w, https:\/\/education-se.ca\/wp-content\/uploads\/2024\/08\/nbcc-logo-150x150.png 150w, https:\/\/education-se.ca\/wp-content\/uploads\/2024\/08\/nbcc-logo-12x12.png 12w\" sizes=\"auto, (max-width: 150px) 100vw, 150px\" \/><\/a><\/td><\/tr><tr><td><strong>Logement sociaux NB<\/strong><\/td><td class=\"has-text-align-center\" data-align=\"center\"><img loading=\"lazy\" decoding=\"async\" width=\"150\" height=\"73\" class=\"wp-image-169\" style=\"width: 150px;\" src=\"https:\/\/education-se.ca\/wp-content\/uploads\/2024\/08\/nb-logo.png\" alt=\"\" srcset=\"https:\/\/education-se.ca\/wp-content\/uploads\/2024\/08\/nb-logo.png 2560w, https:\/\/education-se.ca\/wp-content\/uploads\/2024\/08\/nb-logo-300x147.png 300w, https:\/\/education-se.ca\/wp-content\/uploads\/2024\/08\/nb-logo-1024x500.png 1024w, https:\/\/education-se.ca\/wp-content\/uploads\/2024\/08\/nb-logo-768x375.png 768w, https:\/\/education-se.ca\/wp-content\/uploads\/2024\/08\/nb-logo-1536x751.png 1536w, https:\/\/education-se.ca\/wp-content\/uploads\/2024\/08\/nb-logo-2048x1001.png 2048w, https:\/\/education-se.ca\/wp-content\/uploads\/2024\/08\/nb-logo-18x9.png 18w\" sizes=\"auto, (max-width: 150px) 100vw, 150px\" \/><\/td><\/tr><tr><td><strong>\u00c9glise presbyt\u00e9rienne Saint Andrews<br><\/strong><a href=\"https:\/\/www.standrewsmoncton.com\/\" target=\"_blank\" rel=\"noreferrer noopener\">standrewsmoncton.com<\/a><\/td><td class=\"has-text-align-center\" data-align=\"center\"><a href=\"https:\/\/www.standrewsmoncton.com\/\" target=\"_blank\" rel=\"noreferrer noopener\"><img loading=\"lazy\" decoding=\"async\" width=\"150\" height=\"100\" class=\"wp-image-174\" style=\"width: 150px;\" src=\"https:\/\/education-se.ca\/wp-content\/uploads\/2024\/08\/StAndrews-Church.jpg\" alt=\"\" srcset=\"https:\/\/education-se.ca\/wp-content\/uploads\/2024\/08\/StAndrews-Church.jpg 300w, https:\/\/education-se.ca\/wp-content\/uploads\/2024\/08\/StAndrews-Church-18x12.jpg 18w\" sizes=\"auto, (max-width: 150px) 100vw, 150px\" \/><\/a><\/td><\/tr><tr><td><strong>Centre correctionnel r\u00e9gional du Sud-Est<\/strong><\/td><td class=\"has-text-align-center\" data-align=\"center\"><img loading=\"lazy\" decoding=\"async\" width=\"150\" height=\"113\" class=\"wp-image-173\" style=\"width: 150px;\" src=\"https:\/\/education-se.ca\/wp-content\/uploads\/2024\/08\/srcc-pic.jpg\" alt=\"\" srcset=\"https:\/\/education-se.ca\/wp-content\/uploads\/2024\/08\/srcc-pic.jpg 617w, https:\/\/education-se.ca\/wp-content\/uploads\/2024\/08\/srcc-pic-300x225.jpg 300w, https:\/\/education-se.ca\/wp-content\/uploads\/2024\/08\/srcc-pic-16x12.jpg 16w\" sizes=\"auto, (max-width: 150px) 100vw, 150px\" \/><\/td><\/tr><tr><td><strong>Ville de Sackville<br><\/strong><a href=\"https:\/\/sackville.com\/\" target=\"_blank\" rel=\"noreferrer noopener\">sackville.com<\/a><\/td><td class=\"has-text-align-center\" data-align=\"center\"><a href=\"https:\/\/sackville.com\/\" target=\"_blank\" rel=\"noreferrer noopener\"><img loading=\"lazy\" decoding=\"async\" width=\"150\" height=\"100\" class=\"wp-image-170\" style=\"width: 150px;\" src=\"https:\/\/education-se.ca\/wp-content\/uploads\/2024\/08\/Sackville.jpg\" alt=\"\" srcset=\"https:\/\/education-se.ca\/wp-content\/uploads\/2024\/08\/Sackville.jpg 300w, https:\/\/education-se.ca\/wp-content\/uploads\/2024\/08\/Sackville-18x12.jpg 18w\" sizes=\"auto, (max-width: 150px) 100vw, 150px\" \/><\/a><\/td><\/tr><tr><td><strong>Vestiare St-Joseph<br><\/strong><a href=\"https:\/\/vestiairestjoseph.com\/\" target=\"_blank\" rel=\"noreferrer noopener\">vestiarestjoseph.com<\/a><\/td><td class=\"has-text-align-center\" data-align=\"center\"><a href=\"https:\/\/vestiairestjoseph.com\/\" data-type=\"link\" data-id=\"https:\/\/vestiairestjoseph.com\/\" target=\"_blank\" rel=\"noreferrer noopener\"><img loading=\"lazy\" decoding=\"async\" width=\"150\" height=\"100\" class=\"wp-image-175\" style=\"width: 150px;\" src=\"https:\/\/education-se.ca\/wp-content\/uploads\/2024\/08\/Vestiaire-StJoseph.jpg\" alt=\"\" srcset=\"https:\/\/education-se.ca\/wp-content\/uploads\/2024\/08\/Vestiaire-StJoseph.jpg 300w, https:\/\/education-se.ca\/wp-content\/uploads\/2024\/08\/Vestiaire-StJoseph-18x12.jpg 18w\" sizes=\"auto, (max-width: 150px) 100vw, 150px\" \/><\/a><\/td><\/tr><tr><td><strong>Village de Cap-Pel\u00e9<\/strong><\/td><td class=\"has-text-align-center\" data-align=\"center\"><img loading=\"lazy\" decoding=\"async\" width=\"150\" height=\"100\" class=\"wp-image-163\" style=\"width: 150px;\" src=\"https:\/\/education-se.ca\/wp-content\/uploads\/2024\/08\/CapPele.jpg\" alt=\"\" srcset=\"https:\/\/education-se.ca\/wp-content\/uploads\/2024\/08\/CapPele.jpg 300w, https:\/\/education-se.ca\/wp-content\/uploads\/2024\/08\/CapPele-18x12.jpg 18w\" sizes=\"auto, (max-width: 150px) 100vw, 150px\" \/><\/td><\/tr><tr><td><strong>Village de Salisbury<\/strong><br><a href=\"https:\/\/salisburynb.ca\/\" data-type=\"link\" data-id=\"https:\/\/salisburynb.ca\/\" target=\"_blank\" rel=\"noreferrer noopener\">salisburynb.ca<\/a><\/td><td class=\"has-text-align-center\" data-align=\"center\"><a href=\"https:\/\/salisburynb.ca\/\" data-type=\"link\" data-id=\"https:\/\/salisburynb.ca\/\" target=\"_blank\" rel=\"noreferrer noopener\"><img loading=\"lazy\" decoding=\"async\" width=\"150\" height=\"109\" class=\"wp-image-171\" style=\"width: 150px;\" src=\"https:\/\/education-se.ca\/wp-content\/uploads\/2024\/08\/salisbury-logo.png\" alt=\"\" srcset=\"https:\/\/education-se.ca\/wp-content\/uploads\/2024\/08\/salisbury-logo.png 276w, https:\/\/education-se.ca\/wp-content\/uploads\/2024\/08\/salisbury-logo-18x12.png 18w\" sizes=\"auto, (max-width: 150px) 100vw, 150px\" \/><\/a><\/td><\/tr><tr><td><strong>Youth Impact Jeunesse<br><\/strong><a href=\"https:\/\/youthimpact.org\/\" target=\"_blank\" rel=\"noreferrer noopener\">youthimpact.org<\/a><\/td><td class=\"has-text-align-center\" data-align=\"center\"><a href=\"https:\/\/youthimpact.org\/\" target=\"_blank\" rel=\"noreferrer noopener\"><img loading=\"lazy\" decoding=\"async\" width=\"150\" height=\"150\" class=\"wp-image-176\" style=\"width: 150px;\" src=\"https:\/\/education-se.ca\/wp-content\/uploads\/2024\/08\/youthimpact-logo.jpg\" alt=\"\" srcset=\"https:\/\/education-se.ca\/wp-content\/uploads\/2024\/08\/youthimpact-logo.jpg 225w, https:\/\/education-se.ca\/wp-content\/uploads\/2024\/08\/youthimpact-logo-150x150.jpg 150w, https:\/\/education-se.ca\/wp-content\/uploads\/2024\/08\/youthimpact-logo-12x12.jpg 12w\" sizes=\"auto, (max-width: 150px) 100vw, 150px\" \/><\/a><\/td><\/tr><tr><td><strong>YWCA Moncton<br><\/strong><a href=\"https:\/\/www.ywcamoncton.com\/\" target=\"_blank\" rel=\"noreferrer noopener\">ywcamoncton.com<\/a><\/td><td class=\"has-text-align-center\" data-align=\"center\"><a href=\"https:\/\/www.ywcamoncton.com\/\" target=\"_blank\" rel=\"noreferrer noopener\"><img loading=\"lazy\" decoding=\"async\" width=\"150\" height=\"100\" class=\"wp-image-177\" style=\"width: 150px;\" src=\"https:\/\/education-se.ca\/wp-content\/uploads\/2024\/08\/YWCA.jpg\" alt=\"\" srcset=\"https:\/\/education-se.ca\/wp-content\/uploads\/2024\/08\/YWCA.jpg 300w, https:\/\/education-se.ca\/wp-content\/uploads\/2024\/08\/YWCA-18x12.jpg 18w\" sizes=\"auto, (max-width: 150px) 100vw, 150px\" \/><\/a><\/td><\/tr><tr><td><strong>Royal Canadian Legion &#8211; Sunny Brae Branch 54<br><\/strong><a href=\"https:\/\/nb.legion.ca\/about-us\/branches\/westmorland-albert-district\/\" target=\"_blank\" rel=\"noreferrer noopener\">nb.legion.ca<\/a><\/td><td class=\"has-text-align-center\" data-align=\"center\"><a href=\"https:\/\/nb.legion.ca\/about-us\/branches\/westmorland-albert-district\/\" data-type=\"link\" data-id=\"https:\/\/nb.legion.ca\/about-us\/branches\/westmorland-albert-district\/\" target=\"_blank\" rel=\"noreferrer noopener\"><img loading=\"lazy\" decoding=\"async\" width=\"150\" height=\"199\" class=\"wp-image-166\" style=\"width: 150px;\" src=\"https:\/\/education-se.ca\/wp-content\/uploads\/2024\/08\/legion-logo.png\" alt=\"\" srcset=\"https:\/\/education-se.ca\/wp-content\/uploads\/2024\/08\/legion-logo.png 204w, https:\/\/education-se.ca\/wp-content\/uploads\/2024\/08\/legion-logo-9x12.png 9w\" sizes=\"auto, (max-width: 150px) 100vw, 150px\" \/><\/a><\/td><\/tr><tr><td><strong>Scouts de Cap-Pel\u00e9<br><\/strong><a href=\"https:\/\/www.facebook.com\/people\/Scouts-de-Cap-Pel%C3%A9\/100064623852200\/?locale=he_IL&amp;paipv=0&amp;eav=AfZhHdGyd3PVPtZyO27SkWKdrWoA6WarjvBIs3A8N3rc-IayLDMe1H45sM7_b7tqGuI&amp;_rdr\" data-type=\"link\" data-id=\"https:\/\/www.facebook.com\/people\/Scouts-de-Cap-Pel%C3%A9\/100064623852200\/?locale=he_IL&amp;paipv=0&amp;eav=AfZhHdGyd3PVPtZyO27SkWKdrWoA6WarjvBIs3A8N3rc-IayLDMe1H45sM7_b7tqGuI&amp;_rdr\" target=\"_blank\" rel=\"noreferrer noopener\">Scouts de Cap-Pel\u00e9 on FaceBook<\/a><\/td><td class=\"has-text-align-center\" data-align=\"center\"><a href=\"https:\/\/www.facebook.com\/people\/Scouts-de-Cap-Pel%C3%A9\/100064623852200\/?locale=he_IL&amp;paipv=0&amp;eav=AfZhHdGyd3PVPtZyO27SkWKdrWoA6WarjvBIs3A8N3rc-IayLDMe1H45sM7_b7tqGuI&amp;_rdr\" target=\"_blank\" rel=\"noreferrer noopener\"><img loading=\"lazy\" decoding=\"async\" width=\"150\" height=\"151\" class=\"wp-image-172\" style=\"width: 150px;\" src=\"https:\/\/education-se.ca\/wp-content\/uploads\/2024\/08\/scouts-logo.jpg\" alt=\"\" srcset=\"https:\/\/education-se.ca\/wp-content\/uploads\/2024\/08\/scouts-logo.jpg 224w, https:\/\/education-se.ca\/wp-content\/uploads\/2024\/08\/scouts-logo-150x150.jpg 150w, https:\/\/education-se.ca\/wp-content\/uploads\/2024\/08\/scouts-logo-12x12.jpg 12w\" sizes=\"auto, (max-width: 150px) 100vw, 150px\" \/><\/a><\/td><\/tr><tr><td><strong>\u00c9glise Living Waters<\/strong><\/td><td class=\"has-text-align-center\" data-align=\"center\"><img loading=\"lazy\" decoding=\"async\" width=\"150\" height=\"65\" class=\"wp-image-167\" style=\"width: 150px;\" src=\"https:\/\/education-se.ca\/wp-content\/uploads\/2024\/08\/livingwaters-logo.png\" alt=\"\" srcset=\"https:\/\/education-se.ca\/wp-content\/uploads\/2024\/08\/livingwaters-logo.png 612w, https:\/\/education-se.ca\/wp-content\/uploads\/2024\/08\/livingwaters-logo-300x131.png 300w, https:\/\/education-se.ca\/wp-content\/uploads\/2024\/08\/livingwaters-logo-18x8.png 18w\" sizes=\"auto, (max-width: 150px) 100vw, 150px\" \/><\/td><\/tr><\/tbody><\/table><\/figure>\n\n\n\n<p class=\"wp-block-paragraph\"><\/p>\n\n\n\n<p class=\"wp-block-paragraph\"><\/p>\n\n\n\n<div id=\"wp-block-themeisle-blocks-advanced-columns-b4ffc801\" class=\"wp-block-themeisle-blocks-advanced-columns alignfull has-1-columns has-desktop-equal-layout has-tablet-equal-layout has-mobile-collapsedRows-layout has-reverse-columns-mobile has-vertical-bottom ticss-c00aadba has-light-bg\"><div class=\"wp-block-themeisle-blocks-advanced-columns-overlay\"><\/div><div class=\"innerblocks-wrap\">\n<div id=\"wp-block-themeisle-blocks-advanced-column-34bea031\" class=\"wp-block-themeisle-blocks-advanced-column\">\n<p class=\"has-text-align-center has-base-2-color has-text-color has-link-color wp-elements-f9458cbf9b8e393af83a457525012315 wp-block-paragraph\"><strong>LE CCEA A REMPLAC\u00c9 LE PROGRAMME GED AU CANADA<\/strong><\/p>\n\n\n\n<p class=\"has-text-align-center has-base-2-color has-text-color has-link-color wp-elements-1ee4458094e1c07130081dc6d3ba2c89 wp-block-paragraph\" style=\"font-size:clamp(0.875rem, 0.875rem + ((1vw - 0.2rem) * 0.042), 0.9rem);\">Le certificat canadien d'\u00e9ducation des adultes (CCEA)a remplac\u00e9 le programme GED en tant qu'\u00e9quivalence d'\u00e9tudes secondaires. <br><strong>Plus d'informations : <\/strong> <a href=\"https:\/\/www.alberta.ca\/canadian-adult-education-credential\" data-type=\"link\" data-id=\"https:\/\/www.alberta.ca\/canadian-adult-education-credential\" target=\"_blank\" rel=\"noreferrer noopener\">CCEA Canada<\/a>  |  <a href=\"https:\/\/www2.gnb.ca\/content\/gnb\/en\/services\/services_renderer.201580.Canadian_Adult_Education_Credential_(CAEC).html\" target=\"_blank\" rel=\"noreferrer noopener\">CCEA Nouveau-Brunswick<\/a>  |  <a href=\"https:\/\/education-se.ca\/fr\/caec-testing\/\" data-type=\"page\" data-id=\"57\">Examens du CCEA<\/a><\/p>\n<\/div>\n<\/div><\/div>","protected":false},"excerpt":{"rendered":"<p>OUR PARTNERS CCNB Dieppeccnb.ca Highfield Baptist Churchhighfieldbaptist.org NBCC Monctonnbcc.ca NB Social Housing Saint Andrews Presbyterian Churchstandrewsmoncton.com Southeast Regional Correctional Centre Town of Sackvillesackville.com Vestiare St-Josephvestiarestjoseph.com Village de Cap-Pel\u00e9 Village of Salisburysalisburynb.ca Youth Impact Jeunesseyouthimpact.org YWCA Monctonywcamoncton.com Royal Canadian Legion &#8211; Sunny Brae Branch 54nb.legion.ca Scouts de Cap-Pel\u00e9Scouts de Cap-Pel\u00e9 on FaceBook Living Waters Church of [&hellip;]<\/p>\n","protected":false},"author":1,"featured_media":0,"parent":51,"menu_order":2,"comment_status":"closed","ping_status":"closed","template":"page-no-title","meta":{"_crdt_document":"","_themeisle_gutenberg_block_has_review":false,"footnotes":""},"class_list":["post-151","page","type-page","status-publish","hentry"],"_links":{"self":[{"href":"https:\/\/education-se.ca\/fr\/wp-json\/wp\/v2\/pages\/151","targetHints":{"allow":["GET"]}}],"collection":[{"href":"https:\/\/education-se.ca\/fr\/wp-json\/wp\/v2\/pages"}],"about":[{"href":"https:\/\/education-se.ca\/fr\/wp-json\/wp\/v2\/types\/page"}],"author":[{"embeddable":true,"href":"https:\/\/education-se.ca\/fr\/wp-json\/wp\/v2\/users\/1"}],"replies":[{"embeddable":true,"href":"https:\/\/education-se.ca\/fr\/wp-json\/wp\/v2\/comments?post=151"}],"version-history":[{"count":6,"href":"https:\/\/education-se.ca\/fr\/wp-json\/wp\/v2\/pages\/151\/revisions"}],"predecessor-version":[{"id":180,"href":"https:\/\/education-se.ca\/fr\/wp-json\/wp\/v2\/pages\/151\/revisions\/180"}],"up":[{"embeddable":true,"href":"https:\/\/education-se.ca\/fr\/wp-json\/wp\/v2\/pages\/51"}],"wp:attachment":[{"href":"https:\/\/education-se.ca\/fr\/wp-json\/wp\/v2\/media?parent=151"}],"curies":[{"name":"wp","href":"https:\/\/api.w.org\/{rel}","templated":true}]}}