{"id":149,"date":"2024-08-17T19:05:13","date_gmt":"2024-08-17T19:05:13","guid":{"rendered":"https:\/\/education-se.ca\/?page_id=149"},"modified":"2025-04-02T18:31:28","modified_gmt":"2025-04-02T18:31:28","slug":"board-of-directors","status":"publish","type":"page","link":"https:\/\/education-se.ca\/fr\/about-us\/board-of-directors\/","title":{"rendered":"Conseil d'administration"},"content":{"rendered":"<div id=\"wp-block-themeisle-blocks-advanced-columns-b4ffc801\" class=\"wp-block-themeisle-blocks-advanced-columns alignfull has-1-columns has-desktop-equal-layout has-tablet-equal-layout has-mobile-collapsedRows-layout has-reverse-columns-mobile has-vertical-bottom ticss-c00aadba has-light-bg\"><div class=\"wp-block-themeisle-blocks-advanced-columns-overlay\"><\/div><div class=\"innerblocks-wrap\">\n<div id=\"wp-block-themeisle-blocks-advanced-column-34bea031\" class=\"wp-block-themeisle-blocks-advanced-column\">\n<p class=\"has-text-align-center has-base-2-color has-text-color has-link-color wp-elements-f9458cbf9b8e393af83a457525012315 wp-block-paragraph\"><strong>LE CCEA A REMPLAC\u00c9 LE PROGRAMME GED AU CANADA<\/strong><\/p>\n\n\n\n<p class=\"has-text-align-center has-base-2-color has-text-color has-link-color wp-elements-1ee4458094e1c07130081dc6d3ba2c89 wp-block-paragraph\" style=\"font-size:clamp(0.875rem, 0.875rem + ((1vw - 0.2rem) * 0.042), 0.9rem);\">Le certificat canadien d'\u00e9ducation des adultes (CCEA)a remplac\u00e9 le programme GED en tant qu'\u00e9quivalence d'\u00e9tudes secondaires. <br><strong>Plus d'informations : <\/strong> <a href=\"https:\/\/www.alberta.ca\/canadian-adult-education-credential\" data-type=\"link\" data-id=\"https:\/\/www.alberta.ca\/canadian-adult-education-credential\" target=\"_blank\" rel=\"noreferrer noopener\">CCEA Canada<\/a>  |  <a href=\"https:\/\/www2.gnb.ca\/content\/gnb\/en\/services\/services_renderer.201580.Canadian_Adult_Education_Credential_(CAEC).html\" target=\"_blank\" rel=\"noreferrer noopener\">CCEA Nouveau-Brunswick<\/a>  |  <a href=\"https:\/\/education-se.ca\/fr\/caec-testing\/\" data-type=\"page\" data-id=\"57\">Examens du CCEA<\/a><\/p>\n<\/div>\n<\/div><\/div>\n\n\n\n<h2 class=\"wp-block-heading has-custom-teal-color has-text-color has-link-color wp-elements-18bb3098dbc84713145a9d138721375c\"><strong>Conseil d'administration<\/strong><\/h2>\n\n\n\n<p class=\"wp-block-paragraph\">\u00c9ducation des adultes du Sud-Est compte de 10 \u00e0 20 membres votants repr\u00e9sentant la zone g\u00e9ographique et la population desservie. Le conseil d'administration supervise la gestion des services fournis aux apprenants et assume la responsabilit\u00e9 financi\u00e8re des fonds re\u00e7us. Il se r\u00e9unit 4 \u00e0 5 fois par an et tient une assembl\u00e9e g\u00e9n\u00e9rale annuelle en septembre. Le conseil travaille avec le consultant r\u00e9gional pour l'apprentissage des adultes de TravailNB pour mener \u00e0 bien son mandat. L'ex\u00e9cutif du conseil est responsable des op\u00e9rations quotidiennes du conseil et supervise les directeurs des op\u00e9rations. Le comit\u00e9 ex\u00e9cutif se r\u00e9unit tous les mois ou plus souvent si n\u00e9cessaire. Il existe six comit\u00e9s permanents : Finances, Politique des ressources humaines, Communication\/Marketing, Sant\u00e9 et s\u00e9curit\u00e9, Installations et Nominations. Les membres du conseil d'administration sont invit\u00e9s \u00e0 participer \u00e0 un comit\u00e9.<\/p>\n\n\n\n<p class=\"wp-block-paragraph\"><\/p>\n\n\n\n<h4 class=\"wp-block-heading has-custom-color-1-color has-text-color has-link-color wp-elements-f4423d7b82b1c14dd7d49311279766e1\"><strong>\u00c9ducation des adultes du Sud-Est - 2024-2025<\/strong><\/h4>\n\n\n\n<p class=\"wp-block-paragraph\"><strong>MEMBRES EX\u00c9CUTIFS<\/strong><\/p>\n\n\n\n<ul class=\"wp-block-list\">\n<li>John Read (<em>Pr\u00e9sident<\/em>)<\/li>\n\n\n\n<li>Vacant (<em>Vice-pr\u00e9sident<\/em>)<\/li>\n\n\n\n<li>Denise Bourgeois-Gallant (<em>Tr\u00e9sorier<\/em>)<\/li>\n\n\n\n<li>Colleen Murphy (<em>Secr\u00e9taire<\/em>)<\/li>\n\n\n\n<li>Harry Doyle (<em>Membre \u00e0 titre personnel<\/em>)<\/li>\n<\/ul>\n\n\n\n<p class=\"wp-block-paragraph\"><strong>MEMBRES DU CONSEIL D'ADMINISTRATION<\/strong><\/p>\n\n\n\n<ul class=\"wp-block-list\">\n<li>Amanda Fielding<\/li>\n\n\n\n<li>Anne Spinney<\/li>\n\n\n\n<li>Brenda Lewis<\/li>\n\n\n\n<li>Catherine Black<\/li>\n\n\n\n<li>Connie Melanson-Savoy<\/li>\n\n\n\n<li>Helene Robb<\/li>\n\n\n\n<li>Irina Raduly<\/li>\n\n\n\n<li>Kathy DeWitt<\/li>\n\n\n\n<li>Ketal Raval<\/li>\n\n\n\n<li>Marisa Piccini<\/li>\n\n\n\n<li>Stephanie Richard<\/li>\n<\/ul>\n\n\n\n<p class=\"wp-block-paragraph\"><strong>MEMBRES D'OFFICE (NON-VOTANTS)<\/strong><\/p>\n\n\n\n<ul class=\"wp-block-list\">\n<li>Tammy Leblanc (<em>Directrice ; Travail NB<\/em>)<\/li>\n\n\n\n<li>Stephanie Arsenault (<em>Coordinatrice des services r\u00e9gionaux ; D\u00e9veloppement Social<\/em>)<\/li>\n\n\n\n<li>Jill Durepos (<em>Consultant r\u00e9gional pour la formation des adultes ; DPETL<\/em>)<\/li>\n\n\n\n<li>Maryse L\u00e9ger (<em>Directrice des op\u00e9rations, SEAE-\u00c9ASE<\/em>)<\/li>\n\n\n\n<li>Carey Beers (<em>Directrice adjointe des op\u00e9rations ; SEAE-\u00c9ASE<\/em>)<\/li>\n<\/ul>\n\n\n\n<p class=\"wp-block-paragraph\"><\/p>\n\n\n\n<div id=\"wp-block-themeisle-blocks-advanced-columns-b4ffc801\" class=\"wp-block-themeisle-blocks-advanced-columns alignfull has-1-columns has-desktop-equal-layout has-tablet-equal-layout has-mobile-collapsedRows-layout has-reverse-columns-mobile has-vertical-bottom ticss-c00aadba has-light-bg\"><div class=\"wp-block-themeisle-blocks-advanced-columns-overlay\"><\/div><div class=\"innerblocks-wrap\">\n<div id=\"wp-block-themeisle-blocks-advanced-column-34bea031\" class=\"wp-block-themeisle-blocks-advanced-column\">\n<p class=\"has-text-align-center has-base-2-color has-text-color has-link-color wp-elements-f9458cbf9b8e393af83a457525012315 wp-block-paragraph\"><strong>LE CCEA A REMPLAC\u00c9 LE PROGRAMME GED AU CANADA<\/strong><\/p>\n\n\n\n<p class=\"has-text-align-center has-base-2-color has-text-color has-link-color wp-elements-1ee4458094e1c07130081dc6d3ba2c89 wp-block-paragraph\" style=\"font-size:clamp(0.875rem, 0.875rem + ((1vw - 0.2rem) * 0.042), 0.9rem);\">Le certificat canadien d'\u00e9ducation des adultes (CCEA)a remplac\u00e9 le programme GED en tant qu'\u00e9quivalence d'\u00e9tudes secondaires. <br><strong>Plus d'informations : <\/strong> <a href=\"https:\/\/www.alberta.ca\/canadian-adult-education-credential\" data-type=\"link\" data-id=\"https:\/\/www.alberta.ca\/canadian-adult-education-credential\" target=\"_blank\" rel=\"noreferrer noopener\">CCEA Canada<\/a>  |  <a href=\"https:\/\/www2.gnb.ca\/content\/gnb\/en\/services\/services_renderer.201580.Canadian_Adult_Education_Credential_(CAEC).html\" target=\"_blank\" rel=\"noreferrer noopener\">CCEA Nouveau-Brunswick<\/a>  |  <a href=\"https:\/\/education-se.ca\/fr\/caec-testing\/\" data-type=\"page\" data-id=\"57\">Examens du CCEA<\/a><\/p>\n<\/div>\n<\/div><\/div>","protected":false},"excerpt":{"rendered":"<p>Board of Directors South East Adult Education \u2013 \u00c9ducation des adultes du Sud-Est (SEAE-\u00c9ASE) has from 10 to 20 voting members representing the geographical area and the population that is served. The board oversees the management of the services provided to the students and has financial responsibility for the funding received. The board meets 4 [&hellip;]<\/p>\n","protected":false},"author":1,"featured_media":0,"parent":51,"menu_order":1,"comment_status":"closed","ping_status":"closed","template":"page-no-title","meta":{"_crdt_document":"","_themeisle_gutenberg_block_has_review":false,"footnotes":""},"class_list":["post-149","page","type-page","status-publish","hentry"],"_links":{"self":[{"href":"https:\/\/education-se.ca\/fr\/wp-json\/wp\/v2\/pages\/149","targetHints":{"allow":["GET"]}}],"collection":[{"href":"https:\/\/education-se.ca\/fr\/wp-json\/wp\/v2\/pages"}],"about":[{"href":"https:\/\/education-se.ca\/fr\/wp-json\/wp\/v2\/types\/page"}],"author":[{"embeddable":true,"href":"https:\/\/education-se.ca\/fr\/wp-json\/wp\/v2\/users\/1"}],"replies":[{"embeddable":true,"href":"https:\/\/education-se.ca\/fr\/wp-json\/wp\/v2\/comments?post=149"}],"version-history":[{"count":6,"href":"https:\/\/education-se.ca\/fr\/wp-json\/wp\/v2\/pages\/149\/revisions"}],"predecessor-version":[{"id":381,"href":"https:\/\/education-se.ca\/fr\/wp-json\/wp\/v2\/pages\/149\/revisions\/381"}],"up":[{"embeddable":true,"href":"https:\/\/education-se.ca\/fr\/wp-json\/wp\/v2\/pages\/51"}],"wp:attachment":[{"href":"https:\/\/education-se.ca\/fr\/wp-json\/wp\/v2\/media?parent=149"}],"curies":[{"name":"wp","href":"https:\/\/api.w.org\/{rel}","templated":true}]}}